{"id":56317,"date":"2021-08-12T07:45:47","date_gmt":"2021-08-12T07:45:47","guid":{"rendered":"https:\/\/primomoto.es\/politica-de-cookies-2\/"},"modified":"2021-11-02T10:13:14","modified_gmt":"2021-11-02T10:13:14","slug":"politica-de-cookies-2","status":"publish","type":"page","link":"https:\/\/primomoto.es\/pt-pt\/politica-de-cookies-2\/","title":{"rendered":"Pol\u00edtica de Cookies"},"content":{"rendered":"<section class=\"wpb-content-wrapper\"><p>[vc_row full_width=&#8221;stretch_row_content&#8221; css=&#8221;.vc_custom_1528807600310{margin-bottom: 5vh !important;}&#8221;][vc_column woodmart_text_align=&#8221;center&#8221; offset=&#8221;vc_col-lg-offset-3 vc_col-lg-6 vc_col-md-6&#8243; css=&#8221;.vc_custom_1528808528297{margin-bottom: 4vh !important;}&#8221;]\t\t\t<div id=\"wd-5f450d3435049\" class=\"wd-text-block-wrapper wd-wpb wd-rs-5f450d3435049 color-scheme-dark text-center wd-off-anim wpb_animate_when_almost_visible wpb_wd-zoom-in wd-zoom-in wd-anim-name_wd-zoom-in wd-width-enabled vc_custom_1598360906237\" style=\"--wd-max-width: 90%;\">\n\t\t\t\t<div class=\"woodmart-title-container woodmart-text-block reset-last-child font-primary wd-font-weight-600 wd-fontsize-xxxl\">\n\t\t\t\t\t<b>O QUE \u00c9 UM COOKIE<\/b><\/p>\n<div id=\"gtx-trans\">\n<div class=\"gtx-trans-icon\"><\/div>\n<\/div>\n<p>\t\t\t\t<\/div>\n\n\t\t\t\t\t\t\t<\/div>\n\t\t\t\t\t<div id=\"wd-611a43e2038e9\" class=\"wd-text-block-wrapper wd-wpb wd-rs-611a43e2038e9 color-scheme- text-center wd-off-anim wpb_animate_when_almost_visible wpb_wd-zoom-in wd-zoom-in wd-anim-name_wd-zoom-in wd-width-enabled vc_custom_1629111274811\" style=\"--wd-max-width: 90%;\">\n\t\t\t\t<div class=\"woodmart-title-container woodmart-text-block reset-last-child font-text wd-font-weight-400 \">\n\t\t\t\t\t<\/p>\n<p style=\"font-weight: 400;\"><span style=\"color: #000000;\">Um cookie \u00e9 um arquivo que \u00e9 baixado para o seu computador ao acessar certas p\u00e1ginas da web ou blogs.<\/span><\/p>\n<p style=\"font-weight: 400;\"><span style=\"color: #000000;\">Os cookies permitem a esta p\u00e1gina, entre outras coisas, armazenar e recuperar informa\u00e7\u00f5es sobre os seus h\u00e1bitos de navega\u00e7\u00e3o ou o seu equipamento e, dependendo das informa\u00e7\u00f5es que cont\u00eam e da forma como utiliza o seu equipamento, podem ser utilizados para o reconhecer.<\/span><\/p>\n<p style=\"font-weight: 400;\"><span style=\"color: #000000;\">O navegador do usu\u00e1rio memoriza os cookies no disco r\u00edgido apenas durante a sess\u00e3o atual, ocupando um m\u00ednimo de espa\u00e7o na mem\u00f3ria e n\u00e3o prejudicando o computador. Os cookies n\u00e3o cont\u00eam nenhum tipo de informa\u00e7\u00e3o pessoal espec\u00edfica e a maioria deles \u00e9 apagada do disco r\u00edgido ao final da sess\u00e3o do navegador (os chamados cookies de sess\u00e3o).<\/span><\/p>\n<p style=\"font-weight: 400;\"><span style=\"color: #000000;\">A maioria dos navegadores aceita cookies como padr\u00e3o e, independentemente deles, permite ou impede cookies tempor\u00e1rios ou memorizados nas configura\u00e7\u00f5es de seguran\u00e7a.<\/span><\/p>\n<p style=\"font-weight: 400;\"><span style=\"color: #000000;\">Os cookies s\u00e3o associados ao navegador, n\u00e3o \u00e0 pessoa, portanto, geralmente n\u00e3o armazenam informa\u00e7\u00f5es confidenciais sobre voc\u00ea, como cart\u00f5es de cr\u00e9dito ou dados banc\u00e1rios, fotografias ou informa\u00e7\u00f5es pessoais, etc. Os dados que eles mant\u00eam s\u00e3o t\u00e9cnicos, estat\u00edsticos, prefer\u00eancias pessoais, personaliza\u00e7\u00e3o de conte\u00fado, etc.<\/span><\/p>\n<p>\t\t\t\t<\/div>\n\n\t\t\t\t\t\t\t<\/div>\n\t\t[vc_empty_space height=&#8221;5vh&#8221; woodmart_hide_large=&#8221;1&#8243; woodmart_hide_medium=&#8221;1&#8243;][\/vc_column][\/vc_row][vc_row full_width=&#8221;stretch_row_content&#8221; css=&#8221;.vc_custom_1528807600310{margin-bottom: 5vh !important;}&#8221;][vc_column woodmart_text_align=&#8221;center&#8221; offset=&#8221;vc_col-lg-offset-3 vc_col-lg-6 vc_col-md-6&#8243; css=&#8221;.vc_custom_1528808528297{margin-bottom: 4vh !important;}&#8221;]\t\t\t<div id=\"wd-5f45120539072\" class=\"wd-text-block-wrapper wd-wpb wd-rs-5f45120539072 color-scheme-custom text-center wd-off-anim wpb_animate_when_almost_visible wpb_wd-zoom-in wd-zoom-in wd-anim-name_wd-zoom-in \">\n\t\t\t\t<div class=\"woodmart-title-container woodmart-text-block reset-last-child font-text wd-font-weight- wd-fontsize-m\">\n\t\t\t\t\t<b>Que tipos de cookies este site usa?<\/b><\/p>\n<div id=\"gtx-trans\">\n<div class=\"gtx-trans-icon\"><\/div>\n<\/div>\n<p>\t\t\t\t<\/div>\n\n\t\t\t\t\t\t\t<\/div>\n\t\t\t\t\t<div id=\"wd-5f45120f11953\" class=\"wd-text-block-wrapper wd-wpb wd-rs-5f45120f11953 color-scheme-dark text-center wd-off-anim wpb_animate_when_almost_visible wpb_wd-zoom-in wd-zoom-in wd-anim-name_wd-zoom-in wd-width-enabled \" style=\"--wd-max-width: 90%;\">\n\t\t\t\t<div class=\"woodmart-title-container woodmart-text-block reset-last-child font-primary wd-font-weight-600 wd-fontsize-xxxl\">\n\t\t\t\t\t<b>TIPOS DE COOKIES<\/b><\/p>\n<div id=\"gtx-trans\">\n<div class=\"gtx-trans-icon\"><\/div>\n<\/div>\n<p>\t\t\t\t<\/div>\n\n\t\t\t\t\t\t\t<\/div>\n\t\t[\/vc_column][\/vc_row][vc_row full_width=&#8221;stretch_row_content&#8221; content_placement=&#8221;middle&#8221; woodmart_disable_overflow=&#8221;1&#8243; el_class=&#8221;z-index-10&#8243; mobile_bg_img_hidden=&#8221;no&#8221; tablet_bg_img_hidden=&#8221;no&#8221; woodmart_parallax=&#8221;0&#8243; woodmart_gradient_switch=&#8221;no&#8221; row_reverse_mobile=&#8221;0&#8243; row_reverse_tablet=&#8221;0&#8243; css=&#8221;.vc_custom_1598362564814{padding-right: 15% !important;padding-bottom: 5vh !important;padding-left: 15% !important;}&#8221;][vc_column width=&#8221;1\/2&#8243; offset=&#8221;vc_col-lg-6 vc_col-md-6&#8243; mobile_bg_img_hidden=&#8221;no&#8221; tablet_bg_img_hidden=&#8221;no&#8221; woodmart_parallax=&#8221;0&#8243; woodmart_sticky_column=&#8221;false&#8221; parallax_scroll=&#8221;no&#8221; mobile_reset_margin=&#8221;no&#8221; tablet_reset_margin=&#8221;no&#8221;]\t\t\t<div id=\"wd-5f4516b0ce092\" class=\"wd-text-block-wrapper wd-wpb wd-rs-5f4516b0ce092 color-scheme-dark text-left wd-off-anim wpb_animate_when_almost_visible wpb_wd-slide-from-right wd-slide-from-right wd-anim-name_wd-slide-from-right wd-width-enabled \" style=\"--wd-max-width: 90%;\">\n\t\t\t\t<div class=\"woodmart-title-container woodmart-text-block reset-last-child font-primary wd-font-weight-600 wd-fontsize-xxxl\">\n\t\t\t\t\t<b>Cookies t\u00e9cnicos<\/b><\/p>\n<p>\t\t\t\t<\/div>\n\n\t\t\t\t\t\t\t<\/div>\n\t\t\t\t\t<div id=\"wd-611a43f16cdc9\" class=\"wd-text-block-wrapper wd-wpb wd-rs-611a43f16cdc9 color-scheme- text-left wd-off-anim wpb_animate_when_almost_visible wpb_wd-slide-from-left wd-slide-from-left wd-anim-name_wd-slide-from-left wd-width-enabled \" style=\"--wd-max-width: 90%;\">\n\t\t\t\t<div class=\"woodmart-title-container woodmart-text-block reset-last-child font-text wd-font-weight-400 \">\n\t\t\t\t\t<span style=\"color: #000000;\">S\u00e3o aqueles que permitem ao usu\u00e1rio navegar por uma p\u00e1gina web, plataforma ou aplicativo e utilizar as diferentes op\u00e7\u00f5es ou servi\u00e7os nela existentes, como, por exemplo, controlar o tr\u00e1fego e a comunica\u00e7\u00e3o de dados, identificar a sess\u00e3o, acessar partes de acesso restrito , lembrar os elementos que comp\u00f5em um pedido, realizar o processo de compra de um pedido, fazer a solicita\u00e7\u00e3o de inscri\u00e7\u00e3o ou participa\u00e7\u00e3o em um evento, utilizar elementos de seguran\u00e7a durante a navega\u00e7\u00e3o, armazenar conte\u00fado para divulga\u00e7\u00e3o de v\u00eddeos ou som ou compartilhar conte\u00fado nas redes sociais .<\/span>\t\t\t\t<\/div>\n\n\t\t\t\t\t\t\t<\/div>\n\t\t[\/vc_column][vc_column width=&#8221;1\/2&#8243; mobile_bg_img_hidden=&#8221;no&#8221; tablet_bg_img_hidden=&#8221;no&#8221; woodmart_parallax=&#8221;0&#8243; woodmart_sticky_column=&#8221;false&#8221; parallax_scroll=&#8221;no&#8221; mobile_reset_margin=&#8221;no&#8221; tablet_reset_margin=&#8221;no&#8221;]\t\t\t<div id=\"wd-5f451aef45cdb\" class=\"wd-text-block-wrapper wd-wpb wd-rs-5f451aef45cdb color-scheme-dark text-left wd-off-anim wpb_animate_when_almost_visible wpb_wd-slide-from-right wd-slide-from-right wd-anim-name_wd-slide-from-right wd-width-enabled \" style=\"--wd-max-width: 90%;\">\n\t\t\t\t<div class=\"woodmart-title-container woodmart-text-block reset-last-child font-primary wd-font-weight-600 wd-fontsize-xxxl\">\n\t\t\t\t\t<b>Cookies de personaliza\u00e7\u00e3o<\/b>\t\t\t\t<\/div>\n\n\t\t\t\t\t\t\t<\/div>\n\t\t\t\t\t<div id=\"wd-611a43f9cc7ef\" class=\"wd-text-block-wrapper wd-wpb wd-rs-611a43f9cc7ef color-scheme- text-left wd-off-anim wpb_animate_when_almost_visible wpb_wd-slide-from-right wd-slide-from-right wd-anim-name_wd-slide-from-right wd-width-enabled \" style=\"--wd-max-width: 90%;\">\n\t\t\t\t<div class=\"woodmart-title-container woodmart-text-block reset-last-child font-text wd-font-weight-400 \">\n\t\t\t\t\t<span style=\"color: #000000;\">S\u00e3o aqueles que permitem ao usu\u00e1rio navegar por uma p\u00e1gina web, plataforma ou aplicativo e utilizar as diferentes op\u00e7\u00f5es ou servi\u00e7os nela existentes, como, por exemplo, controlar o tr\u00e1fego e a comunica\u00e7\u00e3o de dados, identificar a sess\u00e3o, acessar partes de acesso restrito , lembrar os elementos que comp\u00f5em um pedido, realizar o processo de compra de um pedido, fazer a solicita\u00e7\u00e3o de inscri\u00e7\u00e3o ou participa\u00e7\u00e3o em um evento, utilizar elementos de seguran\u00e7a durante a navega\u00e7\u00e3o, armazenar conte\u00fado para divulga\u00e7\u00e3o de v\u00eddeos ou som ou compartilhar conte\u00fado nas redes sociais .<\/span>\t\t\t\t<\/div>\n\n\t\t\t\t\t\t\t<\/div>\n\t\t[\/vc_column][\/vc_row][vc_row full_width=&#8221;stretch_row_content&#8221; content_placement=&#8221;middle&#8221; woodmart_disable_overflow=&#8221;1&#8243; el_class=&#8221;z-index-10&#8243; mobile_bg_img_hidden=&#8221;no&#8221; tablet_bg_img_hidden=&#8221;no&#8221; woodmart_parallax=&#8221;0&#8243; woodmart_gradient_switch=&#8221;no&#8221; row_reverse_mobile=&#8221;0&#8243; row_reverse_tablet=&#8221;0&#8243; css=&#8221;.vc_custom_1598362564814{padding-right: 15% !important;padding-bottom: 5vh !important;padding-left: 15% !important;}&#8221;][vc_column width=&#8221;1\/2&#8243; offset=&#8221;vc_col-lg-6 vc_col-md-6&#8243; mobile_bg_img_hidden=&#8221;no&#8221; tablet_bg_img_hidden=&#8221;no&#8221; woodmart_parallax=&#8221;0&#8243; woodmart_sticky_column=&#8221;false&#8221; parallax_scroll=&#8221;no&#8221; mobile_reset_margin=&#8221;no&#8221; tablet_reset_margin=&#8221;no&#8221;]\t\t\t<div id=\"wd-5f451a6e6598c\" class=\"wd-text-block-wrapper wd-wpb wd-rs-5f451a6e6598c color-scheme-dark text-left wd-off-anim wpb_animate_when_almost_visible wpb_wd-slide-from-left wd-slide-from-left wd-anim-name_wd-slide-from-left wd-width-enabled \" style=\"--wd-max-width: 90%;\">\n\t\t\t\t<div class=\"woodmart-title-container woodmart-text-block reset-last-child font-primary wd-font-weight-600 wd-fontsize-xxxl\">\n\t\t\t\t\t<b>Cookies de an\u00e1lise<\/b>\t\t\t\t<\/div>\n\n\t\t\t\t\t\t\t<\/div>\n\t\t\t\t\t<div id=\"wd-611a44030fa62\" class=\"wd-text-block-wrapper wd-wpb wd-rs-611a44030fa62 color-scheme- text-left wd-off-anim wpb_animate_when_almost_visible wpb_wd-slide-from-left wd-slide-from-left wd-anim-name_wd-slide-from-left wd-width-enabled \" style=\"--wd-max-width: 90%;\">\n\t\t\t\t<div class=\"woodmart-title-container woodmart-text-block reset-last-child font-text wd-font-weight-400 \">\n\t\t\t\t\t<span style=\"color: #000000;\">S\u00e3o aqueles que permitem ao usu\u00e1rio navegar por uma p\u00e1gina web, plataforma ou aplicativo e utilizar as diferentes op\u00e7\u00f5es ou servi\u00e7os nela existentes, como, por exemplo, controlar o tr\u00e1fego e a comunica\u00e7\u00e3o de dados, identificar a sess\u00e3o, acessar partes de acesso restrito , lembrar os elementos que comp\u00f5em um pedido, realizar o processo de compra de um pedido, fazer a solicita\u00e7\u00e3o de inscri\u00e7\u00e3o ou participa\u00e7\u00e3o em um evento, utilizar elementos de seguran\u00e7a durante a navega\u00e7\u00e3o, armazenar conte\u00fado para divulga\u00e7\u00e3o de v\u00eddeos ou som ou compartilhar conte\u00fado nas redes sociais .<\/span>\t\t\t\t<\/div>\n\n\t\t\t\t\t\t\t<\/div>\n\t\t[\/vc_column][vc_column width=&#8221;1\/2&#8243; mobile_bg_img_hidden=&#8221;no&#8221; tablet_bg_img_hidden=&#8221;no&#8221; woodmart_parallax=&#8221;0&#8243; woodmart_sticky_column=&#8221;false&#8221; parallax_scroll=&#8221;no&#8221; mobile_reset_margin=&#8221;no&#8221; tablet_reset_margin=&#8221;no&#8221;]\t\t\t<div id=\"wd-5f451a844e327\" class=\"wd-text-block-wrapper wd-wpb wd-rs-5f451a844e327 color-scheme-dark text-left wd-off-anim wpb_animate_when_almost_visible wpb_wd-slide-from-right wd-slide-from-right wd-anim-name_wd-slide-from-right wd-width-enabled \" style=\"--wd-max-width: 90%;\">\n\t\t\t\t<div class=\"woodmart-title-container woodmart-text-block reset-last-child font-primary wd-font-weight-600 wd-fontsize-xxxl\">\n\t\t\t\t\t<b>Cookies de publicidade<\/b>\t\t\t\t<\/div>\n\n\t\t\t\t\t\t\t<\/div>\n\t\t\t\t\t<div id=\"wd-611a440dc83ec\" class=\"wd-text-block-wrapper wd-wpb wd-rs-611a440dc83ec color-scheme- text-left wd-off-anim wpb_animate_when_almost_visible wpb_wd-slide-from-right wd-slide-from-right wd-anim-name_wd-slide-from-right wd-width-enabled \" style=\"--wd-max-width: 90%;\">\n\t\t\t\t<div class=\"woodmart-title-container woodmart-text-block reset-last-child font-text wd-font-weight-400 \">\n\t\t\t\t\t<span style=\"color: #000000;\">S\u00e3o aqueles que permitem ao usu\u00e1rio navegar por uma p\u00e1gina web, plataforma ou aplicativo e utilizar as diferentes op\u00e7\u00f5es ou servi\u00e7os nela existentes, como, por exemplo, controlar o tr\u00e1fego e a comunica\u00e7\u00e3o de dados, identificar a sess\u00e3o, acessar partes de acesso restrito , lembrar os elementos que comp\u00f5em um pedido, realizar o processo de compra de um pedido, fazer a solicita\u00e7\u00e3o de inscri\u00e7\u00e3o ou participa\u00e7\u00e3o em um evento, utilizar elementos de seguran\u00e7a durante a navega\u00e7\u00e3o, armazenar conte\u00fado para divulga\u00e7\u00e3o de v\u00eddeos ou som ou compartilhar conte\u00fado nas redes sociais .<\/span>\t\t\t\t<\/div>\n\n\t\t\t\t\t\t\t<\/div>\n\t\t[\/vc_column][\/vc_row][vc_row full_width=&#8221;stretch_row_content&#8221; mobile_bg_img_hidden=&#8221;no&#8221; tablet_bg_img_hidden=&#8221;no&#8221; woodmart_parallax=&#8221;0&#8243; woodmart_gradient_switch=&#8221;no&#8221; row_reverse_mobile=&#8221;0&#8243; row_reverse_tablet=&#8221;0&#8243; woodmart_disable_overflow=&#8221;0&#8243;][vc_column woodmart_text_align=&#8221;center&#8221; offset=&#8221;vc_col-lg-offset-3 vc_col-lg-6 vc_col-md-6&#8243; css=&#8221;.vc_custom_1528808528297{margin-bottom: 4vh !important;}&#8221;]\t\t\t<div id=\"wd-5f451e462dfe7\" class=\"wd-text-block-wrapper wd-wpb wd-rs-5f451e462dfe7 color-scheme-dark text-center wd-off-anim wpb_animate_when_almost_visible wpb_zoomIn zoomIn wd-anim-name_zoomIn wd-width-enabled vc_custom_1598365259944\" style=\"--wd-max-width: 90%;\">\n\t\t\t\t<div class=\"woodmart-title-container woodmart-text-block reset-last-child font-primary wd-font-weight-600 wd-fontsize-xxxl\">\n\t\t\t\t\t<b>Armazenar cookies<\/b>\t\t\t\t<\/div>\n\n\t\t\t\t\t\t\t<\/div>\n\t\t\t\t\t<div id=\"wd-5f451e3d339f7\" class=\"wd-text-block-wrapper wd-wpb wd-rs-5f451e3d339f7 color-scheme-custom text-center wd-off-anim wpb_animate_when_almost_visible wpb_zoomIn zoomIn wd-anim-name_zoomIn \">\n\t\t\t\t<div class=\"woodmart-title-container woodmart-text-block reset-last-child font-text wd-font-weight- wd-fontsize-m\">\n\t\t\t\t\t<b>GERENCIAR E REJEITAR O USO DE COOKIES<\/b>\t\t\t\t<\/div>\n\n\t\t\t\t\t\t\t<\/div>\n\t\t\t\t\t<div id=\"wd-611a4416e956a\" class=\"wd-text-block-wrapper wd-wpb wd-rs-611a4416e956a color-scheme- text-center wd-off-anim wpb_animate_when_almost_visible wpb_zoomIn zoomIn wd-anim-name_zoomIn wd-width-enabled \" style=\"--wd-max-width: 90%;\">\n\t\t\t\t<div class=\"woodmart-title-container woodmart-text-block reset-last-child font-text wd-font-weight-400 \">\n\t\t\t\t\t<\/p>\n<p style=\"font-weight: 400;\"><span style=\"color: #000000;\">A qualquer momento, voc\u00ea pode adaptar as configura\u00e7\u00f5es do navegador para gerenciar, dispensar o uso de cookies e ser notificado antes de serem baixados.<\/span><\/p>\n<p style=\"font-weight: 400;\"><span style=\"color: #000000;\">Voc\u00ea tamb\u00e9m pode adaptar as configura\u00e7\u00f5es para que o navegador rejeite todos os cookies ou apenas cookies de terceiros. E voc\u00ea tamb\u00e9m pode excluir qualquer um dos cookies que j\u00e1 est\u00e3o no seu computador.<\/span><\/p>\n<p style=\"font-weight: 400;\"><span style=\"color: #000000;\"><b><strong>Google Chrome<\/strong><\/b> https:\/\/support.google.com\/chrome\/answer\/95647?hl=en-419<\/span><\/p>\n<p style=\"font-weight: 400;\"><span style=\"color: #000000;\"><b><strong>Internet Explorer<\/strong><\/b> https:\/\/support.microsoft.com\/es-es\/help\/17442\/windows-internet-explorer-delete-manage-cookies#ie=ie-10<\/span><\/p>\n<p style=\"font-weight: 400;\"><span style=\"color: #000000;\"><b><strong>Mozilla Firefox<\/strong><\/b> https:\/\/support.mozilla.org\/es\/kb\/habilitar-y-deshabilitar-cookies-sitios-web-rastrear-preferencias?redirectlocale=es&amp;redirectslug=habilitar-y-deshabilitar-cookies-que-los-sitios-we<\/span><\/p>\n<p style=\"font-weight: 400;\"><span style=\"color: #000000;\"><b><strong>Apple Safari<\/strong><\/b> https:\/\/support.apple.com\/es-es\/HT201265<\/span><\/p>\n<p style=\"font-weight: 400;\"><span style=\"color: #000000;\">Se voc\u00ea tiver alguma d\u00favida sobre esta Pol\u00edtica de Cookies, pode entrar em contato conosco enviando um e-mail<\/span><\/p>\n<p style=\"font-weight: 400;\"><span style=\"color: #000000;\">Para tal, deve ter em considera\u00e7\u00e3o que ter\u00e1 de adaptar separadamente a configura\u00e7\u00e3o de cada navegador e equipamento que utiliza, uma vez que, como j\u00e1 referimos, os cookies s\u00e3o associados ao navegador e n\u00e3o \u00e0 pessoa.<\/span><\/p>\n<p>\t\t\t\t<\/div>\n\n\t\t\t\t\t\t\t<\/div>\n\t\t[\/vc_column][\/vc_row]<\/p>\n<\/section>","protected":false},"excerpt":{"rendered":"<p>[vc_row full_width=&#8221;stretch_row_content&#8221; css=&#8221;.vc_custom_1528807600310{margin-bottom: 5vh !important;}&#8221;][vc_column woodmart_text_align=&#8221;center&#8221; offset=&#8221;vc_col-lg-offset-3 vc_col-lg-6 vc_col-md-6&#8243; css=&#8221;.vc_custom_1528808528297{margin-bottom: 4vh !important;}&#8221;][vc_empty_space height=&#8221;5vh&#8221; woodmart_hide_large=&#8221;1&#8243; woodmart_hide_medium=&#8221;1&#8243;][\/vc_column][\/vc_row][vc_row full_width=&#8221;stretch_row_content&#8221; css=&#8221;.vc_custom_1528807600310{margin-bottom: 5vh !important;}&#8221;][vc_column woodmart_text_align=&#8221;center&#8221;<\/p>\n","protected":false},"author":1,"featured_media":0,"parent":0,"menu_order":0,"comment_status":"closed","ping_status":"closed","template":"","meta":{"footnotes":""},"class_list":["post-56317","page","type-page","status-publish","hentry"],"_links":{"self":[{"href":"https:\/\/primomoto.es\/pt-pt\/wp-json\/wp\/v2\/pages\/56317","targetHints":{"allow":["GET"]}}],"collection":[{"href":"https:\/\/primomoto.es\/pt-pt\/wp-json\/wp\/v2\/pages"}],"about":[{"href":"https:\/\/primomoto.es\/pt-pt\/wp-json\/wp\/v2\/types\/page"}],"author":[{"embeddable":true,"href":"https:\/\/primomoto.es\/pt-pt\/wp-json\/wp\/v2\/users\/1"}],"replies":[{"embeddable":true,"href":"https:\/\/primomoto.es\/pt-pt\/wp-json\/wp\/v2\/comments?post=56317"}],"version-history":[{"count":0,"href":"https:\/\/primomoto.es\/pt-pt\/wp-json\/wp\/v2\/pages\/56317\/revisions"}],"wp:attachment":[{"href":"https:\/\/primomoto.es\/pt-pt\/wp-json\/wp\/v2\/media?parent=56317"}],"curies":[{"name":"wp","href":"https:\/\/api.w.org\/{rel}","templated":true}]}}