{"id":81303,"date":"2021-11-12T11:02:25","date_gmt":"2021-11-12T11:02:25","guid":{"rendered":"https:\/\/primomoto.es\/bela-x-race-1pc-tuta-in-pelle-bianca-nera-blu\/"},"modified":"2025-06-04T13:50:17","modified_gmt":"2025-06-04T13:50:17","slug":"bela-x-race-moto-tuta-da-corsa-in-pelle-1-pc-bianco-nero-blu","status":"publish","type":"product","link":"https:\/\/primomoto.es\/it\/bela-x-race-moto-tuta-da-corsa-in-pelle-1-pc-bianco-nero-blu\/","title":{"rendered":"Bela X-Race Tute moto Uomo intera Bianco\/Nero\/Blu"},"content":{"rendered":"<p><span style=\"color: #ff0000;\"><strong>Nota: gli ordini vengono spediti entro 10-15 giorni lavorativi dalla data di acquisto!!<\/strong><\/span><\/p>\n<h2><strong>Tute moto Pelle Uomo intera Bela X-Race\u00a0<\/strong><\/h2>\n<p>caratteristiche:<\/p>\n<ul>\n<li>Realizzata in pelle di vitello di prima qualit\u00e0 tinta in botte da 1,2-1,4 mm con una combinazione di pelle perforata e non perforata<\/li>\n<li>La gobba di velocit\u00e0 dell&#8217;aria con profilo racing con pannello superiore in pelle traforata \u00e8 combinata con una gobba di velocit\u00e0 incassata per una maggiore ventilazione<\/li>\n<li>Protezioni spalle, gomiti e ginocchia rimovibili e approvate CE possono essere regolate con chiusure in velcro<\/li>\n<li>Pannelli di espansione a fisarmonica su spalle, gomiti, vita e ginocchia per flessibilit\u00e0 e vestibilit\u00e0 performante<\/li>\n<li>Grandi pannelli senza cuciture nella parte inferiore e posteriore della coscia per massimizzare la resistenza all&#8217;abrasione<\/li>\n<li>Il pannello di espansione a fisarmonica lungo la parte superiore della tuta offre una maggiore flessibilit\u00e0 e offre un&#8217;ampia gamma di comfort per diverse dimensioni di paraschiena<\/li>\n<li>Pannelli elastici resistenti su braccia, cavallo e polpacci per un facile movimento<\/li>\n<li>L&#8217;armatura di protezione in TPU per spalle e gomiti su spalle e gomiti offre una protezione aggiuntiva<\/li>\n<li>Maniche tornite e gambe pre-curvate per una vestibilit\u00e0 perfetta in posizione di guida<\/li>\n<li>Il comodo polsino presenta un pannello elasticizzato in neoprene che pu\u00f2 ospitare polsi di diverse dimensioni ed \u00e8 morbido al tatto.<\/li>\n<li>Fodera in rete per traspirabilit\u00e0.<\/li>\n<li>Tripla cucitura con filo di nylon legato per impieghi gravosi<\/li>\n<li>Collo in morbido neoprene per un maggiore comfort.<\/li>\n<li>Tasca interna sul petto con cerniera<\/li>\n<li>I polsini sono dotati di cerniera a molla per eliminare lo sbattimento<\/li>\n<li>Cursori del ginocchio inclusi<\/li>\n<\/ul>\n","protected":false},"excerpt":{"rendered":"<p>Nota: gli ordini vengono spediti entro 10-15 giorni lavorativi dalla data di acquisto!! Tute moto Pelle Uomo intera Bela X-Race\u00a0<\/p>\n","protected":false},"featured_media":231784,"template":"","meta":[],"product_brand":[],"product_cat":[1012,1071,1067,1070],"product_tag":[1175,1151],"class_list":{"0":"post-81303","1":"product","2":"type-product","3":"status-publish","4":"has-post-thumbnail","6":"product_cat-abbigliamento-da-moto","7":"product_cat-tuta-intera-uomini","8":"product_cat-tute-da-moto","9":"product_cat-abiti-da-uomo","10":"product_tag-abito-da-uomo","11":"product_tag-tuta-in-pelle","12":"pa_size-48-3xl-it-2","13":"pa_size-50-m-it-2","14":"pa_size-52-l-it-2","15":"pa_size-54-xl-it-2","16":"pa_size-56-2xl-it-2","17":"pa_size-58-3xl-it-2","18":"pa_size-60-4xl-it","19":"pa_size-62-5xl-it","20":"pa_size-64-6xl-it","22":"first","23":"outofstock","24":"sale","25":"taxable","26":"shipping-taxable","27":"purchasable","28":"product-type-variable","29":"has-default-attributes"},"_links":{"self":[{"href":"https:\/\/primomoto.es\/it\/wp-json\/wp\/v2\/product\/81303","targetHints":{"allow":["GET"]}}],"collection":[{"href":"https:\/\/primomoto.es\/it\/wp-json\/wp\/v2\/product"}],"about":[{"href":"https:\/\/primomoto.es\/it\/wp-json\/wp\/v2\/types\/product"}],"wp:featuredmedia":[{"embeddable":true,"href":"https:\/\/primomoto.es\/it\/wp-json\/wp\/v2\/media\/231784"}],"wp:attachment":[{"href":"https:\/\/primomoto.es\/it\/wp-json\/wp\/v2\/media?parent=81303"}],"wp:term":[{"taxonomy":"product_brand","embeddable":true,"href":"https:\/\/primomoto.es\/it\/wp-json\/wp\/v2\/product_brand?post=81303"},{"taxonomy":"product_cat","embeddable":true,"href":"https:\/\/primomoto.es\/it\/wp-json\/wp\/v2\/product_cat?post=81303"},{"taxonomy":"product_tag","embeddable":true,"href":"https:\/\/primomoto.es\/it\/wp-json\/wp\/v2\/product_tag?post=81303"}],"curies":[{"name":"wp","href":"https:\/\/api.w.org\/{rel}","templated":true}]}}