{"id":48257,"date":"2021-06-28T10:36:01","date_gmt":"2021-06-28T10:36:01","guid":{"rendered":"https:\/\/primomoto.es\/bela-calvin-bottes-noir\/"},"modified":"2026-04-28T11:13:50","modified_gmt":"2026-04-28T11:13:50","slug":"bela-calvin-bottes-noir","status":"publish","type":"product","link":"https:\/\/primomoto.es\/it\/bela-calvin-bottes-noir\/","title":{"rendered":"Bela Calvin Bottes Noir"},"content":{"rendered":"<p>&nbsp;<\/p>\n<h2><strong>Bottes Bela Calvin<\/strong><\/h2>\n<p><strong>La description:<\/strong><\/p>\n<ul>\n<li>Cuir vintage<\/li>\n<li>Membrane imperm\u00e9able \u00e0 l&#8217;eau<\/li>\n<li>Fermetures \u00e9clair YKK<\/li>\n<li>Embout et talon en thermoplastique Techno GI\u00ae\ufe0f<\/li>\n<li>Double r\u00e9glage (dentelle et velcro)<\/li>\n<li>Semelles antid\u00e9rapantes<\/li>\n<\/ul>\n","protected":false},"excerpt":{"rendered":"<p>&nbsp; Bottes Bela Calvin La description: Cuir vintage Membrane imperm\u00e9able \u00e0 l&#8217;eau Fermetures \u00e9clair YKK Embout et talon en thermoplastique<\/p>\n","protected":false},"featured_media":301441,"template":"","meta":[],"product_brand":[],"product_cat":[230],"product_tag":[],"class_list":{"0":"post-48257","1":"product","2":"type-product","3":"status-publish","4":"has-post-thumbnail","6":"product_cat-ropa-de-moto","8":"first","9":"instock","10":"taxable","11":"shipping-taxable","12":"purchasable","13":"product-type-simple"},"_links":{"self":[{"href":"https:\/\/primomoto.es\/it\/wp-json\/wp\/v2\/product\/48257","targetHints":{"allow":["GET"]}}],"collection":[{"href":"https:\/\/primomoto.es\/it\/wp-json\/wp\/v2\/product"}],"about":[{"href":"https:\/\/primomoto.es\/it\/wp-json\/wp\/v2\/types\/product"}],"wp:featuredmedia":[{"embeddable":true,"href":"https:\/\/primomoto.es\/it\/wp-json\/wp\/v2\/media\/301441"}],"wp:attachment":[{"href":"https:\/\/primomoto.es\/it\/wp-json\/wp\/v2\/media?parent=48257"}],"wp:term":[{"taxonomy":"product_brand","embeddable":true,"href":"https:\/\/primomoto.es\/it\/wp-json\/wp\/v2\/product_brand?post=48257"},{"taxonomy":"product_cat","embeddable":true,"href":"https:\/\/primomoto.es\/it\/wp-json\/wp\/v2\/product_cat?post=48257"},{"taxonomy":"product_tag","embeddable":true,"href":"https:\/\/primomoto.es\/it\/wp-json\/wp\/v2\/product_tag?post=48257"}],"curies":[{"name":"wp","href":"https:\/\/api.w.org\/{rel}","templated":true}]}}