{"id":41322,"date":"2021-05-06T20:17:44","date_gmt":"2021-05-06T20:20:38","guid":{"rendered":"https:\/\/primomoto.es\/r-tech-timmy-lady-jeans-da-moto-grigio\/"},"modified":"2022-08-10T08:11:20","modified_gmt":"2022-08-10T08:11:20","slug":"r-tech-timmy-lady-jeans-pant-grigio","status":"publish","type":"product","link":"https:\/\/primomoto.es\/it\/r-tech-timmy-lady-jeans-pant-grigio\/","title":{"rendered":"R-Tech Timmy Signora Jeans Ansimare Grigio"},"content":{"rendered":"<h2><strong>Jeans da moto per donna &#8211; R-Tech Timmy Lady Jeans<\/strong><\/h2>\n<p><strong>INFORMAZIONI SUL PRODOTTO:<\/strong><\/p>\n<p>Los vaqueros de motocicleta con revestimiento de cera para mujer \u201cTimmy\u201d son parte de la \u00faltima colecci\u00f3n de la marca R-Tech Jeans. El estilo de los jeans Timmy Ladies est\u00e1 hecho de la mejor tela de algod\u00f3n y elastano. Non solo questo, i rinforzi extra in tessuto DuPont Aramid posizionati strategicamente per un&#8217;eccellente resistenza all&#8217;abrasione senza compromettere il buon comfort e l&#8217;elasticit\u00e0. Le protezioni per ginocchia e cosce approvate CE &#8220;EN 1621-1:2012&#8221; sono difficili da individuare durante la guida \/ camminata, ma offrono la migliore protezione in caso di sfortunati incidenti durante la guida&#8230;<\/p>\n<p><strong>Tessuto a conchiglia:<\/strong><\/p>\n<ul>\n<li>Denim el\u00e1stico recubierto de cera de 10.0 oz<\/li>\n<li>Realizzato in 98% cotone e 2% elastan.<\/li>\n<li>Colore grigio<\/li>\n<\/ul>\n<p><strong>Protezioni:<\/strong><\/p>\n<ul>\n<li>Protezioni removibili su ginocchia e cosce con certificazione CE EN 1621-1:2012.<\/li>\n<li>Le ginocchiere sono regolabili grazie al velcro aggiuntivo fissato sulla parte superiore e inferiore.<\/li>\n<li>La protezione pu\u00f2 essere rimossa facilmente aprendo semplicemente le cerniere laterali del ginocchio.<\/li>\n<\/ul>\n<p><strong>Comfort:<\/strong><\/p>\n<ul>\n<li>Fodera interna in tessuto DuPont Aramid, appositamente posizionata per offrire un&#8217;eccellente resistenza all&#8217;abrasione e alla resistenza.<\/li>\n<li>Fodera interna in rete 100% poliestere per una maggiore traspirabilit\u00e0 e comfort.<\/li>\n<li>La migliore vestibilit\u00e0 in taglio regolare.<\/li>\n<li>Cerniere YKK\u00ae (area Fly &amp; Knee)<\/li>\n<li>Con borsa protettiva extra.<\/li>\n<\/ul>\n","protected":false},"excerpt":{"rendered":"<p>Jeans da moto per donna &#8211; R-Tech Timmy Lady Jeans INFORMAZIONI SUL PRODOTTO: Los vaqueros de motocicleta con revestimiento de<\/p>\n","protected":false},"featured_media":41310,"template":"","meta":[],"product_brand":[],"product_cat":[1012,1025,1064,1028,1029,1060,1066,3259],"product_tag":[1466,1471],"class_list":{"0":"post-41322","1":"product","2":"type-product","3":"status-publish","4":"has-post-thumbnail","6":"product_cat-abbigliamento-da-moto","7":"product_cat-denim-motociclistico","8":"product_cat-pantaloni-moto-donna","9":"product_cat-donna-moto-denim","10":"product_cat-jeans-denim-donna","11":"product_cat-pantaloni-da-moto","12":"product_cat-pantaloni-tessuto-donna","13":"product_cat-turismo","14":"product_tag-denim-da-corsa-it","15":"product_tag-denim-delle-donne","16":"pa_size-28-s-it","17":"pa_size-30-m-it","18":"pa_size-32-l-it","19":"pa_size-34-xl-it","20":"pa_size-36-2xl-it","21":"pa_size-38-3xl-it","22":"pa_size-40-4xl-it","24":"first","25":"outofstock","26":"sale","27":"taxable","28":"shipping-taxable","29":"purchasable","30":"product-type-variable","31":"has-default-attributes"},"_links":{"self":[{"href":"https:\/\/primomoto.es\/it\/wp-json\/wp\/v2\/product\/41322","targetHints":{"allow":["GET"]}}],"collection":[{"href":"https:\/\/primomoto.es\/it\/wp-json\/wp\/v2\/product"}],"about":[{"href":"https:\/\/primomoto.es\/it\/wp-json\/wp\/v2\/types\/product"}],"wp:featuredmedia":[{"embeddable":true,"href":"https:\/\/primomoto.es\/it\/wp-json\/wp\/v2\/media\/41310"}],"wp:attachment":[{"href":"https:\/\/primomoto.es\/it\/wp-json\/wp\/v2\/media?parent=41322"}],"wp:term":[{"taxonomy":"product_brand","embeddable":true,"href":"https:\/\/primomoto.es\/it\/wp-json\/wp\/v2\/product_brand?post=41322"},{"taxonomy":"product_cat","embeddable":true,"href":"https:\/\/primomoto.es\/it\/wp-json\/wp\/v2\/product_cat?post=41322"},{"taxonomy":"product_tag","embeddable":true,"href":"https:\/\/primomoto.es\/it\/wp-json\/wp\/v2\/product_tag?post=41322"}],"curies":[{"name":"wp","href":"https:\/\/api.w.org\/{rel}","templated":true}]}}