{"id":41090,"date":"2021-05-06T19:21:28","date_gmt":"2021-05-06T19:24:16","guid":{"rendered":"https:\/\/primomoto.es\/r-tech-johny-pantaloni-jeans-da-uomo-blu-medio\/"},"modified":"2025-04-21T08:42:13","modified_gmt":"2025-04-21T08:42:13","slug":"r-tech-johny-men-jeans-pant-medium-blue","status":"publish","type":"product","link":"https:\/\/primomoto.es\/it\/r-tech-johny-men-jeans-pant-medium-blue\/","title":{"rendered":"R-Tech Johny Uomini Jeans Ansimare medio Blu"},"content":{"rendered":"<h2>R-Tech Johny Pantaloni jeans da uomo- Blu medio<\/h2>\n<p><strong>Informazioni sul prodotto:<\/strong><\/p>\n<p>Los jeans de motocicleta para hombre &#8220;Johnny&#8221; son parte de la \u00faltima colecci\u00f3n de la marca R-Tech Jeans. El estilo de jeans de Johnny Men est\u00e1 hecho de la mejor tela de algod\u00f3n y elastano. Non solo questo, i rinforzi extra in tessuto DuPont Aramid posizionati strategicamente per un&#8217;eccellente resistenza all&#8217;abrasione senza compromettere il buon comfort e l&#8217;elasticit\u00e0. Le protezioni per ginocchia e cosce approvate CE &#8220;EN 1621-1:2012&#8221; sono difficili da individuare durante la guida \/ camminata, ma offrono la migliore protezione in caso di sfortunati incidenti durante la guida&#8230;<\/p>\n<p><strong>Tessuto a conchiglia:<\/strong><\/p>\n<ul>\n<li>Denim el\u00e1stico X-Hatch de 12.0 oz<\/li>\n<li>Realizzato in 98% cotone e 2% elastan.<\/li>\n<li>Colore blu medio<\/li>\n<\/ul>\n<p><strong>Protezioni:<\/strong><\/p>\n<ul>\n<li>Protezioni removibili su ginocchia e cosce con certificazione CE EN 1621-1:2012.<\/li>\n<li>Le ginocchiere sono regolabili grazie al velcro aggiuntivo attaccato sopra e sotto.<\/li>\n<li>La protezione pu\u00f2 essere rimossa facilmente aprendo semplicemente le cerniere laterali del ginocchio.<\/li>\n<\/ul>\n<p><strong>Comfort:<\/strong><\/p>\n<ul>\n<li>Fodera interna in tessuto DuPont Aramid, appositamente posizionata per offrire un&#8217;eccellente resistenza all&#8217;abrasione e alla resistenza.<\/li>\n<li>Fodera interna in rete 100% poliestere per una maggiore traspirabilit\u00e0 e comfort.<\/li>\n<li>La migliore vestibilit\u00e0 in taglio regolare.<\/li>\n<li>Cerniere YKK\u00ae (area Fly &amp; Knee)<\/li>\n<li>Con borsa protettiva extra.<\/li>\n<\/ul>\n","protected":false},"excerpt":{"rendered":"<p>R-Tech Johny Pantaloni jeans da uomo- Blu medio Informazioni sul prodotto: Los jeans de motocicleta para hombre &#8220;Johnny&#8221; son parte<\/p>\n","protected":false},"featured_media":41078,"template":"","meta":[],"product_brand":[],"product_cat":[1012,1025,1027,1060,1063,3263,3259,1061,1026],"product_tag":[1466,1462],"class_list":{"0":"post-41090","1":"product","2":"type-product","3":"status-publish","4":"has-post-thumbnail","6":"product_cat-abbigliamento-da-moto","7":"product_cat-denim-motociclistico","8":"product_cat-uomini-denim-jeans","9":"product_cat-pantaloni-da-moto","10":"product_cat-pantaloni-tessuto-uomo","11":"product_cat-strada","12":"product_cat-turismo","13":"product_cat-uomini-moto-pantaloni","14":"product_cat-uomo-moto-denim","15":"product_tag-denim-da-corsa-it","16":"product_tag-los-hombres-de-mezclilla-it","17":"pa_size-2xl-38-it","18":"pa_size-3xl-40-it","19":"pa_size-44-5xl-it","20":"pa_size-4xl-42-it","21":"pa_size-l-34-it","22":"pa_size-m-32-it","23":"pa_size-s-30-it","24":"pa_size-xl-36-it","26":"first","27":"outofstock","28":"sale","29":"taxable","30":"shipping-taxable","31":"purchasable","32":"product-type-variable","33":"has-default-attributes"},"_links":{"self":[{"href":"https:\/\/primomoto.es\/it\/wp-json\/wp\/v2\/product\/41090","targetHints":{"allow":["GET"]}}],"collection":[{"href":"https:\/\/primomoto.es\/it\/wp-json\/wp\/v2\/product"}],"about":[{"href":"https:\/\/primomoto.es\/it\/wp-json\/wp\/v2\/types\/product"}],"wp:featuredmedia":[{"embeddable":true,"href":"https:\/\/primomoto.es\/it\/wp-json\/wp\/v2\/media\/41078"}],"wp:attachment":[{"href":"https:\/\/primomoto.es\/it\/wp-json\/wp\/v2\/media?parent=41090"}],"wp:term":[{"taxonomy":"product_brand","embeddable":true,"href":"https:\/\/primomoto.es\/it\/wp-json\/wp\/v2\/product_brand?post=41090"},{"taxonomy":"product_cat","embeddable":true,"href":"https:\/\/primomoto.es\/it\/wp-json\/wp\/v2\/product_cat?post=41090"},{"taxonomy":"product_tag","embeddable":true,"href":"https:\/\/primomoto.es\/it\/wp-json\/wp\/v2\/product_tag?post=41090"}],"curies":[{"name":"wp","href":"https:\/\/api.w.org\/{rel}","templated":true}]}}