{"id":37639,"date":"2021-01-04T12:14:10","date_gmt":"2021-04-27T05:14:58","guid":{"rendered":"https:\/\/primomoto.es\/shua-super-tech-stivale-da-moto-de-corsa\/"},"modified":"2022-10-17T09:57:10","modified_gmt":"2022-10-17T09:57:10","slug":"shua-super-tech-motorfiets-racelaars-zwart-grijs","status":"publish","type":"product","link":"https:\/\/primomoto.es\/it\/shua-super-tech-motorfiets-racelaars-zwart-grijs\/","title":{"rendered":"Shua Super Tech Motorfiets Racen Laars Zwart\/Grijs"},"content":{"rendered":"<h2>Stivali da moto da corsa &#8211; Shua Super Tech Boots<\/h2>\n<p>Lo stivale S\ufe0fHUA Super-Tech \u00e8 realizzato con una tomaia in microfibra tecnica e durevole che offre eccellenti livelli di flessibilit\u00e0 Zone flessibili anteriori a fisarmonica Rexin e colletto in microfibra per un comfort e una manovrabilit\u00e0 superiori.<\/p>\n<ul>\n<li>Tre cinghie di chiusura a marchio VELCRO\u00ae regolabili per una chiusura e una vestibilit\u00e0 sicure<\/li>\n<li>Le coppe alla caviglia a doppia densit\u00e0 sono sostenute da imbottitura in schiuma per protezione e comfort su entrambi i lati<\/li>\n<li>La fodera interna del colletto \u00e8 comoda e resistente<\/li>\n<li>Contrafforti interni del tallone e della punta per una maggiore integrit\u00e0 strutturale<\/li>\n<li>Esclusiva suola in mescola di gomma vulcanizzata Shua con un esclusivo design avvolgente laterale<\/li>\n<li>L&#8217;intersuola in poliammide ad alto modulo iniettata segue la forma del piede e presenta un rinforzo strutturato del gambo<\/li>\n<li>La protezione stinco esterna in TPU avvolge il polpaccio esterno ed \u00e8 progettata per diffondere e dissipare l&#8217;energia dell&#8217;impatto su tutta la superficie rimanendo compatto<\/li>\n<li>Ventilazione posizionata strategicamente in TPU tallone e stinco<\/li>\n<\/ul>\n","protected":false},"excerpt":{"rendered":"<p>Stivali da moto da corsa &#8211; Shua Super Tech Boots Lo stivale S\ufe0fHUA Super-Tech \u00e8 realizzato con una tomaia in<\/p>\n","protected":false},"featured_media":18220,"template":"","meta":[],"product_brand":[],"product_cat":[1012,1016,1018,3259,1017],"product_tag":[1304,1302],"class_list":{"0":"post-37639","1":"product","2":"type-product","3":"status-publish","4":"has-post-thumbnail","6":"product_cat-abbigliamento-da-moto","7":"product_cat-stivali-da-moto","8":"product_cat-stivali-racing-uomo","9":"product_cat-turismo","10":"product_cat-stivali-da-moto-uomo","11":"product_tag-stivali-da-corsa-da-uomo","12":"product_tag-stivali-di-pelle","13":"pa_size-40-it","14":"pa_size-41-it","15":"pa_size-42-it","16":"pa_size-43-it","17":"pa_size-44-it","18":"pa_size-45-it","19":"pa_size-46-it","20":"pa_size-47-it","22":"first","23":"outofstock","24":"sale","25":"taxable","26":"shipping-taxable","27":"purchasable","28":"product-type-variable","29":"has-default-attributes"},"_links":{"self":[{"href":"https:\/\/primomoto.es\/it\/wp-json\/wp\/v2\/product\/37639","targetHints":{"allow":["GET"]}}],"collection":[{"href":"https:\/\/primomoto.es\/it\/wp-json\/wp\/v2\/product"}],"about":[{"href":"https:\/\/primomoto.es\/it\/wp-json\/wp\/v2\/types\/product"}],"wp:featuredmedia":[{"embeddable":true,"href":"https:\/\/primomoto.es\/it\/wp-json\/wp\/v2\/media\/18220"}],"wp:attachment":[{"href":"https:\/\/primomoto.es\/it\/wp-json\/wp\/v2\/media?parent=37639"}],"wp:term":[{"taxonomy":"product_brand","embeddable":true,"href":"https:\/\/primomoto.es\/it\/wp-json\/wp\/v2\/product_brand?post=37639"},{"taxonomy":"product_cat","embeddable":true,"href":"https:\/\/primomoto.es\/it\/wp-json\/wp\/v2\/product_cat?post=37639"},{"taxonomy":"product_tag","embeddable":true,"href":"https:\/\/primomoto.es\/it\/wp-json\/wp\/v2\/product_tag?post=37639"}],"curies":[{"name":"wp","href":"https:\/\/api.w.org\/{rel}","templated":true}]}}