{"id":36991,"date":"2021-01-04T11:52:08","date_gmt":"2021-04-26T07:15:52","guid":{"rendered":"https:\/\/primomoto.es\/r-tech-robo-lady-guanti-da-moto-racing-nero\/"},"modified":"2021-12-10T11:53:07","modified_gmt":"2021-12-10T11:53:07","slug":"guanto-moto-racing-r-tech-robo-lady-nero","status":"publish","type":"product","link":"https:\/\/primomoto.es\/it\/guanto-moto-racing-r-tech-robo-lady-nero\/","title":{"rendered":"R-Tech Robo Lady Guanti da Moto Racing Nero"},"content":{"rendered":"<p>&nbsp;<\/p>\n<p dir=\"ltr\"><strong>R-Tech Robo Guantes de Carrera<\/strong><\/p>\n<p dir=\"ltr\">Estos guantes que combinan agarre y protecci\u00f3n esta fabricados en cuero de vacuno de alta calidad en combinaci\u00f3n con poli\u00e9ster suave lo que los hace muy c\u00f3modos adem\u00e1s de contar con los ajustes para una mejor conducci\u00f3n.<\/p>\n<p><strong>Descrizione tecnica : <\/strong><\/p>\n<ul>\n<li>Guanti da corsa lunghi rinforzati in pelle di mucca per una maggiore sicurezza contro l&#8217;abrasione.<\/li>\n<li>Morbida fodera interna in poliestere.<\/li>\n<li>Strati rinforzati Calrino nel palmo<\/li>\n<li>Touch compatibile per uso mobile.<\/li>\n<li>Protezione su dita e nocche<\/li>\n<li>Knox sul palmo per una maggiore protezione<\/li>\n<li>Fisarmonica nel dorso della mano e dita per il movimento<\/li>\n<li>Forma curva adattata al polso<\/li>\n<li>Striscia di velcro regolabile<\/li>\n<li>Chiusura in velcro TPR con protezione polso in TPU<\/li>\n<li>Approvato CE<\/li>\n<\/ul>\n","protected":false},"excerpt":{"rendered":"<div id=\"product-description-short-627\" class=\"rte-content\">\n<p dir=\"ltr\">R-Tech Robo son la mejor elecci\u00f3n para los amantes de las motos, ya que cuenta con la aprobaci\u00f3n CE y est\u00e1n fabricados en el mejor cuero de vacuno reforzado para mayor seguridad. Disponibles en varios colores.<\/p>\n<\/div>\n<div id=\"gtx-trans\" style=\"position: absolute; left: 50px; top: 101px;\">\n<div class=\"gtx-trans-icon\"><\/div>\n<\/div>\n","protected":false},"featured_media":14589,"template":"","meta":[],"product_brand":[],"product_cat":[1012,3269,1035,1030,1036],"product_tag":[1267,1266],"class_list":{"0":"post-36991","1":"product","2":"type-product","3":"status-publish","4":"has-post-thumbnail","6":"product_cat-abbigliamento-da-moto","7":"product_cat-corsa","8":"product_cat-guanti-moto-donna","9":"product_cat-guanti-da-moto","10":"product_cat-guanti-racing-donna","11":"product_tag-guanti-da-corsa-da-donna","12":"product_tag-guanto-di-pelle-da-donna","13":"pa_size-2xl-it","14":"pa_size-3xl-it","15":"pa_size-l-it","16":"pa_size-xl-it","18":"first","19":"outofstock","20":"sale","21":"taxable","22":"shipping-taxable","23":"purchasable","24":"product-type-variable","25":"has-default-attributes"},"_links":{"self":[{"href":"https:\/\/primomoto.es\/it\/wp-json\/wp\/v2\/product\/36991","targetHints":{"allow":["GET"]}}],"collection":[{"href":"https:\/\/primomoto.es\/it\/wp-json\/wp\/v2\/product"}],"about":[{"href":"https:\/\/primomoto.es\/it\/wp-json\/wp\/v2\/types\/product"}],"wp:featuredmedia":[{"embeddable":true,"href":"https:\/\/primomoto.es\/it\/wp-json\/wp\/v2\/media\/14589"}],"wp:attachment":[{"href":"https:\/\/primomoto.es\/it\/wp-json\/wp\/v2\/media?parent=36991"}],"wp:term":[{"taxonomy":"product_brand","embeddable":true,"href":"https:\/\/primomoto.es\/it\/wp-json\/wp\/v2\/product_brand?post=36991"},{"taxonomy":"product_cat","embeddable":true,"href":"https:\/\/primomoto.es\/it\/wp-json\/wp\/v2\/product_cat?post=36991"},{"taxonomy":"product_tag","embeddable":true,"href":"https:\/\/primomoto.es\/it\/wp-json\/wp\/v2\/product_tag?post=36991"}],"curies":[{"name":"wp","href":"https:\/\/api.w.org\/{rel}","templated":true}]}}