{"id":35555,"date":"2021-01-04T11:19:37","date_gmt":"2021-01-04T11:19:37","guid":{"rendered":"https:\/\/primomoto.es\/bela-x-race-tuta-moto-pelle-nera-bianca\/"},"modified":"2025-06-04T13:25:33","modified_gmt":"2025-06-04T13:25:33","slug":"bela-x-race-moto-tuta-da-corsa-in-pelle-1-pc-nero-bianco","status":"publish","type":"product","link":"https:\/\/primomoto.es\/it\/bela-x-race-moto-tuta-da-corsa-in-pelle-1-pc-nero-bianco\/","title":{"rendered":"Bela X-Race Tute moto Uomo intera Nero\/Bianco"},"content":{"rendered":"<p><span style=\"color: #ff0000;\"><strong>Nota: gli ordini vengono spediti entro 10-15 giorni lavorativi dalla data di acquisto!!<\/strong><\/span><\/p>\n<h2><strong>Tute moto Pelle Uomo intera Bela X-Race<\/strong><\/h2>\n<p><strong>Caratteristiche:<\/strong><\/p>\n<ul>\n<li>Realizzato con pelle di vacchetta tinta in botte di qualit\u00e0 superiore da 1,2-1,4 mm con una combinazione di pelle perforata e non perforata<\/li>\n<li>Gobba di velocit\u00e0 aerodinamica con profilo da gara con pannello superiore in pelle traforato si combina con una gobba di velocit\u00e0 scavata per una maggiore ventilazione<\/li>\n<li>Protezioni rimovibili per spalle, gomiti e ginocchia omologate CE possono essere regolate utilizzando chiusure in velcro<\/li>\n<li>Pannelli di espansione a fisarmonica su spalle, gomiti, vita e ginocchia per una maggiore flessibilit\u00e0 e una vestibilit\u00e0 perfetta<\/li>\n<li>Grandi pannelli senza cuciture nella zona inferiore e posteriore della coscia per massimizzare la resistenza all&#8217;abrasione<\/li>\n<li>Il pannello di espansione a fisarmonica lungo il lato superiore della tuta offre una maggiore flessibilit\u00e0 e offre una gamma estesa di comfort per diverse taglie di paraschiena<\/li>\n<li>Pannelli elasticizzati per impieghi gravosi su braccia, cavallo e polpacci per facilitare i movimenti<\/li>\n<li>Le protezioni in TPU per spalle e gomiti su spalle e gomiti offrono una maggiore protezione<\/li>\n<li>Maniche ruotate e gambe precurvate per una vestibilit\u00e0 perfetta in posizione di guida<\/li>\n<li>Il polsino Comfort \u00e8 dotato di un pannello elasticizzato in neoprene che pu\u00f2 ospitare polsi di diverse dimensioni ed \u00e8 morbido al tatto<\/li>\n<li>Fodera in rete in tutta la tuta per la traspirazione.<\/li>\n<li>Tripla cucitura con filo di nylon legato ad alta resistenza<\/li>\n<li>Colletto in morbido neoprene per un maggiore comfort<\/li>\n<li>Tasca interna con cerniera sul petto<\/li>\n<li>I polsini sono dotati di cerniera a molla per eliminare lo sbattimento<\/li>\n<li>I cursori del ginocchio sono inclusi<\/li>\n<\/ul>\n","protected":false},"excerpt":{"rendered":"<p>Nota: gli ordini vengono spediti entro 10-15 giorni lavorativi dalla data di acquisto!! Tute moto Pelle Uomo intera Bela X-Race<\/p>\n","protected":false},"featured_media":107331,"template":"","meta":[],"product_brand":[],"product_cat":[1012,3269,1071,1067,1070],"product_tag":[1193,1160,1202],"class_list":{"0":"post-35555","1":"product","2":"type-product","3":"status-publish","4":"has-post-thumbnail","6":"product_cat-abbigliamento-da-moto","7":"product_cat-corsa","8":"product_cat-tuta-intera-uomini","9":"product_cat-tute-da-moto","10":"product_cat-abiti-da-uomo","11":"product_tag-trajes-de-hombre-it","12":"product_tag-tuta-da-corsa","13":"product_tag-tute-in-pelle","14":"pa_size-50-m-it-2","15":"pa_size-52-l-it","16":"pa_size-54-xl-it","17":"pa_size-56-2xl-it-2","18":"pa_size-58-3xl-it-2","19":"pa_size-60-4xl-it","20":"pa_size-62-5xl-it","21":"pa_size-64-6xl-it","23":"first","24":"outofstock","25":"sale","26":"featured","27":"taxable","28":"shipping-taxable","29":"purchasable","30":"product-type-variable","31":"has-default-attributes"},"_links":{"self":[{"href":"https:\/\/primomoto.es\/it\/wp-json\/wp\/v2\/product\/35555","targetHints":{"allow":["GET"]}}],"collection":[{"href":"https:\/\/primomoto.es\/it\/wp-json\/wp\/v2\/product"}],"about":[{"href":"https:\/\/primomoto.es\/it\/wp-json\/wp\/v2\/types\/product"}],"wp:featuredmedia":[{"embeddable":true,"href":"https:\/\/primomoto.es\/it\/wp-json\/wp\/v2\/media\/107331"}],"wp:attachment":[{"href":"https:\/\/primomoto.es\/it\/wp-json\/wp\/v2\/media?parent=35555"}],"wp:term":[{"taxonomy":"product_brand","embeddable":true,"href":"https:\/\/primomoto.es\/it\/wp-json\/wp\/v2\/product_brand?post=35555"},{"taxonomy":"product_cat","embeddable":true,"href":"https:\/\/primomoto.es\/it\/wp-json\/wp\/v2\/product_cat?post=35555"},{"taxonomy":"product_tag","embeddable":true,"href":"https:\/\/primomoto.es\/it\/wp-json\/wp\/v2\/product_tag?post=35555"}],"curies":[{"name":"wp","href":"https:\/\/api.w.org\/{rel}","templated":true}]}}