{"id":35194,"date":"2021-01-04T11:21:36","date_gmt":"2021-01-04T11:21:36","guid":{"rendered":"https:\/\/primomoto.es\/prezzo-scontato-r-tech-rising-star-mix-kangaroo-tuta-da-moto-1-pezzo-bianca-nero-rosso\/"},"modified":"2023-05-18T14:43:50","modified_gmt":"2023-05-18T14:43:50","slug":"r-tech-astro-nascente-tuta-da-moto-in-pelle-bianco-nero-rosso","status":"publish","type":"product","link":"https:\/\/primomoto.es\/it\/r-tech-astro-nascente-tuta-da-moto-in-pelle-bianco-nero-rosso\/","title":{"rendered":"R-Tech Rising Star Mix Kangaroo Tute da Moto 1 pezzo Bianca\/Nero\/Rosso"},"content":{"rendered":"<h2><strong>Tuta da Moto Pelle 1 pezzo R-Tech Rising Star<\/strong><\/h2>\n<p><strong>Materiale:<\/strong><\/p>\n<ul>\n<li>Pelle bovina pieno fiore di prima qualit\u00e0 1,1-1,3 mm con inserti di canguro idrorepellenti mm 0,9 \/ 1<\/li>\n<li>Tessuto elasticizzato Super Tense-tex su gomito, cavallo e ginocchio posteriore per offrire flessibilit\u00e0 e comfort<\/li>\n<\/ul>\n<p><strong>Composizione:<\/strong><\/p>\n<ul>\n<li>Materiale esterno: 75% pelle di bovino 25% pelle di canguro (inserti 92% PA 8% ELASTAN)<\/li>\n<li>Fodera: 100% poliestere<\/li>\n<\/ul>\n<p><strong>Informazioni tecniche<\/strong><\/p>\n<ul>\n<li>Fodera fissa in rete con air mesh al polpaccio per offrire un miglior comfort<\/li>\n<li>Parti di protezione esterne in TPU su spalle e gomiti<\/li>\n<li>Protezioni interne approvate CE su spalle, gomiti, fianchi e ginocchia<\/li>\n<li>Gobba aerodinamica per la protezione del midollo spinale<\/li>\n<li>Pelle parzialmente traforata sul davanti, sulle braccia e sulle zone delle cosce per migliorare la ventilazione<\/li>\n<li>Pannelli in pelle elasticizzata su giromanica posteriore, ginocchia, vita posteriore per movimenti confortevoli e flessibili<\/li>\n<li>Neoprene at collar, cuff &amp; hem to reduce thickness and give greater comfort<\/li>\n<li>Rinforzo in pelle a doppio strato su gomiti, spalle e sedile<\/li>\n<li>Velcro all&#8217;interno del pannello frontale per facilitare una protezione del torace se necessario<\/li>\n<li>Chiusura con zip sul polso sul polsino per offrire una migliore comodit\u00e0<\/li>\n<li>Rigatura nella zona del braccio per una visione notturna migratoria.<\/li>\n<li>Slider sulle ginocchia per una maggiore protezione.<\/li>\n<\/ul>\n","protected":false},"excerpt":{"rendered":"<p>Se sei un pilota professionista o un dilettante non importa perch\u00e9 in entrambi i casi devi proteggerti utilizzando il giusto abbigliamento da moto. R-Tech ha presentato la migliore tuta da moto di quest&#8217;anno per design, sicurezza e combinazioni di colori denominata come \u201c<strong>RISING STAR<\/strong>\u201d. Questa tuta R-Tech Rising Star \u00e8 realizzata utilizzando pelle di mucca di alta qualit\u00e0 e anche canguro. Inoltre, ti protegge con le sue imbottiture laterali antiurto. \u00c8 stato progettato in modo tale che il pilota si senta sempre a suo agio. Questa tuta ha pelle traforata nella parte anteriore, sulle braccia e sulle cosce per migliorare la traspirazione. Trova la tua taglia con Maximo-Moto e scopri i tuoi sogni da corsa.<\/p>\n","protected":false},"featured_media":9699,"template":"","meta":[],"product_brand":[],"product_cat":[1012,1071,1067,1070],"product_tag":[1177,1160,1151],"class_list":{"0":"post-35194","1":"product","2":"type-product","3":"status-publish","4":"has-post-thumbnail","6":"product_cat-abbigliamento-da-moto","7":"product_cat-tuta-intera-uomini","8":"product_cat-tute-da-moto","9":"product_cat-abiti-da-uomo","10":"product_tag-abito-da-uomo-it","11":"product_tag-tuta-da-corsa","12":"product_tag-tuta-in-pelle","13":"pa_size-46-xs-it","14":"pa_size-50-m-it-2","15":"pa_size-52-l-it-2","16":"pa_size-54-xl-it-2","17":"pa_size-56-2xl-it-2","18":"pa_size-58-3xl-it-2","19":"pa_size-60-4xl-it","20":"pa_size-62-5xl-it","22":"first","23":"outofstock","24":"sale","25":"taxable","26":"shipping-taxable","27":"purchasable","28":"product-type-variable","29":"has-default-attributes"},"_links":{"self":[{"href":"https:\/\/primomoto.es\/it\/wp-json\/wp\/v2\/product\/35194","targetHints":{"allow":["GET"]}}],"collection":[{"href":"https:\/\/primomoto.es\/it\/wp-json\/wp\/v2\/product"}],"about":[{"href":"https:\/\/primomoto.es\/it\/wp-json\/wp\/v2\/types\/product"}],"wp:featuredmedia":[{"embeddable":true,"href":"https:\/\/primomoto.es\/it\/wp-json\/wp\/v2\/media\/9699"}],"wp:attachment":[{"href":"https:\/\/primomoto.es\/it\/wp-json\/wp\/v2\/media?parent=35194"}],"wp:term":[{"taxonomy":"product_brand","embeddable":true,"href":"https:\/\/primomoto.es\/it\/wp-json\/wp\/v2\/product_brand?post=35194"},{"taxonomy":"product_cat","embeddable":true,"href":"https:\/\/primomoto.es\/it\/wp-json\/wp\/v2\/product_cat?post=35194"},{"taxonomy":"product_tag","embeddable":true,"href":"https:\/\/primomoto.es\/it\/wp-json\/wp\/v2\/product_tag?post=35194"}],"curies":[{"name":"wp","href":"https:\/\/api.w.org\/{rel}","templated":true}]}}