{"id":35082,"date":"2021-01-04T11:24:06","date_gmt":"2021-01-04T11:24:06","guid":{"rendered":"https:\/\/primomoto.es\/bela-rocket-mix-kangaroo-tuta-in-pelle-da-moto-2-pezzi-nero-giallo-fluorescente\/"},"modified":"2025-06-04T07:43:15","modified_gmt":"2025-06-04T07:43:15","slug":"bela-rocket-mix-kangaroo-uomo-moto-tuta-in-pelle-2-pc-nero-giallo-fluorescente","status":"publish","type":"product","link":"https:\/\/primomoto.es\/it\/bela-rocket-mix-kangaroo-uomo-moto-tuta-in-pelle-2-pc-nero-giallo-fluorescente\/","title":{"rendered":"Bela Rocket Mix Kangaroo Man Motociclo Pelle Abito 2 PC Nero \/ Giallo Fluorescente"},"content":{"rendered":"<p><span style=\"color: #ff0000;\"><strong>Nota: gli ordini vengono spediti entro 10-15 giorni lavorativi dalla data di acquisto!!<\/strong><\/span><\/p>\n<h2><strong><span style=\"vertical-align: inherit;\"><span style=\"vertical-align: inherit;\">Tuta in pelle moto 2 pezzi Bela Rocket Mix Kangaroo Man<\/span><\/span><\/strong><\/h2>\n<h5><strong><span style=\"vertical-align: inherit;\"><span style=\"vertical-align: inherit;\">Materiale:<\/span><br \/>\n<\/span><br \/>\n<\/strong><\/h5>\n<ul>\n<li><span style=\"vertical-align: inherit;\"><span style=\"vertical-align: inherit;\">Pelle bovina pieno fiore di prima qualit\u00e0 1,1-1,3 mm con inserti di canguro idrorepellenti mm 0,9 \/ 1<\/span><\/span><\/li>\n<li><span style=\"vertical-align: inherit;\"><span style=\"vertical-align: inherit;\">Tessuto elasticizzato Super Tense-tex su gomito, cavallo e ginocchio posteriore per offrire flessibilit\u00e0 e comfort<\/span><\/span><\/li>\n<\/ul>\n<p><strong><br \/>\n<span style=\"vertical-align: inherit;\"><br \/>\n<span style=\"vertical-align: inherit;\">Composizione:<\/span><br \/>\n<\/span><br \/>\n<\/strong><\/p>\n<ul>\n<li><span style=\"vertical-align: inherit;\"><span style=\"vertical-align: inherit;\">Materiale esterno: 75% pelle di bovino 25% pelle di canguro (inserti 92% PA 8% ELASTAN)<\/span><\/span><\/li>\n<li><span style=\"vertical-align: inherit;\"><span style=\"vertical-align: inherit;\">Fodera: 100% poliestere<\/span><\/span><\/li>\n<\/ul>\n<p><strong><br \/>\n<span style=\"vertical-align: inherit;\"><br \/>\n<span style=\"vertical-align: inherit;\">Informazioni tecniche:<\/span><br \/>\n<\/span><br \/>\n<\/strong><\/p>\n<ul>\n<li><span style=\"vertical-align: inherit;\"><span style=\"vertical-align: inherit;\">Fodera fissa in rete con air mesh al polpaccio per offrire un miglior comfort<\/span><\/span><\/li>\n<li><span style=\"vertical-align: inherit;\"><span style=\"vertical-align: inherit;\">Parti di protezione esterne in TPU su spalle e gomiti<\/span><\/span><\/li>\n<li><span style=\"vertical-align: inherit;\"><span style=\"vertical-align: inherit;\">Protezioni interne approvate CE su spalle, gomiti, fianchi e ginocchia<\/span><\/span><\/li>\n<li><span style=\"vertical-align: inherit;\"><span style=\"vertical-align: inherit;\">Gobba aerodinamica per la protezione del midollo spinale<\/span><\/span><\/li>\n<li><span style=\"vertical-align: inherit;\"><span style=\"vertical-align: inherit;\">Pelle parzialmente traforata sul davanti, sulle braccia e sulle zone delle cosce per migliorare la ventilazione<\/span><\/span><\/li>\n<li><span style=\"vertical-align: inherit;\"><span style=\"vertical-align: inherit;\">Pannelli in pelle elasticizzata su giromanica posteriore, ginocchia, vita posteriore per movimenti confortevoli e flessibili<\/span><\/span><\/li>\n<li><span style=\"vertical-align: inherit;\"><span style=\"vertical-align: inherit;\">Neoprene at collar, cuff &amp; hem to reduce thickness and give greater comfort<\/span><\/span><\/li>\n<li><span style=\"vertical-align: inherit;\"><span style=\"vertical-align: inherit;\">Rinforzo in pelle a doppio strato su gomiti, spalle e sedile<\/span><\/span><\/li>\n<li><span style=\"vertical-align: inherit;\"><span style=\"vertical-align: inherit;\">Velcro all&#8217;interno del pannello frontale per facilitare una protezione del torace se necessario<\/span><\/span><\/li>\n<li><span style=\"vertical-align: inherit;\"><span style=\"vertical-align: inherit;\">Chiusura con zip sul polso sul polsino per offrire una migliore comodit\u00e0<\/span><\/span><\/li>\n<li><span style=\"vertical-align: inherit;\"><span style=\"vertical-align: inherit;\">Rigatura nella zona del braccio per una visione notturna migratoria.<\/span><\/span><\/li>\n<li><span style=\"vertical-align: inherit;\"><span style=\"vertical-align: inherit;\">Slider sulle ginocchia per una maggiore protezione.<\/span><\/span><\/li>\n<li><span style=\"vertical-align: inherit;\"><span style=\"vertical-align: inherit;\">Cerniera di collegamento ad alta resistenza.<\/span><\/span><\/li>\n<\/ul>\n","protected":false},"excerpt":{"rendered":"<p><span style=\"vertical-align: inherit;\"><br \/>\n<span style=\"vertical-align: inherit;\">Aggiungi versatilit\u00e0 alla tua attrezzatura da moto senza perdere funzionalit\u00e0 e protezione. <\/span><br \/>\n<span style=\"vertical-align: inherit;\">Ottieni Bela Rocket Mix Kangaroo Man tuta in pelle moto divisibile progettata esclusivamente per tutti quei motociclisti che desiderano la libert\u00e0 di guida con un facile utilizzo. <\/span><br \/>\n<span style=\"vertical-align: inherit;\">Una tuta BELA, realizzata in pelle di vacchetta idrorepellente di alta qualit\u00e0 con inserti di canguro. <\/span><br \/>\n<span style=\"vertical-align: inherit;\">Questa tuta \u00e8 il massimo della protezione e della sicurezza con la sua vestibilit\u00e0 flessibile e traspirabilit\u00e0. <\/span><br \/>\n<span style=\"vertical-align: inherit;\">\u00c8 progettato ergonomicamente per il massimo comfort e cos\u00ec puoi goderti ogni momento della tua corsa mentre sei su due ruote.<\/span><br \/>\n<\/span><\/p>\n","protected":false},"featured_media":10049,"template":"","meta":[],"product_brand":[],"product_cat":[1012,3269,1167,1067,1070],"product_tag":[1179,1160,1151],"class_list":{"0":"post-35082","1":"product","2":"type-product","3":"status-publish","4":"has-post-thumbnail","6":"product_cat-abbigliamento-da-moto","7":"product_cat-corsa","8":"product_cat-tuta-2-pezzi-uomini","9":"product_cat-tute-da-moto","10":"product_cat-abiti-da-uomo","11":"product_tag-abito-da-uomo-2-pezzi","12":"product_tag-tuta-da-corsa","13":"product_tag-tuta-in-pelle","14":"pa_size-46-xs-it","15":"pa_size-50-m-it-2","16":"pa_size-52-l-it-2","17":"pa_size-54-xl-it-2","18":"pa_size-56-2xl-it-2","19":"pa_size-58-3xl-it-2","20":"pa_size-60-4xl-it","22":"first","23":"instock","24":"sale","25":"featured","26":"taxable","27":"shipping-taxable","28":"purchasable","29":"product-type-variable","30":"has-default-attributes"},"_links":{"self":[{"href":"https:\/\/primomoto.es\/it\/wp-json\/wp\/v2\/product\/35082","targetHints":{"allow":["GET"]}}],"collection":[{"href":"https:\/\/primomoto.es\/it\/wp-json\/wp\/v2\/product"}],"about":[{"href":"https:\/\/primomoto.es\/it\/wp-json\/wp\/v2\/types\/product"}],"wp:featuredmedia":[{"embeddable":true,"href":"https:\/\/primomoto.es\/it\/wp-json\/wp\/v2\/media\/10049"}],"wp:attachment":[{"href":"https:\/\/primomoto.es\/it\/wp-json\/wp\/v2\/media?parent=35082"}],"wp:term":[{"taxonomy":"product_brand","embeddable":true,"href":"https:\/\/primomoto.es\/it\/wp-json\/wp\/v2\/product_brand?post=35082"},{"taxonomy":"product_cat","embeddable":true,"href":"https:\/\/primomoto.es\/it\/wp-json\/wp\/v2\/product_cat?post=35082"},{"taxonomy":"product_tag","embeddable":true,"href":"https:\/\/primomoto.es\/it\/wp-json\/wp\/v2\/product_tag?post=35082"}],"curies":[{"name":"wp","href":"https:\/\/api.w.org\/{rel}","templated":true}]}}