{"id":35062,"date":"2021-01-04T11:24:09","date_gmt":"2021-01-04T11:24:09","guid":{"rendered":"https:\/\/primomoto.es\/bela-rocket-mix-kangaroo-tuta-in-pelle-da-moto-2-bianco-rosso-nero\/"},"modified":"2025-06-04T08:11:09","modified_gmt":"2025-06-04T08:11:09","slug":"bela-rocket-mix-kangaroo-man-motorfietsleer-pak-2-pc-wit-rood-zwart","status":"publish","type":"product","link":"https:\/\/primomoto.es\/it\/bela-rocket-mix-kangaroo-man-motorfietsleer-pak-2-pc-wit-rood-zwart\/","title":{"rendered":"Bela Rocket Mix Kangaroo Man Motorfiets Leer Pak 2 PC Wit \/ Rood \/ Zwart"},"content":{"rendered":"<p><strong><span style=\"color: #ff0000;\">Nota: gli ordini vengono spediti entro 10-15 giorni lavorativi dalla data di acquisto!!<\/span><\/strong><\/p>\n<h2><strong>Bela Rocket Mix Kangaroo Man 2-delig leren motor pak<\/strong><\/h2>\n<p><strong>Materiale:<\/strong><\/p>\n<ul>\n<li>Pelle bovina pieno fiore di prima qualit\u00e0 1,1-1,3 mm con inserti di canguro idrorepellenti mm 0,9 \/ 1<\/li>\n<li>Tessuto elasticizzato Super Tense-tex su gomito, cavallo e ginocchio posteriore per offrire flessibilit\u00e0 e comfort<\/li>\n<\/ul>\n<p><strong>Composizione:<\/strong><\/p>\n<ul>\n<li>Materiale esterno: 75% pelle di bovino 25% pelle di canguro (inserti 92% PA 8% ELASTAN)<\/li>\n<li>Fodera: 100% poliestere<\/li>\n<\/ul>\n<p><strong>Informazioni tecniche:<\/strong><\/p>\n<ul>\n<li>Fodera fissa in rete con air mesh al polpaccio per offrire un miglior comfort<\/li>\n<li>Parti di protezione esterne in TPU su spalle e gomiti<\/li>\n<li>Protezioni interne approvate CE su spalle, gomiti, fianchi e ginocchia<\/li>\n<li>Gobba aerodinamica per la protezione del midollo spinale<\/li>\n<li>Pelle parzialmente traforata sul davanti, sulle braccia e sulle zone delle cosce per migliorare la ventilazione<\/li>\n<li>Pannelli in pelle elasticizzata su giromanica posteriore, ginocchia, vita posteriore per movimenti confortevoli e flessibili<\/li>\n<li>Neoprene at collar, cuff &amp; hem to reduce thickness and give greater comfort<\/li>\n<li>Rinforzo in pelle a doppio strato su gomiti, spalle e sedile<\/li>\n<li>Velcro all&#8217;interno del pannello frontale per facilitare una protezione del torace se necessario<\/li>\n<li>Chiusura con zip sul polso sul polsino per offrire una migliore comodit\u00e0<\/li>\n<li>Rigatura nella zona del braccio per una visione notturna migratoria.<\/li>\n<li>Slider sulle ginocchia per una maggiore protezione.<\/li>\n<li>Cerniera di collegamento ad alta resistenza.<\/li>\n<\/ul>\n","protected":false},"excerpt":{"rendered":"<p>Aggiungi versatilit\u00e0 alla tua attrezzatura da moto senza perdere funzionalit\u00e0 e protezione. Ottieni Bela Rocket Mix Kangaroo Man tuta in pelle moto divisibile progettata esclusivamente per tutti quei motociclisti che desiderano la libert\u00e0 di guida con un facile utilizzo. Una tuta BELA, realizzata in pelle di vacchetta idrorepellente di alta qualit\u00e0 con inserti di canguro. Questa tuta \u00e8 il massimo della protezione e della sicurezza con la sua vestibilit\u00e0 flessibile e traspirabilit\u00e0. \u00c8 progettato ergonomicamente per il massimo comfort e cos\u00ec puoi goderti ogni momento della tua corsa mentre sei su due ruote.<\/p>\n","protected":false},"featured_media":10098,"template":"","meta":[],"product_brand":[],"product_cat":[1012,3269,1167,1067,1070],"product_tag":[1179,1160,1151],"class_list":{"0":"post-35062","1":"product","2":"type-product","3":"status-publish","4":"has-post-thumbnail","6":"product_cat-abbigliamento-da-moto","7":"product_cat-corsa","8":"product_cat-tuta-2-pezzi-uomini","9":"product_cat-tute-da-moto","10":"product_cat-abiti-da-uomo","11":"product_tag-abito-da-uomo-2-pezzi","12":"product_tag-tuta-da-corsa","13":"product_tag-tuta-in-pelle","14":"pa_size-46-xs-it","15":"pa_size-50-m-it-2","16":"pa_size-52-l-it-2","17":"pa_size-54-xl-it-2","18":"pa_size-56-2xl-it-2","19":"pa_size-58-3xl-it-2","20":"pa_size-60-4xl-it","21":"pa_size-62-5xl-it","23":"first","24":"instock","25":"sale","26":"taxable","27":"shipping-taxable","28":"purchasable","29":"product-type-variable","30":"has-default-attributes"},"_links":{"self":[{"href":"https:\/\/primomoto.es\/it\/wp-json\/wp\/v2\/product\/35062","targetHints":{"allow":["GET"]}}],"collection":[{"href":"https:\/\/primomoto.es\/it\/wp-json\/wp\/v2\/product"}],"about":[{"href":"https:\/\/primomoto.es\/it\/wp-json\/wp\/v2\/types\/product"}],"wp:featuredmedia":[{"embeddable":true,"href":"https:\/\/primomoto.es\/it\/wp-json\/wp\/v2\/media\/10098"}],"wp:attachment":[{"href":"https:\/\/primomoto.es\/it\/wp-json\/wp\/v2\/media?parent=35062"}],"wp:term":[{"taxonomy":"product_brand","embeddable":true,"href":"https:\/\/primomoto.es\/it\/wp-json\/wp\/v2\/product_brand?post=35062"},{"taxonomy":"product_cat","embeddable":true,"href":"https:\/\/primomoto.es\/it\/wp-json\/wp\/v2\/product_cat?post=35062"},{"taxonomy":"product_tag","embeddable":true,"href":"https:\/\/primomoto.es\/it\/wp-json\/wp\/v2\/product_tag?post=35062"}],"curies":[{"name":"wp","href":"https:\/\/api.w.org\/{rel}","templated":true}]}}