{"id":34638,"date":"2021-01-04T11:49:28","date_gmt":"2021-04-14T09:56:27","guid":{"rendered":"https:\/\/primomoto.es\/bela-tom-men-wax-coated-para-aramid-denim-jeans\/"},"modified":"2022-01-04T09:40:51","modified_gmt":"2022-01-04T09:40:51","slug":"bela-tom-uomo-jeans-denim-para-aramide-spalmato-di-cera","status":"publish","type":"product","link":"https:\/\/primomoto.es\/it\/bela-tom-uomo-jeans-denim-para-aramide-spalmato-di-cera\/","title":{"rendered":"Bela Tom Men Wax Coated Para-Aramid Denim Jeans"},"content":{"rendered":"<p style=\"font-weight: 400;\"><b><strong>Cera per uomo Bela Tom Jeans da moto neri rivestiti<\/strong><\/b><\/p>\n<p style=\"font-weight: 400;\">Descrizione:<\/p>\n<ul>\n<li style=\"font-weight: 400;\">Tessuto rivestito di cera<\/li>\n<li style=\"font-weight: 400;\">Tessuto Kevlar<\/li>\n<li style=\"font-weight: 400;\">Taglio aderente<\/li>\n<li style=\"font-weight: 400;\">Soffietti elastici comfort<\/li>\n<li style=\"font-weight: 400;\">Fodera interna rinforzata su vita e ginocchia<\/li>\n<li style=\"font-weight: 400;\">Denim Hi Flex che offre grande libert\u00e0 di movimento<\/li>\n<li style=\"font-weight: 400;\">Protezioni ginocchia e fianchi rimovibili approvate CE in dotazione<\/li>\n<li style=\"font-weight: 400;\">Tasche protettive per ginocchia e fianchi facilmente accessibili<\/li>\n<li style=\"font-weight: 400;\">Ginocchiere regolabili in altezza con sistema a velcro per una vestibilit\u00e0 perfetta<\/li>\n<li style=\"font-weight: 400;\">Chiusura con bottone e zip<\/li>\n<li style=\"font-weight: 400;\">5 tasche tra cui una tasca per monete<\/li>\n<\/ul>\n","protected":false},"excerpt":{"rendered":"<p>ElI jeans da moto Bela Tom Men Wax Coated sono realizzati in tessuto cerato e Kevlar che rende i suoi jeans 3 volte pi\u00f9 resistenti dei normali ma pi\u00f9 comodi e sicuri. Una misura perfetta per ogni tipo di corsa\u00a0Bela Tom Men\u00a0Wax Coated es un pantal\u00f3n de moto en tejido vaquero, fabricado con tejido Wax Coated y Kevlar, lo que los hace 3 veces m\u00e1s fuertes que los jeans convencionales, pero m\u00e1s c\u00f3modos y seguros. Un ajuste perfecto para cada tipo de viaje.<\/p>\n","protected":false},"featured_media":143148,"template":"","meta":[],"product_brand":[],"product_cat":[1012,1025,1027,1060,3259,1026],"product_tag":[1102,1101],"class_list":{"0":"post-34638","1":"product","2":"type-product","3":"status-publish","4":"has-post-thumbnail","6":"product_cat-abbigliamento-da-moto","7":"product_cat-denim-motociclistico","8":"product_cat-uomini-denim-jeans","9":"product_cat-pantaloni-da-moto","10":"product_cat-turismo","11":"product_cat-uomo-moto-denim","12":"product_tag-pantalon-textil-hombre-it","13":"product_tag-pantalone-touring-hombre","14":"pa_size-34-americana-it","15":"pa_size-36-americana-it","16":"pa_size-40-americana-it","17":"pa_size-42-americana-it","18":"pa_size-44-americana-it","20":"first","21":"outofstock","22":"sale","23":"taxable","24":"shipping-taxable","25":"purchasable","26":"product-type-variable","27":"has-default-attributes"},"_links":{"self":[{"href":"https:\/\/primomoto.es\/it\/wp-json\/wp\/v2\/product\/34638","targetHints":{"allow":["GET"]}}],"collection":[{"href":"https:\/\/primomoto.es\/it\/wp-json\/wp\/v2\/product"}],"about":[{"href":"https:\/\/primomoto.es\/it\/wp-json\/wp\/v2\/types\/product"}],"wp:featuredmedia":[{"embeddable":true,"href":"https:\/\/primomoto.es\/it\/wp-json\/wp\/v2\/media\/143148"}],"wp:attachment":[{"href":"https:\/\/primomoto.es\/it\/wp-json\/wp\/v2\/media?parent=34638"}],"wp:term":[{"taxonomy":"product_brand","embeddable":true,"href":"https:\/\/primomoto.es\/it\/wp-json\/wp\/v2\/product_brand?post=34638"},{"taxonomy":"product_cat","embeddable":true,"href":"https:\/\/primomoto.es\/it\/wp-json\/wp\/v2\/product_cat?post=34638"},{"taxonomy":"product_tag","embeddable":true,"href":"https:\/\/primomoto.es\/it\/wp-json\/wp\/v2\/product_tag?post=34638"}],"curies":[{"name":"wp","href":"https:\/\/api.w.org\/{rel}","templated":true}]}}