{"id":292686,"date":"2025-06-13T11:16:45","date_gmt":"2025-06-13T12:25:35","guid":{"rendered":"https:\/\/primomoto.es\/foura-rush1-pc-motociclo-pelle-abito-nero-bianco-blu\/"},"modified":"2025-10-06T12:15:46","modified_gmt":"2025-10-06T12:15:46","slug":"foura-rush1-pc-motociclo-pelle-abito-nero-bianco-blu","status":"publish","type":"product","link":"https:\/\/primomoto.es\/it\/foura-rush1-pc-motociclo-pelle-abito-nero-bianco-blu\/","title":{"rendered":"Foura Rush 1 PC Motociclo Pelle Abito Nero\/Bianco\/Blu"},"content":{"rendered":"<p><span style=\"color: #ff0000;\"><strong>Nota: gli ordini vengono spediti entro 10-15 giorni lavorativi dalla data di acquisto!!<\/strong><\/span><\/p>\n<h2><strong>Tuta da motociclista in pelle Foura Rush 1 pezzo<\/strong><\/h2>\n<p>La tuta da moto Rush Racing \u00e8 una tuta monopezzo ad alte prestazioni realizzata in pelle pieno fiore per garantire elevati livelli di resistenza all&#8217;abrasione e durevolezza; integra protezioni comprovate in pista su spalle e ginocchia e pannelli perforati con profilo Moto-GP per una migliore aerodinamica e comfort. Grazie alla possibilit\u00e0 di passare alla protezione certificata CE per schiena, torace e fianchi, questa tuta monopezzo di alta qualit\u00e0 \u00e8 ideale per la guida sportiva.<\/p>\n<p><strong>Materiali: corpo<\/strong><\/p>\n<ul>\n<li>Realizzato in vera pelle al 100%.<\/li>\n<li>Pelle pieno fiore di prima qualit\u00e0 da 1,0-1,2 mm.<\/li>\n<\/ul>\n<p><strong>Informazioni tecniche:<\/strong><\/p>\n<ul>\n<li>Tessuto elasticizzato su gomiti, cavallo e parte posteriore del ginocchio per garantire flessibilit\u00e0 e comfort.<\/li>\n<li>Fodera in rete fissa sul polpaccio per offrire maggiore comfort.<\/li>\n<li>Protezioni interne omologate CE su gomiti, fianchi e ginocchia.<\/li>\n<li>Gobba aerodinamica.<\/li>\n<li>Linee riflettenti su entrambe le braccia per la visibilit\u00e0 notturna.<\/li>\n<li>Pannelli in pelle elasticizzata sulle ginocchia, sulla parte posteriore della vita e sul giromanica posteriore per movimenti comodi e flessibili.<\/li>\n<li>Neoprene su polsini e orlo per ridurre lo spessore e offrire maggiore comfort.<\/li>\n<li>Rinforzo in pelle a doppio strato su gomiti, spalle e seduta.<\/li>\n<li>Velcro sul pannello frontale interno per facilitare l&#8217;inserimento di una protezione per il torace, se necessario.<\/li>\n<li>Imbottitura per il coccige.<\/li>\n<li>Slider ginocchio rimovibili.<\/li>\n<\/ul>\n<p>&nbsp;<\/p>\n<p>&nbsp;<\/p>\n","protected":false},"excerpt":{"rendered":"<p>Nota: gli ordini vengono spediti entro 10-15 giorni lavorativi dalla data di acquisto!! Tuta da motociclista in pelle Foura Rush<\/p>\n","protected":false},"featured_media":292632,"template":"","meta":[],"product_brand":[],"product_cat":[1012,1071,1067,1070],"product_tag":[4737,4831,1174,4925],"class_list":{"0":"post-292686","1":"product","2":"type-product","3":"status-publish","4":"has-post-thumbnail","6":"product_cat-abbigliamento-da-moto","7":"product_cat-tuta-intera-uomini","8":"product_cat-tute-da-moto","9":"product_cat-abiti-da-uomo","10":"product_tag-migliore-motociclo-da-corsa-abito","11":"product_tag-motociclo-abiti","12":"product_tag-traje-de-carreras-1pc-it","13":"product_tag-tuta-da-corsa-top-racing","14":"pa_size-46-xs-it","15":"pa_size-48-s-it","16":"pa_size-50-m-it-2","17":"pa_size-52-l-it-2","18":"pa_size-54-xl-it-2","19":"pa_size-56-2xl-it-2","20":"pa_size-58-3xl-it-2","21":"pa_size-60-4xl-it","22":"pa_size-62-5xl-it","24":"first","25":"instock","26":"sale","27":"taxable","28":"shipping-taxable","29":"purchasable","30":"product-type-variable","31":"has-default-attributes"},"_links":{"self":[{"href":"https:\/\/primomoto.es\/it\/wp-json\/wp\/v2\/product\/292686","targetHints":{"allow":["GET"]}}],"collection":[{"href":"https:\/\/primomoto.es\/it\/wp-json\/wp\/v2\/product"}],"about":[{"href":"https:\/\/primomoto.es\/it\/wp-json\/wp\/v2\/types\/product"}],"wp:featuredmedia":[{"embeddable":true,"href":"https:\/\/primomoto.es\/it\/wp-json\/wp\/v2\/media\/292632"}],"wp:attachment":[{"href":"https:\/\/primomoto.es\/it\/wp-json\/wp\/v2\/media?parent=292686"}],"wp:term":[{"taxonomy":"product_brand","embeddable":true,"href":"https:\/\/primomoto.es\/it\/wp-json\/wp\/v2\/product_brand?post=292686"},{"taxonomy":"product_cat","embeddable":true,"href":"https:\/\/primomoto.es\/it\/wp-json\/wp\/v2\/product_cat?post=292686"},{"taxonomy":"product_tag","embeddable":true,"href":"https:\/\/primomoto.es\/it\/wp-json\/wp\/v2\/product_tag?post=292686"}],"curies":[{"name":"wp","href":"https:\/\/api.w.org\/{rel}","templated":true}]}}