{"id":282018,"date":"2024-03-21T09:50:01","date_gmt":"2024-03-21T09:57:18","guid":{"rendered":"https:\/\/primomoto.es\/bela-turbo-track-motociclo-da-corsa-stivali-nero-rosso\/"},"modified":"2024-03-21T10:08:24","modified_gmt":"2024-03-21T10:08:24","slug":"bela-turbo-track-motociclo-da-corsa-stivali-nero-rosso","status":"publish","type":"product","link":"https:\/\/primomoto.es\/it\/bela-turbo-track-motociclo-da-corsa-stivali-nero-rosso\/","title":{"rendered":"Bela Turbo Track Motociclo Da Corsa Stivali Nero\/Rosso"},"content":{"rendered":"<h3>Bela Turbo Track Motociclo Pelle Da Corsa Stivali<\/h3>\n<ul>\n<li>Costruzione esterna in microfibra : Durevole e resistente, progettato per resistere alle esigenze delle corse e delle avventure fuoristrada.<\/li>\n<li>3D Fodera in rete di poliestere : Migliora la traspirabilit\u00e0 e il comfort, mantenendo i piedi freschi in situazioni di alta pressione.<\/li>\n<li>CE Protezione approvata : Soddisfa gli standard IPS IPA Classe 2221, garantendo la massima sicurezza e prestazioni.<\/li>\n<li>Protezione completa : Dispone di protezioni per caviglia, punta e tallone per una resistenza agli urti superiore.<\/li>\n<li>Slider punta in metallo e pannello del cambio in TPU : Offre maggiore durata e funzionalit\u00e0, proteggendo dall&#8217;usura dovuta ai cambi di marcia.<\/li>\n<li>Protezione ventilata per tibia e tallone : Garantisce copertura completa e comfort, proteggendo le aree critiche.<\/li>\n<li>3D Pannello di fisarmonica : Situato sia sul retro che sul davanti per aumentare il movimento e la flessibilit\u00e0, fondamentali per l&#8217;agilit\u00e0 durante le gare.<\/li>\n<li>Sistema di chiusura del cinturino : Fornisce una vestibilit\u00e0 sicura e aderente, essenziale per mantenere la stabilit\u00e0 alle alte velocit\u00e0.<\/li>\n<li>Suola in gomma antiscivolo : Offre grip e stabilit\u00e0 eccezionali, perfetti sia per le piste da corsa che per le condizioni fuoristrada.<\/li>\n<li>Perfetto per le corse e il fuoristrada :Combina funzionalit\u00e0 di sicurezza avanzate con una struttura robusta per prestazioni senza pari in qualsiasi ambiente.<\/li>\n<\/ul>\n","protected":false},"excerpt":{"rendered":"<p>Bela Turbo Track Motociclo Pelle Da Corsa Stivali Costruzione esterna in microfibra : Durevole e resistente, progettato per resistere alle<\/p>\n","protected":false},"featured_media":281979,"template":"","meta":[],"product_brand":[],"product_cat":[1012,1016,1018,1017],"product_tag":[4546],"class_list":{"0":"post-282018","1":"product","2":"type-product","3":"status-publish","4":"has-post-thumbnail","6":"product_cat-abbigliamento-da-moto","7":"product_cat-stivali-da-moto","8":"product_cat-stivali-racing-uomo","9":"product_cat-stivali-da-moto-uomo","10":"product_tag-stivali-da-moto-da-corsa","11":"pa_size-38-it","12":"pa_size-39-it","13":"pa_size-40-it","14":"pa_size-41-it","15":"pa_size-42-it","16":"pa_size-43-it","17":"pa_size-44-it","18":"pa_size-45-it","19":"pa_size-46-it","20":"pa_size-47-it","21":"pa_size-48-it","23":"first","24":"outofstock","25":"sale","26":"taxable","27":"shipping-taxable","28":"purchasable","29":"product-type-variable","30":"has-default-attributes"},"_links":{"self":[{"href":"https:\/\/primomoto.es\/it\/wp-json\/wp\/v2\/product\/282018","targetHints":{"allow":["GET"]}}],"collection":[{"href":"https:\/\/primomoto.es\/it\/wp-json\/wp\/v2\/product"}],"about":[{"href":"https:\/\/primomoto.es\/it\/wp-json\/wp\/v2\/types\/product"}],"wp:featuredmedia":[{"embeddable":true,"href":"https:\/\/primomoto.es\/it\/wp-json\/wp\/v2\/media\/281979"}],"wp:attachment":[{"href":"https:\/\/primomoto.es\/it\/wp-json\/wp\/v2\/media?parent=282018"}],"wp:term":[{"taxonomy":"product_brand","embeddable":true,"href":"https:\/\/primomoto.es\/it\/wp-json\/wp\/v2\/product_brand?post=282018"},{"taxonomy":"product_cat","embeddable":true,"href":"https:\/\/primomoto.es\/it\/wp-json\/wp\/v2\/product_cat?post=282018"},{"taxonomy":"product_tag","embeddable":true,"href":"https:\/\/primomoto.es\/it\/wp-json\/wp\/v2\/product_tag?post=282018"}],"curies":[{"name":"wp","href":"https:\/\/api.w.org\/{rel}","templated":true}]}}