{"id":281833,"date":"2024-03-20T18:18:44","date_gmt":"2024-03-20T18:52:05","guid":{"rendered":"https:\/\/primomoto.es\/shua-super-tech-motociclo-da-corsa-stivali-nero-giallo\/"},"modified":"2024-03-20T19:12:23","modified_gmt":"2024-03-20T19:12:23","slug":"shua-super-tech-motociclo-da-corsa-stivali-nero-giallo","status":"publish","type":"product","link":"https:\/\/primomoto.es\/it\/shua-super-tech-motociclo-da-corsa-stivali-nero-giallo\/","title":{"rendered":"Shua Super Tech Motociclo Da corsa Stivali Nero\/Giallo"},"content":{"rendered":"<h2>Motociclo Da corsa Stivali \u2013 Shua Super Tech Stivali<\/h2>\n<p>Lo stivale S\ufe0fHUA Super-Tech \u00e8 realizzato con una tomaia in microfibra tecnica e durevole che offre eccellenti livelli di flessibilit\u00e0 Zone flessibili anteriori a fisarmonica Rexin e colletto in microfibra per un comfort e una manovrabilit\u00e0 superiori.<\/p>\n<ul>\n<li>Tre cinghie di chiusura a marchio VELCRO\u00ae regolabili per una chiusura e una vestibilit\u00e0 sicure<\/li>\n<li>Le coppe alla caviglia a doppia densit\u00e0 sono sostenute da imbottitura in schiuma per protezione e comfort su entrambi i lati<\/li>\n<li>La fodera interna del colletto \u00e8 comoda e resistente<\/li>\n<li>Contrafforti interni del tallone e della punta per una maggiore integrit\u00e0 strutturale<\/li>\n<li>Esclusiva suola in mescola di gomma vulcanizzata Shua con un esclusivo design avvolgente laterale<\/li>\n<li>L&#8217;intersuola in poliammide ad alto modulo iniettata segue la forma del piede e presenta un rinforzo strutturato del gambo<\/li>\n<li>La protezione stinco esterna in TPU avvolge il polpaccio esterno ed \u00e8 progettata per diffondere e dissipare l&#8217;energia dell&#8217;impatto su tutta la superficie rimanendo compatto<\/li>\n<li>Ventilazione posizionata strategicamente in TPU tallone e stinco<\/li>\n<\/ul>\n","protected":false},"excerpt":{"rendered":"<p>Motociclo Da corsa Stivali \u2013 Shua Super Tech Stivali Lo stivale S\ufe0fHUA Super-Tech \u00e8 realizzato con una tomaia in microfibra<\/p>\n","protected":false},"featured_media":281726,"template":"","meta":[],"product_brand":[],"product_cat":[1012,1016,1018,1017],"product_tag":[],"class_list":{"0":"post-281833","1":"product","2":"type-product","3":"status-publish","4":"has-post-thumbnail","6":"product_cat-abbigliamento-da-moto","7":"product_cat-stivali-da-moto","8":"product_cat-stivali-racing-uomo","9":"product_cat-stivali-da-moto-uomo","10":"pa_size-39-it","11":"pa_size-40-it","12":"pa_size-41-it","13":"pa_size-42-it","14":"pa_size-43-it","15":"pa_size-44-it","16":"pa_size-45-it","17":"pa_size-46-it","18":"pa_size-47-it","19":"pa_size-48-it","21":"first","22":"outofstock","23":"sale","24":"taxable","25":"shipping-taxable","26":"purchasable","27":"product-type-variable","28":"has-default-attributes"},"_links":{"self":[{"href":"https:\/\/primomoto.es\/it\/wp-json\/wp\/v2\/product\/281833","targetHints":{"allow":["GET"]}}],"collection":[{"href":"https:\/\/primomoto.es\/it\/wp-json\/wp\/v2\/product"}],"about":[{"href":"https:\/\/primomoto.es\/it\/wp-json\/wp\/v2\/types\/product"}],"wp:featuredmedia":[{"embeddable":true,"href":"https:\/\/primomoto.es\/it\/wp-json\/wp\/v2\/media\/281726"}],"wp:attachment":[{"href":"https:\/\/primomoto.es\/it\/wp-json\/wp\/v2\/media?parent=281833"}],"wp:term":[{"taxonomy":"product_brand","embeddable":true,"href":"https:\/\/primomoto.es\/it\/wp-json\/wp\/v2\/product_brand?post=281833"},{"taxonomy":"product_cat","embeddable":true,"href":"https:\/\/primomoto.es\/it\/wp-json\/wp\/v2\/product_cat?post=281833"},{"taxonomy":"product_tag","embeddable":true,"href":"https:\/\/primomoto.es\/it\/wp-json\/wp\/v2\/product_tag?post=281833"}],"curies":[{"name":"wp","href":"https:\/\/api.w.org\/{rel}","templated":true}]}}