{"id":280090,"date":"2024-03-12T09:32:03","date_gmt":"2024-03-12T09:32:03","guid":{"rendered":"https:\/\/primomoto.es\/bela-bradley-motociclo-tessile-giacca-limited-edition-nero-orange\/"},"modified":"2024-03-12T11:08:07","modified_gmt":"2024-03-12T11:08:07","slug":"bela-bradley-motociclo-tessile-giacca-limited-edition-nero-arancia","status":"publish","type":"product","link":"https:\/\/primomoto.es\/it\/bela-bradley-motociclo-tessile-giacca-limited-edition-nero-arancia\/","title":{"rendered":"Bela Bradley Motociclo Tessile Giacca Limited Edition Nero \/ Orange"},"content":{"rendered":"<h2><strong>Bela Bradley Men&#8217;s Motociclo Giacca<\/strong><\/h2>\n<p>Bela Bradley \u00e8 una giacca che tutti i motociclisti amano. \u00c8 realizzato appositamente per il comfort nei viaggi lunghi o brevi. Garantendo sempre la massima sicurezza per il motociclista.<\/p>\n<p>Ha una copertura in poliestere che non solo pu\u00f2 mantenerlo fresco. Pu\u00f2 anche proteggerti per rendere il tuo giro in moto molto pi\u00f9 piacevole.<\/p>\n<p><strong>Informazioni tecniche:<\/strong><\/p>\n<ul>\n<li>Copertura esterna in poliestere.<\/li>\n<li>Fodera interna in rete con fissaggio morbido.<\/li>\n<li>Protezioni removibili secondo normativa CE su spalle e gomiti.<\/li>\n<li>Fodera in poliestere removibile con tasca interna per cellulare e documenti.<\/li>\n<li>Tessuto piacevole e morbido al tatto sul collo.<\/li>\n<li>Due tasche scaldamani.<\/li>\n<li>Imbottitura nella zona delle spalle e dei polsini.<\/li>\n<li>Protezioni per spalle, gomiti e schiena.<\/li>\n<li>Elementi riflettenti per la visibilit\u00e0 notturna.<\/li>\n<li>Polsino con chiusura in velcro.<\/li>\n<\/ul>\n","protected":false},"excerpt":{"rendered":"<p>Bela Bradley Men&#8217;s Motociclo Giacca Bela Bradley \u00e8 una giacca che tutti i motociclisti amano. \u00c8 realizzato appositamente per il<\/p>\n","protected":false},"featured_media":280042,"template":"","meta":[],"product_brand":[],"product_cat":[1012,1116,1055,1053],"product_tag":[],"class_list":{"0":"post-280090","1":"product","2":"type-product","3":"status-publish","4":"has-post-thumbnail","6":"product_cat-abbigliamento-da-moto","7":"product_cat-giacche-da-moto","8":"product_cat-giacche-tessuto-uomo","9":"product_cat-giacche-moto-uomo","10":"pa_size-2xl-it","11":"pa_size-3xl-it","12":"pa_size-4xl-it","13":"pa_size-l-it","14":"pa_size-m-it","15":"pa_size-s-it","16":"pa_size-xl-it","18":"first","19":"outofstock","20":"sale","21":"taxable","22":"shipping-taxable","23":"purchasable","24":"product-type-variable","25":"has-default-attributes"},"_links":{"self":[{"href":"https:\/\/primomoto.es\/it\/wp-json\/wp\/v2\/product\/280090","targetHints":{"allow":["GET"]}}],"collection":[{"href":"https:\/\/primomoto.es\/it\/wp-json\/wp\/v2\/product"}],"about":[{"href":"https:\/\/primomoto.es\/it\/wp-json\/wp\/v2\/types\/product"}],"wp:featuredmedia":[{"embeddable":true,"href":"https:\/\/primomoto.es\/it\/wp-json\/wp\/v2\/media\/280042"}],"wp:attachment":[{"href":"https:\/\/primomoto.es\/it\/wp-json\/wp\/v2\/media?parent=280090"}],"wp:term":[{"taxonomy":"product_brand","embeddable":true,"href":"https:\/\/primomoto.es\/it\/wp-json\/wp\/v2\/product_brand?post=280090"},{"taxonomy":"product_cat","embeddable":true,"href":"https:\/\/primomoto.es\/it\/wp-json\/wp\/v2\/product_cat?post=280090"},{"taxonomy":"product_tag","embeddable":true,"href":"https:\/\/primomoto.es\/it\/wp-json\/wp\/v2\/product_tag?post=280090"}],"curies":[{"name":"wp","href":"https:\/\/api.w.org\/{rel}","templated":true}]}}