{"id":140534,"date":"2022-10-13T06:17:50","date_gmt":"2022-10-13T06:23:25","guid":{"rendered":"https:\/\/primomoto.es\/bela-biker-motocicleta-textil-bolsa-negro\/"},"modified":"2022-10-13T06:23:37","modified_gmt":"2022-10-13T06:23:37","slug":"bolsillo-impermeable-con-solapa-de-velcro-para-guardar-objetos-de-valor-de-forma-segura","status":"publish","type":"product","link":"https:\/\/primomoto.es\/it\/bolsillo-impermeable-con-solapa-de-velcro-para-guardar-objetos-de-valor-de-forma-segura\/","title":{"rendered":"Bela Biker Motocicleta Textil Bolsa Negro"},"content":{"rendered":"<h2><strong><span>Bela motorista Lado bolsa<\/span><\/strong><\/h2>\n<p><span>La bolsa lateral Bela Biker es una soluci\u00f3n ingeniosa para acceder f\u00e1cilmente a las llaves, la identificaci\u00f3n, las tarjetas de cr\u00e9dito, un tel\u00e9fono celular y otros peque\u00f1os elementos esenciales dentro y fuera de la bicicleta. Delgada y discreta, con capacidad optimizada y acceso a trav\u00e9s de un pr\u00e1ctico cierre de cremallera superior, esta bolsa elegante, ergon\u00f3mica y duradera se coloca en el muslo; la ubicaci\u00f3n perfecta para un f\u00e1cil acceso mientras se conduce.<\/span><\/p>\n<p><strong><span>Caracter\u00edstica:<\/span><\/strong><\/p>\n<ul>\n<li><span>Construcci\u00f3n de tela de polietileno resistente para mayor durabilidad.<\/span><\/li>\n<li><span>Broche para cintur\u00f3n para un ajuste seguro<\/span><\/li>\n<li><span>Correa ajustable de Velcro\u00ae para un ajuste optimizado<\/span><\/li>\n<li><span>Bolsillo impermeable con solapa de Velcro\u00ae para guardar objetos de valor de forma segura<\/span><\/li>\n<li><span>Bolsillo impermeable con solapa de Velcro\u00ae para guardar objetos de valor de forma segura<\/span><\/li>\n<\/ul>\n","protected":false},"excerpt":{"rendered":"<p>Bela motorista Lado bolsa La bolsa lateral Bela Biker es una soluci\u00f3n ingeniosa para acceder f\u00e1cilmente a las llaves, la<\/p>\n","protected":false},"featured_media":140526,"template":"","meta":[],"product_brand":[],"product_cat":[1436,3561],"product_tag":[3857,4199],"class_list":{"0":"post-140534","1":"product","2":"type-product","3":"status-publish","4":"has-post-thumbnail","6":"product_cat-accesorios-de-moto","7":"product_cat-accesorios_bolsos","8":"product_tag-bolsa-de-moto-3","9":"product_tag-bolsa-de-moto-textil","10":"pa_size-universal-2","12":"first","13":"instock","14":"taxable","15":"shipping-taxable","16":"purchasable","17":"product-type-variable","18":"has-default-attributes"},"_links":{"self":[{"href":"https:\/\/primomoto.es\/it\/wp-json\/wp\/v2\/product\/140534","targetHints":{"allow":["GET"]}}],"collection":[{"href":"https:\/\/primomoto.es\/it\/wp-json\/wp\/v2\/product"}],"about":[{"href":"https:\/\/primomoto.es\/it\/wp-json\/wp\/v2\/types\/product"}],"wp:featuredmedia":[{"embeddable":true,"href":"https:\/\/primomoto.es\/it\/wp-json\/wp\/v2\/media\/140526"}],"wp:attachment":[{"href":"https:\/\/primomoto.es\/it\/wp-json\/wp\/v2\/media?parent=140534"}],"wp:term":[{"taxonomy":"product_brand","embeddable":true,"href":"https:\/\/primomoto.es\/it\/wp-json\/wp\/v2\/product_brand?post=140534"},{"taxonomy":"product_cat","embeddable":true,"href":"https:\/\/primomoto.es\/it\/wp-json\/wp\/v2\/product_cat?post=140534"},{"taxonomy":"product_tag","embeddable":true,"href":"https:\/\/primomoto.es\/it\/wp-json\/wp\/v2\/product_tag?post=140534"}],"curies":[{"name":"wp","href":"https:\/\/api.w.org\/{rel}","templated":true}]}}