{"id":131964,"date":"2022-09-20T10:21:33","date_gmt":"2022-09-20T11:24:58","guid":{"rendered":"https:\/\/primomoto.es\/bela-race-pro-r6-motociclo-da-corsa-stivali-nero\/"},"modified":"2022-09-20T11:24:58","modified_gmt":"2022-09-20T11:24:58","slug":"bela-race-pro-r6-stivali-moto-racing-nero","status":"publish","type":"product","link":"https:\/\/primomoto.es\/it\/bela-race-pro-r6-stivali-moto-racing-nero\/","title":{"rendered":"Bela Race Pro R6 Motociclo Da Corsa Stivali Nero"},"content":{"rendered":"<h4 class=\"section-title\">Descrizione:<\/h4>\n<div class=\"section-content\">\n<div class=\"product-description \">\n<div class=\"rte-content\">\n<p>Stivale in pelle da moto da corsa Bela Race Pro<\/p>\n<p>Bela Race Pro \u00e8 uno degli stivali da moto pi\u00f9 resistenti, affidabili, comodi e meglio protetti. \u00c8 uno scarpone da competizione di fascia alta progettato per il circuito.<\/p>\n<p>Fa parte dell&#8217;abbigliamento del pilota, dona stile e protezione allo stesso tempo.<\/p>\n<p>Specifiche tecniche<\/p>\n<p>\u25cf Tomaia in microfibra.<\/p>\n<p>\u25cf Suola speciale in mescola a doppia densit\u00e0 per le competizioni.<\/p>\n<p>\u25cf Antitorsione con cornice antigraffio incorporata.<\/p>\n<p>\u25cf Fermo ammortizzatore posteriore per la massima sicurezza.<\/p>\n<p>\u25cf Dispositivo di scorrimento per le dita in acciaio inossidabile.<\/p>\n<p>\u25cf Protezione aggressiva dei cuscinetti in plastica nell&#8217;area del cambio.<\/p>\n<p>\u25cf Protezione in plastica stampata ad iniezione.<\/p>\n<p>\u25cf Sistema di aspirazione dell&#8217;aria.<\/p>\n<p>\u25cf Chiusura con velcro e cerniera.<\/p>\n<p>\u25cf Chiusura a cricchetto con fibbia posteriore.<\/p>\n<p>\u25cf Sistema di chiusura frontale con chiusura a pressione.<\/p>\n<p>\u25cf Controtallone in plastica di nylon rinforzato.<\/p>\n<p>\u25cf Fodera in rete per la ventilazione.<\/p>\n<p>\u25cf Imbottitura in polimero extra morbido con memory foam.<\/p>\n<p>\u25cf Rinforzi in nylon poliuretanico.<\/p>\n<p>\u25cf Intersuola antiscivolo.<\/p>\n<p>\u25cf Soletta antibatterica sostituibile.<\/p>\n<p>\u25cf Sottopiede aggiuntivo per una calzata sicura.<\/p>\n<\/div><\/div><\/div>\n","protected":false},"excerpt":{"rendered":"<p>Descrizione: Stivale in pelle da moto da corsa Bela Race Pro Bela Race Pro \u00e8 uno degli stivali da moto<\/p>\n","protected":false},"featured_media":131889,"template":"","meta":[],"product_brand":[],"product_cat":[1012],"product_tag":[1304,4546,1302],"class_list":{"0":"post-131964","1":"product","2":"type-product","3":"status-publish","4":"has-post-thumbnail","6":"product_cat-abbigliamento-da-moto","7":"product_tag-stivali-da-corsa-da-uomo","8":"product_tag-stivali-da-moto-da-corsa","9":"product_tag-stivali-di-pelle","10":"pa_size-41-it","11":"pa_size-42-it","12":"pa_size-43-it","13":"pa_size-44-it","14":"pa_size-45-it","16":"first","17":"instock","18":"sale","19":"taxable","20":"shipping-taxable","21":"product-type-variable","22":"has-default-attributes"},"_links":{"self":[{"href":"https:\/\/primomoto.es\/it\/wp-json\/wp\/v2\/product\/131964","targetHints":{"allow":["GET"]}}],"collection":[{"href":"https:\/\/primomoto.es\/it\/wp-json\/wp\/v2\/product"}],"about":[{"href":"https:\/\/primomoto.es\/it\/wp-json\/wp\/v2\/types\/product"}],"wp:featuredmedia":[{"embeddable":true,"href":"https:\/\/primomoto.es\/it\/wp-json\/wp\/v2\/media\/131889"}],"wp:attachment":[{"href":"https:\/\/primomoto.es\/it\/wp-json\/wp\/v2\/media?parent=131964"}],"wp:term":[{"taxonomy":"product_brand","embeddable":true,"href":"https:\/\/primomoto.es\/it\/wp-json\/wp\/v2\/product_brand?post=131964"},{"taxonomy":"product_cat","embeddable":true,"href":"https:\/\/primomoto.es\/it\/wp-json\/wp\/v2\/product_cat?post=131964"},{"taxonomy":"product_tag","embeddable":true,"href":"https:\/\/primomoto.es\/it\/wp-json\/wp\/v2\/product_tag?post=131964"}],"curies":[{"name":"wp","href":"https:\/\/api.w.org\/{rel}","templated":true}]}}