{"id":131862,"date":"2022-09-20T07:40:46","date_gmt":"2022-09-20T08:25:07","guid":{"rendered":"https:\/\/primomoto.es\/bela-race-pro-r6-motociclo-da-corsa-stivali-nero-bianco\/"},"modified":"2023-04-05T09:24:11","modified_gmt":"2023-04-05T09:24:11","slug":"bela-race-pro-r6-stivali-moto-racing-nero-bianco","status":"publish","type":"product","link":"https:\/\/primomoto.es\/it\/bela-race-pro-r6-stivali-moto-racing-nero-bianco\/","title":{"rendered":"Bela Race Pro R6 Motociclo Da Corsa Stivali Nero\/Bianco"},"content":{"rendered":"<p>&nbsp;<\/p>\n<h4 class=\"section-title\">Descrizione:<\/h4>\n<div class=\"section-content\">\n<div class=\"product-description \">\n<div class=\"rte-content\">\n<p>Stivale in pelle da moto da corsa Bela Race Pro<\/p>\n<p>Bela Race Pro \u00e8 uno degli stivali da moto pi\u00f9 resistenti, affidabili, comodi e meglio protetti. \u00c8 uno scarpone da competizione di fascia alta progettato per il circuito.<\/p>\n<p>Fa parte dell&#8217;abbigliamento del pilota, dona stile e protezione allo stesso tempo.<\/p>\n<p>specifiche tecniche<\/p>\n<p>\u25cf Tomaia in microfibra.<\/p>\n<p>\u25cf Suola speciale in mescola a doppia densit\u00e0 per le competizioni.<\/p>\n<p>\u25cf Antitorsione con cornice antigraffio incorporata.<\/p>\n<p>\u25cf Fermo ammortizzatore posteriore per la massima sicurezza.<\/p>\n<p>\u25cf Dispositivo di scorrimento per le dita in acciaio inossidabile.<\/p>\n<p>\u25cf Protezione aggressiva dei cuscinetti in plastica nell&#8217;area del cambio.<\/p>\n<p>\u25cf Protezione in plastica stampata ad iniezione.<\/p>\n<p>\u25cf Sistema di aspirazione dell&#8217;aria.<\/p>\n<p>\u25cf Chiusura con velcro e cerniera.<\/p>\n<p>\u25cf Chiusura a cricchetto con fibbia posteriore.<\/p>\n<p>\u25cf Sistema di chiusura frontale con chiusura a pressione.<\/p>\n<p>\u25cf Controtallone in plastica di nylon rinforzato.<\/p>\n<p>\u25cf Fodera in rete per la ventilazione.<\/p>\n<p>\u25cf Imbottitura in polimero extra morbido con memory foam.<\/p>\n<p>\u25cf Rinforzi in nylon poliuretanico.<\/p>\n<p>\u25cf Intersuola antiscivolo.<\/p>\n<p>\u25cf Soletta antibatterica sostituibile.<\/p>\n<p>\u25cf Sottopiede aggiuntivo per una calzata sicura<\/p>\n<\/div>\n<\/div>\n<\/div>\n","protected":false},"excerpt":{"rendered":"<p>&nbsp; Descrizione: Stivale in pelle da moto da corsa Bela Race Pro Bela Race Pro \u00e8 uno degli stivali da<\/p>\n","protected":false},"featured_media":131791,"template":"","meta":[],"product_brand":[],"product_cat":[1012,3269,1016,1018,1017],"product_tag":[1304,4546,1302],"class_list":{"0":"post-131862","1":"product","2":"type-product","3":"status-publish","4":"has-post-thumbnail","6":"product_cat-abbigliamento-da-moto","7":"product_cat-corsa","8":"product_cat-stivali-da-moto","9":"product_cat-stivali-racing-uomo","10":"product_cat-stivali-da-moto-uomo","11":"product_tag-stivali-da-corsa-da-uomo","12":"product_tag-stivali-da-moto-da-corsa","13":"product_tag-stivali-di-pelle","14":"pa_size-41-it","15":"pa_size-42-it","16":"pa_size-43-it","17":"pa_size-44-it","18":"pa_size-45-it","20":"first","21":"outofstock","22":"sale","23":"taxable","24":"shipping-taxable","25":"purchasable","26":"product-type-variable","27":"has-default-attributes"},"_links":{"self":[{"href":"https:\/\/primomoto.es\/it\/wp-json\/wp\/v2\/product\/131862","targetHints":{"allow":["GET"]}}],"collection":[{"href":"https:\/\/primomoto.es\/it\/wp-json\/wp\/v2\/product"}],"about":[{"href":"https:\/\/primomoto.es\/it\/wp-json\/wp\/v2\/types\/product"}],"wp:featuredmedia":[{"embeddable":true,"href":"https:\/\/primomoto.es\/it\/wp-json\/wp\/v2\/media\/131791"}],"wp:attachment":[{"href":"https:\/\/primomoto.es\/it\/wp-json\/wp\/v2\/media?parent=131862"}],"wp:term":[{"taxonomy":"product_brand","embeddable":true,"href":"https:\/\/primomoto.es\/it\/wp-json\/wp\/v2\/product_brand?post=131862"},{"taxonomy":"product_cat","embeddable":true,"href":"https:\/\/primomoto.es\/it\/wp-json\/wp\/v2\/product_cat?post=131862"},{"taxonomy":"product_tag","embeddable":true,"href":"https:\/\/primomoto.es\/it\/wp-json\/wp\/v2\/product_tag?post=131862"}],"curies":[{"name":"wp","href":"https:\/\/api.w.org\/{rel}","templated":true}]}}