{"id":100777,"date":"2022-02-25T17:41:02","date_gmt":"2022-02-25T17:41:02","guid":{"rendered":"https:\/\/primomoto.es\/bela-knee-sliders-negro-amarillo-fluor\/"},"modified":"2025-11-10T19:39:40","modified_gmt":"2025-11-10T19:39:40","slug":"bela-rodilla-chanclas-negro-amarillo-fluor","status":"publish","type":"product","link":"https:\/\/primomoto.es\/it\/bela-rodilla-chanclas-negro-amarillo-fluor\/","title":{"rendered":"Bela Knee Sliders Negro \/ Amarillo Fl\u00faor"},"content":{"rendered":"<h2><strong><span style=\"vertical-align: inherit;\"><span style=\"vertical-align: inherit;\">Deslizador de joelho de motocicleta Bela<\/span><\/span><\/strong><\/h2>\n<p><span style=\"vertical-align: inherit;\"><span style=\"vertical-align: inherit;\">Durable yet allows good feel in turns. <\/span><\/span><span style=\"vertical-align: inherit;\"><span style=\"vertical-align: inherit;\">Anatomically shaped for optimal contact, <\/span><\/span><span style=\"vertical-align: inherit;\"><span style=\"vertical-align: inherit;\">evenward distribution and lighter weight. <\/span><\/span><span style=\"vertical-align: inherit;\"><span style=\"vertical-align: inherit;\">Standard fitment on most Bela leather suits.<\/span><\/span><\/p>\n<p><strong><span style=\"vertical-align: inherit;\"><span style=\"vertical-align: inherit;\">Materiais:<\/span><\/span><\/strong><\/p>\n<ul>\n<li><span style=\"vertical-align: inherit;\"><span style=\"vertical-align: inherit;\">100% poliuretano.<\/span><\/span><\/li>\n<\/ul>\n<p><strong><span style=\"vertical-align: inherit;\"><span style=\"vertical-align: inherit;\">Solu\u00e7\u00f5es T\u00e9cnicas:<\/span><\/span><\/strong><\/p>\n<ul>\n<li><span style=\"vertical-align: inherit;\"><span style=\"vertical-align: inherit;\">Pair of Polyurethane slider stuck to the leather with highly resistant velcro.<\/span><\/span><\/li>\n<li><span style=\"vertical-align: inherit;\"><span style=\"vertical-align: inherit;\">Works well for everyday or track use.<\/span><\/span><\/li>\n<\/ul>\n","protected":false},"excerpt":{"rendered":"<p>&nbsp;<\/p>\n<div class=\"short-description\">\n<div class=\"std\">\n<p><span style=\"vertical-align: inherit;\"><br \/>\n<span style=\"vertical-align: inherit;\">Joelheiras altamente protetoras adequadas para todos os tipos de atividades de equita\u00e7\u00e3o e corrida.<\/span><br \/>\n<\/span><\/p>\n<\/div>\n<\/div>\n","protected":false},"featured_media":100757,"template":"","meta":[],"product_brand":[],"product_cat":[1436,3271,3563],"product_tag":[3548,3552],"class_list":{"0":"post-100777","1":"product","2":"type-product","3":"status-publish","4":"has-post-thumbnail","6":"product_cat-accesorios-de-moto","7":"product_cat-carreras","8":"product_cat-accesorios-deslizadores","9":"product_tag-controle-deslizante-de-joelho","10":"product_tag-protector-de-rodilla-de-carrera","11":"pa_size-universal-2","13":"first","14":"instock","15":"sale","16":"taxable","17":"shipping-taxable","18":"purchasable","19":"product-type-variable","20":"has-default-attributes"},"_links":{"self":[{"href":"https:\/\/primomoto.es\/it\/wp-json\/wp\/v2\/product\/100777","targetHints":{"allow":["GET"]}}],"collection":[{"href":"https:\/\/primomoto.es\/it\/wp-json\/wp\/v2\/product"}],"about":[{"href":"https:\/\/primomoto.es\/it\/wp-json\/wp\/v2\/types\/product"}],"wp:featuredmedia":[{"embeddable":true,"href":"https:\/\/primomoto.es\/it\/wp-json\/wp\/v2\/media\/100757"}],"wp:attachment":[{"href":"https:\/\/primomoto.es\/it\/wp-json\/wp\/v2\/media?parent=100777"}],"wp:term":[{"taxonomy":"product_brand","embeddable":true,"href":"https:\/\/primomoto.es\/it\/wp-json\/wp\/v2\/product_brand?post=100777"},{"taxonomy":"product_cat","embeddable":true,"href":"https:\/\/primomoto.es\/it\/wp-json\/wp\/v2\/product_cat?post=100777"},{"taxonomy":"product_tag","embeddable":true,"href":"https:\/\/primomoto.es\/it\/wp-json\/wp\/v2\/product_tag?post=100777"}],"curies":[{"name":"wp","href":"https:\/\/api.w.org\/{rel}","templated":true}]}}