{"id":34041,"date":"2021-03-30T04:39:04","date_gmt":"2021-03-30T04:39:04","guid":{"rendered":"https:\/\/primomoto.es\/faqs\/"},"modified":"2021-11-02T10:27:49","modified_gmt":"2021-11-02T10:27:49","slug":"faqs","status":"publish","type":"page","link":"https:\/\/primomoto.es\/it\/faqs\/","title":{"rendered":"FAQs"},"content":{"rendered":"<section class=\"wpb-content-wrapper\"><p>[vc_row full_width=&#8221;stretch_row_content&#8221; mobile_bg_img_hidden=&#8221;no&#8221; tablet_bg_img_hidden=&#8221;no&#8221; woodmart_parallax=&#8221;0&#8243; woodmart_gradient_switch=&#8221;no&#8221; row_reverse_mobile=&#8221;0&#8243; row_reverse_tablet=&#8221;0&#8243; woodmart_disable_overflow=&#8221;0&#8243;][vc_column woodmart_text_align=&#8221;center&#8221; offset=&#8221;vc_col-lg-offset-3 vc_col-lg-6 vc_col-md-6&#8243; css=&#8221;.vc_custom_1528808528297{margin-bottom: 4vh !important;}&#8221;]\t\t\t<div id=\"wd-5fef3369218ce\" class=\"wd-text-block-wrapper wd-wpb wd-rs-5fef3369218ce color-scheme-dark text-center wd-off-anim wpb_animate_when_almost_visible wpb_wd-zoom-in wd-zoom-in wd-anim-name_wd-zoom-in wd-width-enabled \" style=\"--wd-max-width: 90%;\">\n\t\t\t\t<div class=\"woodmart-title-container woodmart-text-block reset-last-child font-primary wd-font-weight-600 wd-fontsize-xxxl\">\n\t\t\t\t\t<\/p>\n<h6><strong>Domande frequenti (FAQ)<\/strong><\/h6>\n<p>\t\t\t\t<\/div>\n\n\t\t\t\t\t\t\t<\/div>\n\t\t[\/vc_column][\/vc_row][vc_row full_width=&#8221;stretch_row_content&#8221; content_placement=&#8221;middle&#8221; woodmart_disable_overflow=&#8221;1&#8243; el_class=&#8221;z-index-10&#8243; mobile_bg_img_hidden=&#8221;no&#8221; tablet_bg_img_hidden=&#8221;no&#8221; woodmart_parallax=&#8221;0&#8243; woodmart_gradient_switch=&#8221;no&#8221; row_reverse_mobile=&#8221;0&#8243; row_reverse_tablet=&#8221;0&#8243; css=&#8221;.vc_custom_1599471684546{padding-right: 15% !important;padding-left: 15% !important;}&#8221;][vc_column width=&#8221;1\/2&#8243; offset=&#8221;vc_col-lg-6 vc_col-md-6&#8243; mobile_bg_img_hidden=&#8221;no&#8221; tablet_bg_img_hidden=&#8221;no&#8221; woodmart_parallax=&#8221;0&#8243; woodmart_sticky_column=&#8221;false&#8221; parallax_scroll=&#8221;no&#8221; mobile_reset_margin=&#8221;no&#8221; tablet_reset_margin=&#8221;no&#8221;]\t\t\t<div id=\"wd-611a4ba50803f\" class=\"wd-text-block-wrapper wd-wpb wd-rs-611a4ba50803f color-scheme- text-left wd-off-anim wpb_animate_when_almost_visible wpb_wd-slide-from-left wd-slide-from-left wd-anim-name_wd-slide-from-left wd-width-enabled \" style=\"--wd-max-width: 90%;\">\n\t\t\t\t<div class=\"woodmart-title-container woodmart-text-block reset-last-child font-text wd-font-weight-400 \">\n\t\t\t\t\t<span style=\"color: #000000;\"><strong>QUANTO TEMPO CI VUOLE PER ARRIVARE IL MIO ORDINE ?<\/strong><\/span>\t\t\t\t<\/div>\n\n\t\t\t\t\t\t\t<\/div>\n\t\t\t\t\t<div id=\"wd-611a4bb7cd8a0\" class=\"wd-text-block-wrapper wd-wpb wd-rs-611a4bb7cd8a0 color-scheme- text-left wd-off-anim wpb_animate_when_almost_visible wpb_wd-slide-from-left wd-slide-from-left wd-anim-name_wd-slide-from-left wd-width-enabled \" style=\"--wd-max-width: 90%;\">\n\t\t\t\t<div class=\"woodmart-title-container woodmart-text-block reset-last-child font-text wd-font-weight-400 \">\n\t\t\t\t\t<span style=\"color: #000000;\">I tempi di consegna dipendono dalla disponibilit\u00e0 del prodotto, dalla sua destinazione di spedizione e dai tempi di consegna del corriere partner presso la tua posizione.<\/span>\t\t\t\t<\/div>\n\n\t\t\t\t\t\t\t<\/div>\n\t\t[\/vc_column][vc_column width=&#8221;1\/2&#8243; mobile_bg_img_hidden=&#8221;no&#8221; tablet_bg_img_hidden=&#8221;no&#8221; woodmart_parallax=&#8221;0&#8243; woodmart_sticky_column=&#8221;false&#8221; parallax_scroll=&#8221;no&#8221; mobile_reset_margin=&#8221;no&#8221; tablet_reset_margin=&#8221;no&#8221;]\t\t\t<div id=\"wd-611a4baeee363\" class=\"wd-text-block-wrapper wd-wpb wd-rs-611a4baeee363 color-scheme- text-left wd-off-anim wpb_animate_when_almost_visible wpb_wd-slide-from-right wd-slide-from-right wd-anim-name_wd-slide-from-right wd-width-enabled \" style=\"--wd-max-width: 90%;\">\n\t\t\t\t<div class=\"woodmart-title-container woodmart-text-block reset-last-child font-text wd-font-weight-400 \">\n\t\t\t\t\t<span style=\"color: #000000;\"><strong>QUALI GIORNI SONO CONSIDERATI LAVORABILI?<\/strong><\/span>\t\t\t\t<\/div>\n\n\t\t\t\t\t\t\t<\/div>\n\t\t\t\t\t<div id=\"wd-611a4bc035516\" class=\"wd-text-block-wrapper wd-wpb wd-rs-611a4bc035516 color-scheme- text-left wd-off-anim wpb_animate_when_almost_visible wpb_wd-slide-from-right wd-slide-from-right wd-anim-name_wd-slide-from-right wd-width-enabled \" style=\"--wd-max-width: 90%;\">\n\t\t\t\t<div class=\"woodmart-title-container woodmart-text-block reset-last-child font-text wd-font-weight-400 \">\n\t\t\t\t\t<span style=\"color: #000000;\">I giorni lavorativi sono dal luned\u00ec al venerd\u00ec, esclusi i fine settimana e tutti i giorni festivi.<\/span>\t\t\t\t<\/div>\n\n\t\t\t\t\t\t\t<\/div>\n\t\t[\/vc_column][\/vc_row][vc_row full_width=&#8221;stretch_row_content&#8221; content_placement=&#8221;middle&#8221; woodmart_disable_overflow=&#8221;1&#8243; el_class=&#8221;z-index-10&#8243; mobile_bg_img_hidden=&#8221;no&#8221; tablet_bg_img_hidden=&#8221;no&#8221; woodmart_parallax=&#8221;0&#8243; woodmart_gradient_switch=&#8221;no&#8221; row_reverse_mobile=&#8221;0&#8243; row_reverse_tablet=&#8221;0&#8243; css=&#8221;.vc_custom_1599471679143{padding-right: 15% !important;padding-left: 15% !important;}&#8221;][vc_column width=&#8221;1\/2&#8243; offset=&#8221;vc_col-lg-6 vc_col-md-6&#8243; mobile_bg_img_hidden=&#8221;no&#8221; tablet_bg_img_hidden=&#8221;no&#8221; woodmart_parallax=&#8221;0&#8243; woodmart_sticky_column=&#8221;false&#8221; parallax_scroll=&#8221;no&#8221; mobile_reset_margin=&#8221;no&#8221; tablet_reset_margin=&#8221;no&#8221;]\t\t\t<div id=\"wd-611a4bca0e5ed\" class=\"wd-text-block-wrapper wd-wpb wd-rs-611a4bca0e5ed color-scheme- text-left wd-off-anim wpb_animate_when_almost_visible wpb_wd-slide-from-left wd-slide-from-left wd-anim-name_wd-slide-from-left wd-width-enabled \" style=\"--wd-max-width: 90%;\">\n\t\t\t\t<div class=\"woodmart-title-container woodmart-text-block reset-last-child font-text wd-font-weight-400 \">\n\t\t\t\t\t<span style=\"color: #000000;\"><strong>POSSO SELEZIONARE LA DATA DI CONSEGNA?<\/strong><\/span>\t\t\t\t<\/div>\n\n\t\t\t\t\t\t\t<\/div>\n\t\t\t\t\t<div id=\"wd-611a4bdb5f822\" class=\"wd-text-block-wrapper wd-wpb wd-rs-611a4bdb5f822 color-scheme- text-left wd-off-anim wpb_animate_when_almost_visible wpb_wd-slide-from-left wd-slide-from-left wd-anim-name_wd-slide-from-left wd-width-enabled \" style=\"--wd-max-width: 90%;\">\n\t\t\t\t<div class=\"woodmart-title-container woodmart-text-block reset-last-child font-text wd-font-weight-400 \">\n\t\t\t\t\t<span style=\"color: #000000;\">Se per qualsiasi motivo desideri che il tuo ordine venga consegnato dopo la data concordata, faremo del nostro meglio per accontentarlo. Se desideri questo servizio, ti preghiamo di indicare la data di consegna preferita nella sezione note aggiuntive al momento del pagamento. Per ulteriori informazioni, puoi contattarci tramite e-mail all&#8217;indirizzo customersupport@primomoto.es.<\/span>\t\t\t\t<\/div>\n\n\t\t\t\t\t\t\t<\/div>\n\t\t[\/vc_column][vc_column width=&#8221;1\/2&#8243; mobile_bg_img_hidden=&#8221;no&#8221; tablet_bg_img_hidden=&#8221;no&#8221; woodmart_parallax=&#8221;0&#8243; woodmart_sticky_column=&#8221;false&#8221; parallax_scroll=&#8221;no&#8221; mobile_reset_margin=&#8221;no&#8221; tablet_reset_margin=&#8221;no&#8221;]\t\t\t<div id=\"wd-611a4bd2d69dd\" class=\"wd-text-block-wrapper wd-wpb wd-rs-611a4bd2d69dd color-scheme- text-left wd-off-anim wpb_animate_when_almost_visible wpb_wd-slide-from-right wd-slide-from-right wd-anim-name_wd-slide-from-right wd-width-enabled \" style=\"--wd-max-width: 90%;\">\n\t\t\t\t<div class=\"woodmart-title-container woodmart-text-block reset-last-child font-text wd-font-weight-400 \">\n\t\t\t\t\t<span style=\"color: #000000;\"><strong>COME TRACCIARE IL MIO ORDINE ?<\/strong><\/span><\/p>\n<div id=\"gtx-trans\" style=\"position: absolute; left: 129px; top: 40.3229px;\">\n<div class=\"gtx-trans-icon\"><\/div>\n<\/div>\n<p>\t\t\t\t<\/div>\n\n\t\t\t\t\t\t\t<\/div>\n\t\t\t\t\t<div id=\"wd-611a4be92c012\" class=\"wd-text-block-wrapper wd-wpb wd-rs-611a4be92c012 color-scheme- text-left wd-off-anim wpb_animate_when_almost_visible wpb_wd-slide-from-right wd-slide-from-right wd-anim-name_wd-slide-from-right wd-width-enabled \" style=\"--wd-max-width: 90%;\">\n\t\t\t\t<div class=\"woodmart-title-container woodmart-text-block reset-last-child font-text wd-font-weight-400 \">\n\t\t\t\t\t<span style=\"color: #000000;\">Una volta spedito il tuo articolo, riceverai un&#8217;e-mail da noi che ti fornir\u00e0 un link al sito web del nostro corriere insieme a un numero di spedizione. Ci\u00f2 ti consentir\u00e0 di monitorare lo stato del tuo ordine.<\/span>\t\t\t\t<\/div>\n\n\t\t\t\t\t\t\t<\/div>\n\t\t[\/vc_column][\/vc_row][vc_row full_width=&#8221;stretch_row_content&#8221; content_placement=&#8221;middle&#8221; woodmart_disable_overflow=&#8221;1&#8243; el_class=&#8221;z-index-10&#8243; mobile_bg_img_hidden=&#8221;no&#8221; tablet_bg_img_hidden=&#8221;no&#8221; woodmart_parallax=&#8221;0&#8243; woodmart_gradient_switch=&#8221;no&#8221; row_reverse_mobile=&#8221;0&#8243; row_reverse_tablet=&#8221;0&#8243; css=&#8221;.vc_custom_1599471673639{padding-right: 15% !important;padding-left: 15% !important;}&#8221;][vc_column width=&#8221;1\/2&#8243; offset=&#8221;vc_col-lg-6 vc_col-md-6&#8243; mobile_bg_img_hidden=&#8221;no&#8221; tablet_bg_img_hidden=&#8221;no&#8221; woodmart_parallax=&#8221;0&#8243; woodmart_sticky_column=&#8221;false&#8221; parallax_scroll=&#8221;no&#8221; mobile_reset_margin=&#8221;no&#8221; tablet_reset_margin=&#8221;no&#8221;]\t\t\t<div id=\"wd-611a4bf6b250c\" class=\"wd-text-block-wrapper wd-wpb wd-rs-611a4bf6b250c color-scheme- text-left wd-off-anim wpb_animate_when_almost_visible wpb_wd-slide-from-left wd-slide-from-left wd-anim-name_wd-slide-from-left wd-width-enabled \" style=\"--wd-max-width: 90%;\">\n\t\t\t\t<div class=\"woodmart-title-container woodmart-text-block reset-last-child font-text wd-font-weight-400 \">\n\t\t\t\t\t<span style=\"color: #000000;\"><strong>COSA SUCCEDE SE NON HO RICEVUTO L&#8217;ORDINE ?<\/strong><\/span>\t\t\t\t<\/div>\n\n\t\t\t\t\t\t\t<\/div>\n\t\t\t\t\t<div id=\"wd-611a4c090e01d\" class=\"wd-text-block-wrapper wd-wpb wd-rs-611a4c090e01d color-scheme- text-left wd-off-anim wpb_animate_when_almost_visible wpb_wd-slide-from-left wd-slide-from-left wd-anim-name_wd-slide-from-left wd-width-enabled \" style=\"--wd-max-width: 90%;\">\n\t\t\t\t<div class=\"woodmart-title-container woodmart-text-block reset-last-child font-text wd-font-weight-400 \">\n\t\t\t\t\t<span style=\"color: #000000;\">Se non sei a casa, il servizio di posta o di trasporto ti lascer\u00e0 una nota in cui afferma che hanno tentato di consegnare il tuo ordine. In questo caso, puoi ritirare il tuo ordine presso l&#8217;ufficio del corriere locale, il cui indirizzo sar\u00e0 nella nota, oppure puoi contattare il corriere per concordare una nuova consegna. Se lo desideri, puoi anche lasciare specifiche istruzioni di consegna per il servizio di corriere; tuttavia, un punto importante da notare qui \u00e8 che alcuni servizi di trasporto potrebbero non essere tenuti a farlo. E se lo fai, ti assumerai la piena responsabilit\u00e0 dell&#8217;ordine.<\/span>\t\t\t\t<\/div>\n\n\t\t\t\t\t\t\t<\/div>\n\t\t[\/vc_column][vc_column width=&#8221;1\/2&#8243; mobile_bg_img_hidden=&#8221;no&#8221; tablet_bg_img_hidden=&#8221;no&#8221; woodmart_parallax=&#8221;0&#8243; woodmart_sticky_column=&#8221;false&#8221; parallax_scroll=&#8221;no&#8221; mobile_reset_margin=&#8221;no&#8221; tablet_reset_margin=&#8221;no&#8221;]\t\t\t<div id=\"wd-611a4c00378cc\" class=\"wd-text-block-wrapper wd-wpb wd-rs-611a4c00378cc color-scheme- text-left wd-off-anim wpb_animate_when_almost_visible wpb_wd-slide-from-right wd-slide-from-right wd-anim-name_wd-slide-from-right wd-width-enabled \" style=\"--wd-max-width: 90%;\">\n\t\t\t\t<div class=\"woodmart-title-container woodmart-text-block reset-last-child font-text wd-font-weight-400 \">\n\t\t\t\t\t<span style=\"color: #000000;\"><strong>LA CONSEGNA PU ESSERE IN UNA DIREZIONE ALTERNATIVA?<\/strong><\/span>\t\t\t\t<\/div>\n\n\t\t\t\t\t\t\t<\/div>\n\t\t\t\t\t<div id=\"wd-611a4c2b96363\" class=\"wd-text-block-wrapper wd-wpb wd-rs-611a4c2b96363 color-scheme- text-left wd-off-anim wpb_animate_when_almost_visible wpb_wd-slide-from-right wd-slide-from-right wd-anim-name_wd-slide-from-right wd-width-enabled \" style=\"--wd-max-width: 90%;\">\n\t\t\t\t<div class=\"woodmart-title-container woodmart-text-block reset-last-child font-text wd-font-weight-400 \">\n\t\t\t\t\t<span style=\"color: #000000;\">Come misura di sicurezza per proteggere i nostri clienti dalle frodi, spediremo gli articoli solo all&#8217;indirizzo di fatturazione. L&#8217;unico modo in cui possiamo consegnare a un indirizzo diverso \u00e8 quando il pagamento viene ricevuto tramite bonifico bancario diretto o vaglia postale.<\/span>\t\t\t\t<\/div>\n\n\t\t\t\t\t\t\t<\/div>\n\t\t[\/vc_column][\/vc_row][vc_row full_width=&#8221;stretch_row_content&#8221; content_placement=&#8221;middle&#8221; woodmart_disable_overflow=&#8221;1&#8243; el_class=&#8221;z-index-10&#8243; mobile_bg_img_hidden=&#8221;no&#8221; tablet_bg_img_hidden=&#8221;no&#8221; woodmart_parallax=&#8221;0&#8243; woodmart_gradient_switch=&#8221;no&#8221; row_reverse_mobile=&#8221;0&#8243; row_reverse_tablet=&#8221;0&#8243; css=&#8221;.vc_custom_1599471667394{padding-right: 15% !important;padding-left: 15% !important;}&#8221;][vc_column width=&#8221;1\/2&#8243; offset=&#8221;vc_col-lg-6 vc_col-md-6&#8243; mobile_bg_img_hidden=&#8221;no&#8221; tablet_bg_img_hidden=&#8221;no&#8221; woodmart_parallax=&#8221;0&#8243; woodmart_sticky_column=&#8221;false&#8221; parallax_scroll=&#8221;no&#8221; mobile_reset_margin=&#8221;no&#8221; tablet_reset_margin=&#8221;no&#8221;]\t\t\t<div id=\"wd-611a4c3506f75\" class=\"wd-text-block-wrapper wd-wpb wd-rs-611a4c3506f75 color-scheme- text-left wd-off-anim wpb_animate_when_almost_visible wpb_wd-slide-from-left wd-slide-from-left wd-anim-name_wd-slide-from-left wd-width-enabled \" style=\"--wd-max-width: 90%;\">\n\t\t\t\t<div class=\"woodmart-title-container woodmart-text-block reset-last-child font-text wd-font-weight-400 \">\n\t\t\t\t\t<span style=\"color: #000000;\"><strong>CONSEGNE ALL&#8217;ESTERO ?<\/strong><\/span>\t\t\t\t<\/div>\n\n\t\t\t\t\t\t\t<\/div>\n\t\t\t\t\t<div id=\"wd-611a4c4775a59\" class=\"wd-text-block-wrapper wd-wpb wd-rs-611a4c4775a59 color-scheme- text-left wd-off-anim wpb_animate_when_almost_visible wpb_wd-slide-from-left wd-slide-from-left wd-anim-name_wd-slide-from-left wd-width-enabled \" style=\"--wd-max-width: 90%;\">\n\t\t\t\t<div class=\"woodmart-title-container woodmart-text-block reset-last-child font-text wd-font-weight-400 \">\n\t\t\t\t\t<span style=\"color: #000000;\">Scoprilo nella scheda Affrancatura e pagamenti nell&#8217;elenco pubblicizzato per un elenco completo dei paesi in cui attualmente effettuiamo spedizioni. In Russia non spediamo alcun tipo di prodotto.<\/span>\t\t\t\t<\/div>\n\n\t\t\t\t\t\t\t<\/div>\n\t\t[\/vc_column][vc_column width=&#8221;1\/2&#8243; mobile_bg_img_hidden=&#8221;no&#8221; tablet_bg_img_hidden=&#8221;no&#8221; woodmart_parallax=&#8221;0&#8243; woodmart_sticky_column=&#8221;false&#8221; parallax_scroll=&#8221;no&#8221; mobile_reset_margin=&#8221;no&#8221; tablet_reset_margin=&#8221;no&#8221;]\t\t\t<div id=\"wd-611a4c3e20c09\" class=\"wd-text-block-wrapper wd-wpb wd-rs-611a4c3e20c09 color-scheme- text-left wd-off-anim wpb_animate_when_almost_visible wpb_wd-slide-from-right wd-slide-from-right wd-anim-name_wd-slide-from-right wd-width-enabled \" style=\"--wd-max-width: 90%;\">\n\t\t\t\t<div class=\"woodmart-title-container woodmart-text-block reset-last-child font-text wd-font-weight-400 \">\n\t\t\t\t\t<span style=\"color: #000000;\"><strong>E SE C&#8217;E &#8216;UN PROBLEMA CON IL MIO ORDINE?<\/strong><\/span>\t\t\t\t<\/div>\n\n\t\t\t\t\t\t\t<\/div>\n\t\t\t\t\t<div id=\"wd-611a4c4fb75a9\" class=\"wd-text-block-wrapper wd-wpb wd-rs-611a4c4fb75a9 color-scheme- text-left wd-off-anim wpb_animate_when_almost_visible wpb_wd-slide-from-right wd-slide-from-right wd-anim-name_wd-slide-from-right wd-width-enabled \" style=\"--wd-max-width: 90%;\">\n\t\t\t\t<div class=\"woodmart-title-container woodmart-text-block reset-last-child font-text wd-font-weight-400 \">\n\t\t\t\t\t<span style=\"color: #000000;\">Se non sei soddisfatto del tuo ordine, puoi restituircelo per un rimborso completo, entro 30 giorni dalla consegna, a condizione che non vengano utilizzati e ancora nella confezione originale con etichette intatte. Per la nostra politica di rimborso, vedere la scheda resi. Ti consigliamo di controllare i tuoi prodotti al momento della consegna, poich\u00e9 stai firmando per confermare di averli ricevuti in buone condizioni.<\/span>\t\t\t\t<\/div>\n\n\t\t\t\t\t\t\t<\/div>\n\t\t[\/vc_column][\/vc_row]<\/p>\n<\/section>","protected":false},"excerpt":{"rendered":"<p>[vc_row full_width=&#8221;stretch_row_content&#8221; mobile_bg_img_hidden=&#8221;no&#8221; tablet_bg_img_hidden=&#8221;no&#8221; woodmart_parallax=&#8221;0&#8243; woodmart_gradient_switch=&#8221;no&#8221; row_reverse_mobile=&#8221;0&#8243; row_reverse_tablet=&#8221;0&#8243; woodmart_disable_overflow=&#8221;0&#8243;][vc_column woodmart_text_align=&#8221;center&#8221; offset=&#8221;vc_col-lg-offset-3 vc_col-lg-6 vc_col-md-6&#8243; css=&#8221;.vc_custom_1528808528297{margin-bottom: 4vh !important;}&#8221;][\/vc_column][\/vc_row][vc_row full_width=&#8221;stretch_row_content&#8221; content_placement=&#8221;middle&#8221; woodmart_disable_overflow=&#8221;1&#8243; el_class=&#8221;z-index-10&#8243;<\/p>\n","protected":false},"author":1,"featured_media":0,"parent":0,"menu_order":0,"comment_status":"closed","ping_status":"closed","template":"","meta":{"footnotes":""},"class_list":["post-34041","page","type-page","status-publish","hentry"],"_links":{"self":[{"href":"https:\/\/primomoto.es\/it\/wp-json\/wp\/v2\/pages\/34041","targetHints":{"allow":["GET"]}}],"collection":[{"href":"https:\/\/primomoto.es\/it\/wp-json\/wp\/v2\/pages"}],"about":[{"href":"https:\/\/primomoto.es\/it\/wp-json\/wp\/v2\/types\/page"}],"author":[{"embeddable":true,"href":"https:\/\/primomoto.es\/it\/wp-json\/wp\/v2\/users\/1"}],"replies":[{"embeddable":true,"href":"https:\/\/primomoto.es\/it\/wp-json\/wp\/v2\/comments?post=34041"}],"version-history":[{"count":0,"href":"https:\/\/primomoto.es\/it\/wp-json\/wp\/v2\/pages\/34041\/revisions"}],"wp:attachment":[{"href":"https:\/\/primomoto.es\/it\/wp-json\/wp\/v2\/media?parent=34041"}],"curies":[{"name":"wp","href":"https:\/\/api.w.org\/{rel}","templated":true}]}}