{"id":94244,"date":"2022-02-15T07:31:50","date_gmt":"2022-02-15T07:45:09","guid":{"rendered":"https:\/\/primomoto.es\/bela-atlas-homme-cuir-bottes-noir\/"},"modified":"2023-04-05T08:51:10","modified_gmt":"2023-04-05T08:51:10","slug":"bela-atlas-bottes-en-cuir-homme-noir","status":"publish","type":"product","link":"https:\/\/primomoto.es\/fr\/bela-atlas-bottes-en-cuir-homme-noir\/","title":{"rendered":"Bela Atlas Hommes Cuir Des Bottes Noir"},"content":{"rendered":"<p>&nbsp;<\/p>\n<h2>BATEAU BELA ATLAS<\/h2>\n<ul>\n<li>Tige en microfibre italienne<\/li>\n<li>Doublure imperm\u00e9able et respirante \u00e0 3 voies<\/li>\n<li>Doublure en polyester avec mousse \u00e0 cellules ouvertes pour plus de confort<\/li>\n<li>Embout et talon en thermoplastique Techno GI\u00ae<\/li>\n<li>Semelle intercalaire en nylon moul\u00e9 anti-torsion<\/li>\n<li>Semelle antid\u00e9rapante haute densit\u00e9 vulcanis\u00e9e<\/li>\n<\/ul>\n","protected":false},"excerpt":{"rendered":"<p>&nbsp; BATEAU BELA ATLAS Tige en microfibre italienne Doublure imperm\u00e9able et respirante \u00e0 3 voies Doublure en polyester avec mousse<\/p>\n","protected":false},"featured_media":279116,"template":"","meta":[],"product_brand":[],"product_cat":[1907,1909,1908,3262,3257,1906],"product_tag":[2033,2056,3368,2037],"class_list":{"0":"post-94244","1":"product","2":"type-product","3":"status-publish","4":"has-post-thumbnail","6":"product_cat-bottes-de-moto","7":"product_cat-bottes-urbaines-hommes","8":"product_cat-bottes-moto-hommes","9":"product_cat-rue","10":"product_cat-tournee","11":"product_cat-vetements-de-moto","12":"product_tag-bottes-de-cuir","13":"product_tag-bottes-de-ville","14":"product_tag-bottes-noires","15":"product_tag-bottes-pour-hommes","16":"pa_size-39-fr","17":"pa_size-40-fr","18":"pa_size-41-fr","19":"pa_size-42-fr","20":"pa_size-43-fr","21":"pa_size-44-fr","22":"pa_size-45-fr","23":"pa_size-46-fr","25":"first","26":"outofstock","27":"sale","28":"taxable","29":"shipping-taxable","30":"purchasable","31":"product-type-variable","32":"has-default-attributes"},"_links":{"self":[{"href":"https:\/\/primomoto.es\/fr\/wp-json\/wp\/v2\/product\/94244","targetHints":{"allow":["GET"]}}],"collection":[{"href":"https:\/\/primomoto.es\/fr\/wp-json\/wp\/v2\/product"}],"about":[{"href":"https:\/\/primomoto.es\/fr\/wp-json\/wp\/v2\/types\/product"}],"wp:featuredmedia":[{"embeddable":true,"href":"https:\/\/primomoto.es\/fr\/wp-json\/wp\/v2\/media\/279116"}],"wp:attachment":[{"href":"https:\/\/primomoto.es\/fr\/wp-json\/wp\/v2\/media?parent=94244"}],"wp:term":[{"taxonomy":"product_brand","embeddable":true,"href":"https:\/\/primomoto.es\/fr\/wp-json\/wp\/v2\/product_brand?post=94244"},{"taxonomy":"product_cat","embeddable":true,"href":"https:\/\/primomoto.es\/fr\/wp-json\/wp\/v2\/product_cat?post=94244"},{"taxonomy":"product_tag","embeddable":true,"href":"https:\/\/primomoto.es\/fr\/wp-json\/wp\/v2\/product_tag?post=94244"}],"curies":[{"name":"wp","href":"https:\/\/api.w.org\/{rel}","templated":true}]}}