{"id":89567,"date":"2021-12-21T07:01:28","date_gmt":"2021-12-21T07:24:38","guid":{"rendered":"https:\/\/primomoto.es\/bela-strip-long-courses-bottes-unisexe-noir-rouge\/"},"modified":"2023-07-04T07:32:43","modified_gmt":"2023-07-04T07:32:43","slug":"bela-strip-long-racing-boots-unisexe-noir-rouge","status":"publish","type":"product","link":"https:\/\/primomoto.es\/fr\/bela-strip-long-racing-boots-unisexe-noir-rouge\/","title":{"rendered":"Bela Strip Long Courses Bottes Unisexe Noir \/ Rouge"},"content":{"rendered":"<p>&nbsp;<\/p>\n<h3><strong>Bela Strip Longues Bottes De Course De Moto Unisexe<\/strong><\/h3>\n<p><strong>Informations techniques<\/strong><\/p>\n<ul>\n<li>Microfibre<\/li>\n<li>Doublure en polyester anti-humidit\u00e9, doublure douce et respirante type mesh 3D<\/li>\n<li>Semelle en caoutchouc<\/li>\n<li>Protection dure du talon<\/li>\n<li>Protection dure de la cheville<\/li>\n<li>Orteils raidis<\/li>\n<li>Les points doubles et triples am\u00e9liorent la durabilit\u00e9<\/li>\n<li>Le produit est certifi\u00e9 CE (EN 13634:2017)<\/li>\n<li>Longue fermeture \u00e9clair YKK pour enfiler facilement les bottes<\/li>\n<li>Velcro pour ajuster la circonf\u00e9rence du mollet<\/li>\n<li>Panneaux flexibles pour assurer la libert\u00e9 de mouvement<\/li>\n<li>L&rsquo;insert antibact\u00e9rien assure la fra\u00eecheur<\/li>\n<li>\u00c9l\u00e9ments r\u00e9fl\u00e9chissants pour am\u00e9liorer la visibilit\u00e9<\/li>\n<li>Les curseurs rempla\u00e7ables prolongent la dur\u00e9e de vie des bottes<\/li>\n<li>Renfort pour levier de vitesse<\/li>\n<li>Finition douce du bord sup\u00e9rieur de la botte<\/li>\n<\/ul>\n","protected":false},"excerpt":{"rendered":"<p>Un nouvel ajout classique et premium \u00e0 la botte de course Bela : Bela Strip Long qui vient avec la certification CE, la protection du talon et de la cheville, des panneaux flexibles et des curseurs rempla\u00e7ables<\/p>\n","protected":false},"featured_media":290694,"template":"","meta":[],"product_brand":[],"product_cat":[1914,1907,3267,1912,1906],"product_tag":[2044,2033,3310],"class_list":{"0":"post-89567","1":"product","2":"type-product","3":"status-publish","4":"has-post-thumbnail","6":"product_cat-botte-de-course-femme","7":"product_cat-bottes-de-moto","8":"product_cat-courses","9":"product_cat-bottes-moto-femme","10":"product_cat-vetements-de-moto","11":"product_tag-bottes-de-course","12":"product_tag-bottes-de-cuir","13":"product_tag-bottes-noires-pour-femmes","14":"pa_size-37-fr","15":"pa_size-38-fr","16":"pa_size-39-fr","17":"pa_size-40-fr","18":"pa_size-41-fr","19":"pa_size-42-fr","20":"pa_size-43-fr","21":"pa_size-44-fr","22":"pa_size-45-fr","23":"pa_size-46-fr","25":"first","26":"outofstock","27":"sale","28":"taxable","29":"shipping-taxable","30":"purchasable","31":"product-type-variable","32":"has-default-attributes"},"_links":{"self":[{"href":"https:\/\/primomoto.es\/fr\/wp-json\/wp\/v2\/product\/89567","targetHints":{"allow":["GET"]}}],"collection":[{"href":"https:\/\/primomoto.es\/fr\/wp-json\/wp\/v2\/product"}],"about":[{"href":"https:\/\/primomoto.es\/fr\/wp-json\/wp\/v2\/types\/product"}],"wp:featuredmedia":[{"embeddable":true,"href":"https:\/\/primomoto.es\/fr\/wp-json\/wp\/v2\/media\/290694"}],"wp:attachment":[{"href":"https:\/\/primomoto.es\/fr\/wp-json\/wp\/v2\/media?parent=89567"}],"wp:term":[{"taxonomy":"product_brand","embeddable":true,"href":"https:\/\/primomoto.es\/fr\/wp-json\/wp\/v2\/product_brand?post=89567"},{"taxonomy":"product_cat","embeddable":true,"href":"https:\/\/primomoto.es\/fr\/wp-json\/wp\/v2\/product_cat?post=89567"},{"taxonomy":"product_tag","embeddable":true,"href":"https:\/\/primomoto.es\/fr\/wp-json\/wp\/v2\/product_tag?post=89567"}],"curies":[{"name":"wp","href":"https:\/\/api.w.org\/{rel}","templated":true}]}}