{"id":84186,"date":"2021-01-04T11:26:28","date_gmt":"2021-01-04T11:26:28","guid":{"rendered":"https:\/\/primomoto.es\/bela-rocket-homme-veste-noir-jaune-fluo\/"},"modified":"2022-12-22T10:28:09","modified_gmt":"2022-12-22T10:28:09","slug":"blouson-moto-racing-homme-bela-rocket-noir-jaune-fluo","status":"publish","type":"product","link":"https:\/\/primomoto.es\/fr\/blouson-moto-racing-homme-bela-rocket-noir-jaune-fluo\/","title":{"rendered":"Bela Rocket Men Moto Courses Veste Noir\/Fluro Jaune"},"content":{"rendered":"<h1>Bela Rocket Hommes Kangourou Mix Veste En Cuir De Moto<\/h1>\n<p>Bela propose cette veste en cuir exclusive en cuir de vachette haute qualit\u00e9 avec inserts kangourou pour offrir la meilleure protection articulaire avec la meilleure adaptabilit\u00e9.<\/p>\n<h2>Mat\u00e9riel:<\/h2>\n<p>Cuir de vachette pleine fleur de qualit\u00e9 sup\u00e9rieure 1,1-1,3 mm avec inserts kangourou hydrofuges Mm 0,9 \/ 1<\/p>\n<p>Tissu stretch super tense-tex sur les coudes et le dos Mat\u00e9riau ext\u00e9rieur : 75% cuir de vachette 25% cuir de kangourou (inserts 92% pa 8% \u00e9lasthanne)<\/p>\n<p>Doublure : 100 % polyester<\/p>\n<h3>Informations techniques:<\/h3>\n<p>Techniques d&rsquo;informations :<\/p>\n<p>Pi\u00e8ces de protection externes en TPU sur l&rsquo;\u00e9paule et le coude<\/p>\n<p>Protections internes homologu\u00e9es CE sur les \u00e9paules, les coudes,<\/p>\n<p>Bosse a\u00e9rodynamique pour la protection de la moelle \u00e9pini\u00e8re<\/p>\n<p>Cuir partiellement perfor\u00e9 sur le devant, sur les bras et dans le dos pour am\u00e9liorer la ventilation Panneaux en cuir stretch sur les emmanchures et les \u00e9paules au dos pour des mouvements confortables et flexibles<\/p>\n<p>N\u00e9opr\u00e8ne au col, aux poignets et \u00e0 l&rsquo;ourlet pour r\u00e9duire l&rsquo;\u00e9paisseur et offrir un plus grand confort Renfort en cuir double couche sur le coude, l&rsquo;\u00e9paule.<\/p>\n<p>Velcro \u00e0 l&rsquo;int\u00e9rieur du panneau avant pour faciliter la protection de la poitrine, si n\u00e9cessaire<\/p>\n<p>Fermeture zipp\u00e9e au poignet sur la manchette pour offrir une meilleure praticit\u00e9<\/p>\n<p>R\u00e9fl\u00e9chissant au niveau des bras pour une meilleure vision nocturne.<\/p>\n<p>Fermeture \u00e9clair de connexion haute r\u00e9sistance<\/p>\n","protected":false},"excerpt":{"rendered":"<p>Bela propose cette veste en cuir exclusive en cuir de vachette HQ avec inserts Kangourou afin d&rsquo;offrir la meilleure protection articulaire et la meilleure adaptabilit\u00e9.<\/p>\n","protected":false},"featured_media":289915,"template":"","meta":[],"product_brand":[],"product_cat":[3267,1930,1931,1929,1906],"product_tag":[3281,2696,3277],"class_list":{"0":"post-84186","1":"product","2":"type-product","3":"status-publish","4":"has-post-thumbnail","6":"product_cat-courses","7":"product_cat-hommes-vestes-moto","8":"product_cat-veste-en-cuir-hommes","9":"product_cat-vestes-de-moto","10":"product_cat-vetements-de-moto","11":"product_tag-chaqueta-de-carreras-fr","12":"product_tag-chaqueta-de-cuero-fr-2","13":"product_tag-veste-homme","14":"pa_size-46-xs-fr","15":"pa_size-48-s-fr","16":"pa_size-50-m-fr-2","17":"pa_size-52-l-fr","18":"pa_size-54-xl-fr","19":"pa_size-56-2xl-fr-2","20":"pa_size-58-3xl-fr","21":"pa_size-60-4xl-fr","22":"pa_size-62-5xl-fr","24":"first","25":"instock","26":"sale","27":"taxable","28":"shipping-taxable","29":"purchasable","30":"product-type-variable","31":"has-default-attributes"},"_links":{"self":[{"href":"https:\/\/primomoto.es\/fr\/wp-json\/wp\/v2\/product\/84186","targetHints":{"allow":["GET"]}}],"collection":[{"href":"https:\/\/primomoto.es\/fr\/wp-json\/wp\/v2\/product"}],"about":[{"href":"https:\/\/primomoto.es\/fr\/wp-json\/wp\/v2\/types\/product"}],"wp:featuredmedia":[{"embeddable":true,"href":"https:\/\/primomoto.es\/fr\/wp-json\/wp\/v2\/media\/289915"}],"wp:attachment":[{"href":"https:\/\/primomoto.es\/fr\/wp-json\/wp\/v2\/media?parent=84186"}],"wp:term":[{"taxonomy":"product_brand","embeddable":true,"href":"https:\/\/primomoto.es\/fr\/wp-json\/wp\/v2\/product_brand?post=84186"},{"taxonomy":"product_cat","embeddable":true,"href":"https:\/\/primomoto.es\/fr\/wp-json\/wp\/v2\/product_cat?post=84186"},{"taxonomy":"product_tag","embeddable":true,"href":"https:\/\/primomoto.es\/fr\/wp-json\/wp\/v2\/product_tag?post=84186"}],"curies":[{"name":"wp","href":"https:\/\/api.w.org\/{rel}","templated":true}]}}