{"id":84055,"date":"2021-01-04T11:24:38","date_gmt":"2021-01-04T11:24:38","guid":{"rendered":"https:\/\/primomoto.es\/bela-rocket-femme-veste-noir-jaune-fluo\/"},"modified":"2021-12-03T07:53:15","modified_gmt":"2021-12-03T07:53:15","slug":"bela-rocket-lady-veste-noir-jaune-fluro","status":"publish","type":"product","link":"https:\/\/primomoto.es\/fr\/bela-rocket-lady-veste-noir-jaune-fluro\/","title":{"rendered":"Bela Rocket Femme Veste Noir\/Jaune Fluo"},"content":{"rendered":"<h2>Veste de course moto Bela Rocket Lady<\/h2>\n<p>Bela propose cette veste en cuir exclusive en cuir de vachette HQ avec inserts Kangourou afin d&rsquo;offrir la meilleure protection articulaire avec la meilleure adaptabilit\u00e9.<\/p>\n<p><strong>Mat\u00e9riel:<\/strong><\/p>\n<ul>\n<li>Cuir de vachette pleine fleur de premi\u00e8re qualit\u00e9 1,1-1,3 mm avec inserts kangourou hydrofuges mm 0,9 \/ 1<\/li>\n<li>Tissu extensible Super Tense-tex aux coudes et au dos<\/li>\n<li>Mat\u00e9riau ext\u00e9rieur: 75% Cuir de vachette 25% Cuir de kangourou (inserts 92% PA 8% ELASTAN)<\/li>\n<li>Doublure : 100 % polyester<\/li>\n<\/ul>\n<p><strong>Informations techniques:<\/strong><\/p>\n<ul>\n<li>Doublure fixe en filet de polyester<\/li>\n<li>Pi\u00e8ces de protection externes en TPU sur l&rsquo;\u00e9paule et le coude<\/li>\n<li>Protections internes homologu\u00e9es CE aux \u00e9paules, coudes,<\/li>\n<li>Bosse a\u00e9rodynamique pour la protection de la moelle \u00e9pini\u00e8re<\/li>\n<li>Cuir partiellement perfor\u00e9 \u00e0 l&rsquo;avant, aux bras et \u00e0 l&rsquo;arri\u00e8re pour am\u00e9liorer la ventilation<\/li>\n<li>Panneaux en cuir extensible \u00e0 l&#8217;emmanchure arri\u00e8re et aux \u00e9paules pour un mouvement confortable et flexible<\/li>\n<li>N\u00e9opr\u00e8ne au col, aux poignets et \u00e0 l&rsquo;ourlet pour r\u00e9duire l&rsquo;\u00e9paisseur et offrir un plus grand confort<\/li>\n<li>Renfort en cuir double couche au coude, \u00e0 l&rsquo;\u00e9paule.<\/li>\n<li>Velcro \u00e0 l&rsquo;int\u00e9rieur du panneau avant pour faciliter un protecteur de poitrine si n\u00e9cessaire<\/li>\n<li>Fermeture zipp\u00e9e au poignet sur le poignet pour plus de confort<\/li>\n<li>R\u00e9fl\u00e9chissant au niveau des bras pour une meilleure vision nocturne.<\/li>\n<li>Zip de connexion haute r\u00e9sistance<\/li>\n<\/ul>\n","protected":false},"excerpt":{"rendered":"<p>Bela propose cette veste en cuir exclusive pour femme fabriqu\u00e9e en cuir de vachette de haute qualit\u00e9 avec des inserts en kangourou afin d&rsquo;offrir la meilleure protection de l&rsquo;articulation et la meilleure adaptabilit\u00e9.<\/p>\n","protected":false},"featured_media":289873,"template":"","meta":[],"product_brand":[],"product_cat":[3267,1933,1934,1929,1906],"product_tag":[3281,2696,2702],"class_list":{"0":"post-84055","1":"product","2":"type-product","3":"status-publish","4":"has-post-thumbnail","6":"product_cat-courses","7":"product_cat-blousons-moto-femme","8":"product_cat-veste-en-cuir-femme","9":"product_cat-vestes-de-moto","10":"product_cat-vetements-de-moto","11":"product_tag-chaqueta-de-carreras-fr","12":"product_tag-chaqueta-de-cuero-fr-2","13":"product_tag-veste-femme","14":"pa_size-36-xs-fr","15":"pa_size-38-s-fr","16":"pa_size-40-m-fr","17":"pa_size-42-l-fr","18":"pa_size-44-xl-fr","19":"pa_size-46-2xl-fr","20":"pa_size-48-3xl-fr","22":"first","23":"outofstock","24":"sale","25":"taxable","26":"shipping-taxable","27":"purchasable","28":"product-type-variable","29":"has-default-attributes"},"_links":{"self":[{"href":"https:\/\/primomoto.es\/fr\/wp-json\/wp\/v2\/product\/84055","targetHints":{"allow":["GET"]}}],"collection":[{"href":"https:\/\/primomoto.es\/fr\/wp-json\/wp\/v2\/product"}],"about":[{"href":"https:\/\/primomoto.es\/fr\/wp-json\/wp\/v2\/types\/product"}],"wp:featuredmedia":[{"embeddable":true,"href":"https:\/\/primomoto.es\/fr\/wp-json\/wp\/v2\/media\/289873"}],"wp:attachment":[{"href":"https:\/\/primomoto.es\/fr\/wp-json\/wp\/v2\/media?parent=84055"}],"wp:term":[{"taxonomy":"product_brand","embeddable":true,"href":"https:\/\/primomoto.es\/fr\/wp-json\/wp\/v2\/product_brand?post=84055"},{"taxonomy":"product_cat","embeddable":true,"href":"https:\/\/primomoto.es\/fr\/wp-json\/wp\/v2\/product_cat?post=84055"},{"taxonomy":"product_tag","embeddable":true,"href":"https:\/\/primomoto.es\/fr\/wp-json\/wp\/v2\/product_tag?post=84055"}],"curies":[{"name":"wp","href":"https:\/\/api.w.org\/{rel}","templated":true}]}}