{"id":83338,"date":"2021-01-04T11:24:36","date_gmt":"2021-01-04T11:24:36","guid":{"rendered":"https:\/\/primomoto.es\/r-tech-tom-rider-veste-femme\/"},"modified":"2023-01-03T09:17:12","modified_gmt":"2023-01-03T09:17:12","slug":"r-tech-tom-rider-veste-moto-cuir-femme-noir","status":"publish","type":"product","link":"https:\/\/primomoto.es\/fr\/r-tech-tom-rider-veste-moto-cuir-femme-noir\/","title":{"rendered":"R-Tech Tom Rider Women Moto Cuir Veste Noir"},"content":{"rendered":"<section class=\"product-description-section block-section\">\n<div class=\"section-content\">\n<div class=\"product-description \">\n<div class=\"rte-content\">\n<h2>Veste en cuir de course de moto R-Tech Tom Rider<\/h2>\n<p>Notre veste \u00ab\u00a0TOM RIDER\u00a0\u00bb est sp\u00e9cialement con\u00e7ue pour les Lady BIKERS. Avec un design f\u00e9minin, l&rsquo;esprit Racing de cette veste n&rsquo;est pas du tout abandonn\u00e9. Ses protections ext\u00e9rieures en TPU lui donnent un aspect plus racing. Il est con\u00e7u pour le corps du motard, avec ses \u00e9lastiques aux avant-bras et \u00e0 l&rsquo;arri\u00e8re des \u00e9paules permettant un grand confort lors de la conduite \u00e0 v\u00e9lo.<\/p>\n<p><strong>Informations mat\u00e9rielles :<\/strong><\/p>\n<ul>\n<li>Cadre en cuir de vachette de qualit\u00e9 sup\u00e9rieure de 1,0 \u00e0 1,1 mm d&rsquo;\u00e9paisseur<\/li>\n<\/ul>\n<p><strong>Informations techniques:<\/strong><\/p>\n<ul>\n<li>Col Mandarin de 1&Prime;.<\/li>\n<li>Doublure zipp\u00e9e d\u00e9tachable 100 g Poly Fill.<\/li>\n<li>Protections aux \u00e9paules et aux coudes.<\/li>\n<li>Poche de protection dorsale (non incluse).<\/li>\n<li>Mati\u00e8re \u00e9lastique sur les avant-bras.<\/li>\n<li>Deux poches ext\u00e9rieures<\/li>\n<li>Ajustable \u00e0 la taille.<\/li>\n<li>Fermeture zipp\u00e9e avec fermeture \u00e9clair et fermoir.<\/li>\n<li>Fermetures \u00e9clair YKK d&rsquo;origine.<\/li>\n<li>Bandes r\u00e9fl\u00e9chissantes au dos.<\/li>\n<li>Protecteur en TPU sur les \u00e9paules.<\/li>\n<\/ul>\n<\/div>\n<\/div>\n<\/div>\n<\/section>\n","protected":false},"excerpt":{"rendered":"<div id=\"product-description-short-147\" class=\"rte-content\">\n<div class=\"short-description\">\n<div class=\"std\">\n<p>Fabriqu\u00e9e en cuir de vache de qualit\u00e9 sup\u00e9rieure, la veste en cuir R-Tech Tom Rider est un produit sp\u00e9cial pour les femmes.<\/p>\n<\/div>\n<\/div>\n<\/div>\n<div id=\"gtx-trans\" style=\"position: absolute; left: -46px; top: 57px;\">\n<div class=\"gtx-trans-icon\"><\/div>\n<\/div>\n","protected":false},"featured_media":10154,"template":"","meta":[],"product_brand":[],"product_cat":[1933,1934,1929,1906],"product_tag":[2696,2630,2702],"class_list":{"0":"post-83338","1":"product","2":"type-product","3":"status-publish","4":"has-post-thumbnail","6":"product_cat-blousons-moto-femme","7":"product_cat-veste-en-cuir-femme","8":"product_cat-vestes-de-moto","9":"product_cat-vetements-de-moto","10":"product_tag-chaqueta-de-cuero-fr-2","11":"product_tag-chaqueta-de-turismo-fr","12":"product_tag-veste-femme","13":"pa_size-34-2xs-fr","14":"pa_size-36-xs-fr","15":"pa_size-38-s-fr","16":"pa_size-40-m-fr","17":"pa_size-42-l-fr","18":"pa_size-44-xl-fr","19":"pa_size-46-2xl-fr","20":"pa_size-48-3xl-fr","21":"pa_size-50-4xl-fr","23":"first","24":"outofstock","25":"sale","26":"featured","27":"taxable","28":"shipping-taxable","29":"purchasable","30":"product-type-variable","31":"has-default-attributes"},"_links":{"self":[{"href":"https:\/\/primomoto.es\/fr\/wp-json\/wp\/v2\/product\/83338","targetHints":{"allow":["GET"]}}],"collection":[{"href":"https:\/\/primomoto.es\/fr\/wp-json\/wp\/v2\/product"}],"about":[{"href":"https:\/\/primomoto.es\/fr\/wp-json\/wp\/v2\/types\/product"}],"wp:featuredmedia":[{"embeddable":true,"href":"https:\/\/primomoto.es\/fr\/wp-json\/wp\/v2\/media\/10154"}],"wp:attachment":[{"href":"https:\/\/primomoto.es\/fr\/wp-json\/wp\/v2\/media?parent=83338"}],"wp:term":[{"taxonomy":"product_brand","embeddable":true,"href":"https:\/\/primomoto.es\/fr\/wp-json\/wp\/v2\/product_brand?post=83338"},{"taxonomy":"product_cat","embeddable":true,"href":"https:\/\/primomoto.es\/fr\/wp-json\/wp\/v2\/product_cat?post=83338"},{"taxonomy":"product_tag","embeddable":true,"href":"https:\/\/primomoto.es\/fr\/wp-json\/wp\/v2\/product_tag?post=83338"}],"curies":[{"name":"wp","href":"https:\/\/api.w.org\/{rel}","templated":true}]}}