{"id":82738,"date":"2021-11-24T07:59:32","date_gmt":"2021-11-24T08:13:22","guid":{"rendered":"https:\/\/primomoto.es\/bela-blast-dame-gants-cuir-noir\/"},"modified":"2023-02-07T11:21:58","modified_gmt":"2023-02-07T11:21:58","slug":"bela-blast-lady-gants-en-cuir-noir","status":"publish","type":"product","link":"https:\/\/primomoto.es\/fr\/bela-blast-lady-gants-en-cuir-noir\/","title":{"rendered":"Bela Blast Dame Cuir Gants Noir"},"content":{"rendered":"<h2><strong>GANTS CUIR MOTO \u2013 GANTS BELA BLAST<\/strong><\/h2>\n<p><strong>La description:<\/strong><\/p>\n<ul>\n<li>Gants mixtes cuir et textile.<\/li>\n<li>Cuir v\u00e9ritable utilis\u00e9 sur les zones \u00e0 haut risque d&rsquo;impact.<\/li>\n<li>Maille en polyester de haute qualit\u00e9 \u00e0 des fins de ventilation.<\/li>\n<li>Construction en n\u00e9opr\u00e8ne et en polyester doux pour un ajustement confortable.<\/li>\n<li>Doublure en polyester doux \u00e0 l&rsquo;int\u00e9rieur.<\/li>\n<li>Passepoil en cuir synth\u00e9tique.<\/li>\n<li>Protecteur en TPU pour la protection des articulations.<\/li>\n<li>Protection TPR pour la s\u00e9curit\u00e9 de la paume et des doigts.<\/li>\n<li>Eva padding patch to secure thumb joint.<\/li>\n<li>Renfort Clarino pour la s\u00e9curit\u00e9 de la paume.<\/li>\n<li>Forme incurv\u00e9e pour un ajustement agr\u00e9able.<\/li>\n<li>Panneaux \u00e9lastiqu\u00e9s.<\/li>\n<li>Fermeture Velcro r\u00e9glable sur le brassard pour un meilleur confort et une meilleure adh\u00e9rence du brassard.<\/li>\n<\/ul>\n","protected":false},"excerpt":{"rendered":"<p>GANTS CUIR MOTO \u2013 GANTS BELA BLAST La description: Gants mixtes cuir et textile. Cuir v\u00e9ritable utilis\u00e9 sur les zones<\/p>\n","protected":false},"featured_media":82711,"template":"","meta":[],"product_brand":[],"product_cat":[3267,1941,1943,1906],"product_tag":[3218,2526,3219,3175],"class_list":{"0":"post-82738","1":"product","2":"type-product","3":"status-publish","4":"has-post-thumbnail","6":"product_cat-courses","7":"product_cat-gants-moto-femme","8":"product_cat-gants-racing-femme","9":"product_cat-vetements-de-moto","10":"product_tag-dame-gants","11":"product_tag-gants-de-course","12":"product_tag-gants-de-moto-fr","13":"product_tag-guantes-negros","14":"pa_size-2xl-fr","15":"pa_size-2xs-fr","16":"pa_size-l-fr","17":"pa_size-m-fr","18":"pa_size-s-fr","19":"pa_size-xl-fr","20":"pa_size-xs-fr","22":"first","23":"outofstock","24":"sale","25":"taxable","26":"shipping-taxable","27":"purchasable","28":"product-type-variable","29":"has-default-attributes"},"_links":{"self":[{"href":"https:\/\/primomoto.es\/fr\/wp-json\/wp\/v2\/product\/82738","targetHints":{"allow":["GET"]}}],"collection":[{"href":"https:\/\/primomoto.es\/fr\/wp-json\/wp\/v2\/product"}],"about":[{"href":"https:\/\/primomoto.es\/fr\/wp-json\/wp\/v2\/types\/product"}],"wp:featuredmedia":[{"embeddable":true,"href":"https:\/\/primomoto.es\/fr\/wp-json\/wp\/v2\/media\/82711"}],"wp:attachment":[{"href":"https:\/\/primomoto.es\/fr\/wp-json\/wp\/v2\/media?parent=82738"}],"wp:term":[{"taxonomy":"product_brand","embeddable":true,"href":"https:\/\/primomoto.es\/fr\/wp-json\/wp\/v2\/product_brand?post=82738"},{"taxonomy":"product_cat","embeddable":true,"href":"https:\/\/primomoto.es\/fr\/wp-json\/wp\/v2\/product_cat?post=82738"},{"taxonomy":"product_tag","embeddable":true,"href":"https:\/\/primomoto.es\/fr\/wp-json\/wp\/v2\/product_tag?post=82738"}],"curies":[{"name":"wp","href":"https:\/\/api.w.org\/{rel}","templated":true}]}}