{"id":81904,"date":"2021-11-17T10:41:38","date_gmt":"2021-11-17T10:41:38","guid":{"rendered":"https:\/\/primomoto.es\/bela-breeze-soft-shell-veste-moto-touring-negra-roja\/"},"modified":"2022-09-01T07:35:32","modified_gmt":"2022-09-01T07:35:32","slug":"bela-breeze-veste-moto-capuche-noir-rouge","status":"publish","type":"product","link":"https:\/\/primomoto.es\/fr\/bela-breeze-veste-moto-capuche-noir-rouge\/","title":{"rendered":"Bela Breeze Moto Capot Veste Noir\/Rouge"},"content":{"rendered":"<h2>\n            <strong>SWEATS \u00c0 CAPUCHE MOTO TOURING POUR HOMMES POUR LA SAISON PRINTEMPS \u2013 VESTE SOFTSHELL BELA BREEZE<\/strong><br \/>\n          <\/h2>\n<p>          <strong>La description:<\/strong><\/p>\n<ul>\n<li>Veste softshell de haute qualit\u00e9 avec doublure de protection<\/li>\n<li>Doublure fixe en mesh pour une meilleure respirabilit\u00e9<\/li>\n<li>Poignets \u00e9lastiques c\u00f4tel\u00e9s<\/li>\n<li>Poche pour protection dorsale<\/li>\n<li>Poches internes pour mobile et rangement<\/li>\n<li>Veste \u00e0 jean reliant fermeture \u00e9clair et cerceau euro<\/li>\n<li>\u00c9l\u00e9ments r\u00e9fl\u00e9chissants subtils et image de marque<\/li>\n<li>Protection \u00e9paule, coude et dos ins\u00e9r\u00e9e<\/li>\n<\/ul>\n","protected":false},"excerpt":{"rendered":"<p>SWEATS \u00c0 CAPUCHE MOTO TOURING POUR HOMMES POUR LA SAISON PRINTEMPS \u2013 VESTE SOFTSHELL BELA BREEZE La description: Veste softshell<\/p>\n","protected":false},"featured_media":300087,"template":"","meta":[],"product_brand":[],"product_cat":[1932,1930,1906],"product_tag":[3114,3113,3111,3112,3115,3110],"class_list":{"0":"post-81904","1":"product","2":"type-product","3":"status-publish","4":"has-post-thumbnail","6":"product_cat-blouson-textile-homme","7":"product_cat-hommes-vestes-moto","8":"product_cat-vetements-de-moto","9":"product_tag-chaqueta-de-hombre","10":"product_tag-chaqueta-de-moto","11":"product_tag-chaqueta-negra","12":"product_tag-chaqueta-negra-y-roja","13":"product_tag-chaqueta-nueva","14":"product_tag-chaqueta-textil-para-hombre-fr","15":"pa_size-46-xs-fr","16":"pa_size-50-m-fr-2","17":"pa_size-52-l-fr","18":"pa_size-54-xl-fr","19":"pa_size-56-2xl-fr-2","20":"pa_size-58-3xl-fr","21":"pa_size-60-4xl-fr","22":"pa_size-62-5xl-fr","23":"pa_size-64-6xl-fr","24":"pa_size-66-7xl-fr","25":"pa_size-68-8xl-fr","27":"first","28":"outofstock","29":"sale","30":"taxable","31":"shipping-taxable","32":"purchasable","33":"product-type-variable","34":"has-default-attributes"},"_links":{"self":[{"href":"https:\/\/primomoto.es\/fr\/wp-json\/wp\/v2\/product\/81904","targetHints":{"allow":["GET"]}}],"collection":[{"href":"https:\/\/primomoto.es\/fr\/wp-json\/wp\/v2\/product"}],"about":[{"href":"https:\/\/primomoto.es\/fr\/wp-json\/wp\/v2\/types\/product"}],"wp:featuredmedia":[{"embeddable":true,"href":"https:\/\/primomoto.es\/fr\/wp-json\/wp\/v2\/media\/300087"}],"wp:attachment":[{"href":"https:\/\/primomoto.es\/fr\/wp-json\/wp\/v2\/media?parent=81904"}],"wp:term":[{"taxonomy":"product_brand","embeddable":true,"href":"https:\/\/primomoto.es\/fr\/wp-json\/wp\/v2\/product_brand?post=81904"},{"taxonomy":"product_cat","embeddable":true,"href":"https:\/\/primomoto.es\/fr\/wp-json\/wp\/v2\/product_cat?post=81904"},{"taxonomy":"product_tag","embeddable":true,"href":"https:\/\/primomoto.es\/fr\/wp-json\/wp\/v2\/product_tag?post=81904"}],"curies":[{"name":"wp","href":"https:\/\/api.w.org\/{rel}","templated":true}]}}