{"id":81343,"date":"2021-11-12T11:02:25","date_gmt":"2021-11-12T11:02:25","guid":{"rendered":"https:\/\/primomoto.es\/bela-x-race-1pc-combinaison-en-cuir-blanc-noir-bleu\/"},"modified":"2025-06-04T13:48:39","modified_gmt":"2025-06-04T13:48:39","slug":"bela-x-race-moto-combinaison-de-course-en-cuir-1-pc-blanc-noir-bleu","status":"publish","type":"product","link":"https:\/\/primomoto.es\/fr\/bela-x-race-moto-combinaison-de-course-en-cuir-1-pc-blanc-noir-bleu\/","title":{"rendered":"Bela X-Race Combinaison Cuir Moto Blanc\/Noir\/Bleu"},"content":{"rendered":"<p><span style=\"color: #ff0000;\"><strong>Remarque : les commandes sont exp\u00e9di\u00e9es dans un d\u00e9lai de 10 \u00e0 15 jours ouvrables \u00e0 compter de la date d&rsquo;achat !!<\/strong><\/span><\/p>\n<h2>Bela X-Race Combinaison homme Moto<\/h2>\n<p><strong>Traits:<\/strong><\/p>\n<ul>\n<li>Fabriqu\u00e9 en cuir de vachette de premi\u00e8re qualit\u00e9 teint au tambour de 1,2-1,4 mm avec une combinaison de cuir perfor\u00e9 et non perfor\u00e9<\/li>\n<li>Bosse de vitesse a\u00e9rodynamique avec profil de course avec panneau sup\u00e9rieur en cuir perfor\u00e9 et bosse de vitesse \u00e9vid\u00e9e pour une ventilation accrue<\/li>\n<li>Protections d&rsquo;\u00e9paule, de coude et de genou amovibles et approuv\u00e9es CE pouvant \u00eatre ajust\u00e9es \u00e0 l&rsquo;aide de fermetures de marque Velcro<\/li>\n<li>Panneaux d&rsquo;expansion de style accord\u00e9on aux \u00e9paules, aux coudes, \u00e0 la taille et aux genoux pour une flexibilit\u00e9 accrue et un ajustement performant<\/li>\n<li>Grands panneaux sans couture dans la zone inf\u00e9rieure et arri\u00e8re de la cuisse pour maximiser la r\u00e9sistance \u00e0 l&rsquo;abrasion<\/li>\n<li>Le panneau d&rsquo;expansion de style accord\u00e9on le long de la partie sup\u00e9rieure de la combinaison offre une flexibilit\u00e9 accrue et offre une gamme \u00e9tendue de confort pour diff\u00e9rentes tailles de protection dorsale<\/li>\n<li>Panneaux extensibles robustes dans les bras, l&rsquo;entrejambe et les mollets pour faciliter les mouvements<\/li>\n<li>L&rsquo;armure de protection des \u00e9paules et des coudes en TPU dans les \u00e9paules et les coudes offre une protection accrue<\/li>\n<li>Manches tourn\u00e9es et jambes pr\u00e9-courb\u00e9es pour un ajustement performant en position de conduite<\/li>\n<li>La manchette confort comprend un panneau extensible en n\u00e9opr\u00e8ne qui peut s&rsquo;adapter \u00e0 diff\u00e9rentes tailles de poignet et est doux au toucher<\/li>\n<li>Doublure en mesh sur toute la combinaison pour plus de respirabilit\u00e9.<\/li>\n<li>Triple couture avec fil de nylon coll\u00e9 haute r\u00e9sistance<\/li>\n<li>Col en n\u00e9opr\u00e8ne doux pour plus de confort<\/li>\n<li>Poche poitrine zipp\u00e9e<\/li>\n<li>Les poignets sont dot\u00e9s d&rsquo;une fermeture \u00e0 glissi\u00e8re \u00e0 ressort pour \u00e9liminer les battements<\/li>\n<li>Curseurs de genou inclus<\/li>\n<\/ul>\n","protected":false},"excerpt":{"rendered":"<p>Remarque : les commandes sont exp\u00e9di\u00e9es dans un d\u00e9lai de 10 \u00e0 15 jours ouvrables \u00e0 compter de la date<\/p>\n","protected":false},"featured_media":231782,"template":"","meta":[],"product_brand":[],"product_cat":[1947,1945,1946,1906],"product_tag":[2138,3080],"class_list":{"0":"post-81343","1":"product","2":"type-product","3":"status-publish","4":"has-post-thumbnail","6":"product_cat-combinaison-1-pieces-hommes","7":"product_cat-combinaisons-de-moto","8":"product_cat-hommes-combinaisons","9":"product_cat-vetements-de-moto","10":"product_tag-costume-en-cuir","11":"product_tag-traje-de-hombre-fr","12":"pa_size-48-3xl-fr-2","13":"pa_size-50-m-fr-2","14":"pa_size-52-l-fr","15":"pa_size-54-xl-fr","16":"pa_size-56-2xl-fr-2","17":"pa_size-58-3xl-fr","18":"pa_size-60-4xl-fr","19":"pa_size-62-5xl-fr","20":"pa_size-64-6xl-fr","22":"first","23":"outofstock","24":"sale","25":"taxable","26":"shipping-taxable","27":"purchasable","28":"product-type-variable","29":"has-default-attributes"},"_links":{"self":[{"href":"https:\/\/primomoto.es\/fr\/wp-json\/wp\/v2\/product\/81343","targetHints":{"allow":["GET"]}}],"collection":[{"href":"https:\/\/primomoto.es\/fr\/wp-json\/wp\/v2\/product"}],"about":[{"href":"https:\/\/primomoto.es\/fr\/wp-json\/wp\/v2\/types\/product"}],"wp:featuredmedia":[{"embeddable":true,"href":"https:\/\/primomoto.es\/fr\/wp-json\/wp\/v2\/media\/231782"}],"wp:attachment":[{"href":"https:\/\/primomoto.es\/fr\/wp-json\/wp\/v2\/media?parent=81343"}],"wp:term":[{"taxonomy":"product_brand","embeddable":true,"href":"https:\/\/primomoto.es\/fr\/wp-json\/wp\/v2\/product_brand?post=81343"},{"taxonomy":"product_cat","embeddable":true,"href":"https:\/\/primomoto.es\/fr\/wp-json\/wp\/v2\/product_cat?post=81343"},{"taxonomy":"product_tag","embeddable":true,"href":"https:\/\/primomoto.es\/fr\/wp-json\/wp\/v2\/product_tag?post=81343"}],"curies":[{"name":"wp","href":"https:\/\/api.w.org\/{rel}","templated":true}]}}