{"id":79603,"date":"2021-11-03T15:50:56","date_gmt":"2021-11-03T15:50:56","guid":{"rendered":"https:\/\/primomoto.es\/bela-north-star-combinaison-en-cuir-blanc-noir-bleu\/"},"modified":"2025-06-03T13:06:20","modified_gmt":"2025-06-03T13:06:20","slug":"bela-north-star-moto-combinaison-en-cuir-1-pc-blanc-noir-bleu","status":"publish","type":"product","link":"https:\/\/primomoto.es\/fr\/bela-north-star-moto-combinaison-en-cuir-1-pc-blanc-noir-bleu\/","title":{"rendered":"Bela North Star combinaison moto 1 piece Blanc\/Noir\/Bleu"},"content":{"rendered":"<p><span style=\"color: #ff0000;\"><strong>Remarque : les commandes sont exp\u00e9di\u00e9es dans un d\u00e9lai de 10 \u00e0 15 jours ouvrables \u00e0 compter de la date d&rsquo;achat !!<\/strong><\/span><\/p>\n<h2>Bela North Star Combinaison Moto Racing<\/h2>\n<p><strong>Caract\u00e9ristiques:<\/strong><\/p>\n<p><strong>Coque ext\u00e9rieure :<\/strong><\/p>\n<ul>\n<li>Du cuir de vachette pleine fleur de 1,2 \u00e0 1,3 mm d&rsquo;\u00e9paisseur est utilis\u00e9 pour la combinaison North Star.<\/li>\n<li>Panneaux extensibles en cuir accord\u00e9on au bas du dos et aux genoux pour une flexibilit\u00e9 et un confort am\u00e9lior\u00e9s<\/li>\n<li>Cardura extensible plac\u00e9 dans des zones sp\u00e9cifiques de la manche, de l&rsquo;entrejambe et du mollet pour une \u00e9lasticit\u00e9 maximale.<\/li>\n<li>Protections externes homologu\u00e9es CE sur les \u00e9paules, les coudes et les genoux.<\/li>\n<li>Fermetures \u00e9clair YKK semi-automatiques sur le devant, les poignets et le mollet.<\/li>\n<li>Sangle velcro renforc\u00e9e au cou, aux poignets et au mollet.<\/li>\n<li>Velcro pour maintenir le curseur du genou.<\/li>\n<li>Col et poignets en n\u00e9opr\u00e8ne doux pour plus de confort.<\/li>\n<li>La s\u00e9curit\u00e9 cousue avec du fil de nylon robuste est utilis\u00e9e pour une s\u00e9curit\u00e9 maximale.<\/li>\n<\/ul>\n<p><strong>Couverture int\u00e9rieure :<\/strong><\/p>\n<ul>\n<li>La combinaison North Star a \u00e9galement une doublure int\u00e9rieure en maille de polyester.<\/li>\n<li>Armure \u00e0 double densit\u00e9 (amovible) approuv\u00e9e CE sur les genoux, les \u00e9paules, les coudes et le dos.<\/li>\n<li>Protecteur double densit\u00e9 amovible (approuv\u00e9 CE).<\/li>\n<li>Bosse a\u00e9rodynamique amovible (en option).<\/li>\n<\/ul>\n","protected":false},"excerpt":{"rendered":"<p>Remarque : les commandes sont exp\u00e9di\u00e9es dans un d\u00e9lai de 10 \u00e0 15 jours ouvrables \u00e0 compter de la date<\/p>\n","protected":false},"featured_media":290362,"template":"","meta":[],"product_brand":[],"product_cat":[1947,1945,3267,1946,1906],"product_tag":[2138,3080],"class_list":{"0":"post-79603","1":"product","2":"type-product","3":"status-publish","4":"has-post-thumbnail","6":"product_cat-combinaison-1-pieces-hommes","7":"product_cat-combinaisons-de-moto","8":"product_cat-courses","9":"product_cat-hommes-combinaisons","10":"product_cat-vetements-de-moto","11":"product_tag-costume-en-cuir","12":"product_tag-traje-de-hombre-fr","13":"pa_size-50-m-fr-2","14":"pa_size-52-l-fr","15":"pa_size-54-xl-fr","16":"pa_size-56-2xl-fr-2","17":"pa_size-58-3xl-fr","18":"pa_size-60-4xl-fr","19":"pa_size-62-5xl-fr","20":"pa_size-64-6xl-fr","22":"first","23":"outofstock","24":"sale","25":"taxable","26":"shipping-taxable","27":"purchasable","28":"product-type-variable","29":"has-default-attributes"},"_links":{"self":[{"href":"https:\/\/primomoto.es\/fr\/wp-json\/wp\/v2\/product\/79603","targetHints":{"allow":["GET"]}}],"collection":[{"href":"https:\/\/primomoto.es\/fr\/wp-json\/wp\/v2\/product"}],"about":[{"href":"https:\/\/primomoto.es\/fr\/wp-json\/wp\/v2\/types\/product"}],"wp:featuredmedia":[{"embeddable":true,"href":"https:\/\/primomoto.es\/fr\/wp-json\/wp\/v2\/media\/290362"}],"wp:attachment":[{"href":"https:\/\/primomoto.es\/fr\/wp-json\/wp\/v2\/media?parent=79603"}],"wp:term":[{"taxonomy":"product_brand","embeddable":true,"href":"https:\/\/primomoto.es\/fr\/wp-json\/wp\/v2\/product_brand?post=79603"},{"taxonomy":"product_cat","embeddable":true,"href":"https:\/\/primomoto.es\/fr\/wp-json\/wp\/v2\/product_cat?post=79603"},{"taxonomy":"product_tag","embeddable":true,"href":"https:\/\/primomoto.es\/fr\/wp-json\/wp\/v2\/product_tag?post=79603"}],"curies":[{"name":"wp","href":"https:\/\/api.w.org\/{rel}","templated":true}]}}