{"id":77909,"date":"2021-10-26T07:54:25","date_gmt":"2021-10-26T08:01:30","guid":{"rendered":"https:\/\/primomoto.es\/bela-mesh-pro-men-blouson-moto-ete-noir\/"},"modified":"2022-04-02T17:22:16","modified_gmt":"2022-04-02T17:22:16","slug":"bela-mesh-pro-men-textile-veste-noir","status":"publish","type":"product","link":"https:\/\/primomoto.es\/fr\/bela-mesh-pro-men-textile-veste-noir\/","title":{"rendered":"Bela Mesh Pro Men Textile Veste Noir"},"content":{"rendered":"<p>&nbsp;<\/p>\n<h2>Bela Mesh Pro Men Blouson Moto \u00e9t\u00e9 Gris\/Glace<\/h2>\n<p style=\"font-weight: 400;\">Motorcycle touring summer jacket for men.<\/p>\n<p style=\"font-weight: 400;\"><b><br \/>\n<strong>D\u00e9tails techniques:<\/strong><br \/>\n<\/b><\/p>\n<ul style=\"font-weight: 400;\">\n<li>OUTER SHELL: 600D polyester PU coated fabric.<\/li>\n<li>Hard mesh for ventilation purposes.<\/li>\n<li>LINING: 100% Polyester mesh.<\/li>\n<li>PROTECTORS: CE approved PU protectors.<\/li>\n<li>FERMETURE \u00c0 GLISSI\u00c8RE : fermetures \u00e0 glissi\u00e8re de la meilleure qualit\u00e9 de marque MAX.<\/li>\n<\/ul>\n","protected":false},"excerpt":{"rendered":"<p>The new range of BELA summer jacket. Stay relaxed and enjoy rides in summer hot days with this Bela Mesh Pro jacket. It comes with a mesh liner for added comforts and breathability. Fully ventilated, sporty, and optimally protected available in Black and Gray\/Ice.<\/p>\n","protected":false},"featured_media":102650,"template":"","meta":[],"product_brand":[],"product_cat":[1932,1930,3257,1929,1906],"product_tag":[2625,2624],"class_list":{"0":"post-77909","1":"product","2":"type-product","3":"status-publish","4":"has-post-thumbnail","6":"product_cat-blouson-textile-homme","7":"product_cat-hommes-vestes-moto","8":"product_cat-tournee","9":"product_cat-vestes-de-moto","10":"product_cat-vetements-de-moto","11":"product_tag-veste-de-voyage-pour-homme","12":"product_tag-veste-textile","13":"pa_size-46-xs-fr","14":"pa_size-50-m-fr-2","15":"pa_size-52-l-fr","16":"pa_size-54-xl-fr","17":"pa_size-56-2xl-fr-2","18":"pa_size-58-3xl-fr","19":"pa_size-60-4xl-fr","20":"pa_size-62-5xl-fr","21":"pa_size-64-6xl-fr","22":"pa_size-66-7xl-fr","23":"pa_size-68-8xl-fr","25":"first","26":"outofstock","27":"sale","28":"taxable","29":"shipping-taxable","30":"purchasable","31":"product-type-variable","32":"has-default-attributes"},"_links":{"self":[{"href":"https:\/\/primomoto.es\/fr\/wp-json\/wp\/v2\/product\/77909","targetHints":{"allow":["GET"]}}],"collection":[{"href":"https:\/\/primomoto.es\/fr\/wp-json\/wp\/v2\/product"}],"about":[{"href":"https:\/\/primomoto.es\/fr\/wp-json\/wp\/v2\/types\/product"}],"wp:featuredmedia":[{"embeddable":true,"href":"https:\/\/primomoto.es\/fr\/wp-json\/wp\/v2\/media\/102650"}],"wp:attachment":[{"href":"https:\/\/primomoto.es\/fr\/wp-json\/wp\/v2\/media?parent=77909"}],"wp:term":[{"taxonomy":"product_brand","embeddable":true,"href":"https:\/\/primomoto.es\/fr\/wp-json\/wp\/v2\/product_brand?post=77909"},{"taxonomy":"product_cat","embeddable":true,"href":"https:\/\/primomoto.es\/fr\/wp-json\/wp\/v2\/product_cat?post=77909"},{"taxonomy":"product_tag","embeddable":true,"href":"https:\/\/primomoto.es\/fr\/wp-json\/wp\/v2\/product_tag?post=77909"}],"curies":[{"name":"wp","href":"https:\/\/api.w.org\/{rel}","templated":true}]}}