{"id":74847,"date":"2021-10-11T06:55:27","date_gmt":"2021-10-11T06:57:24","guid":{"rendered":"https:\/\/primomoto.es\/bela-rocker-jeans-moto-bleu-fonce\/"},"modified":"2022-08-11T09:42:11","modified_gmt":"2022-08-11T09:42:11","slug":"bela-rocker-jeans-moto-homme-bleu-fonce-2","status":"publish","type":"product","link":"https:\/\/primomoto.es\/fr\/bela-rocker-jeans-moto-homme-bleu-fonce-2\/","title":{"rendered":"Bela Rocker Hommes Moto Jeans Sombre Bleu"},"content":{"rendered":"<h2><strong>Motorcycle Jeans for Men &#8211; Bela Rocker Denim Pant<\/strong><\/h2>\n<p><strong>Information produit:<\/strong><\/p>\n<p>The Rocker \u201cDark Blue\u201d Men\u2019s Motorcycle Jeans is a part of the latest Bela Jeans Brand Collection. Rocker \u201cDark Blue\u201d Men\u2019s jeans style is made of best Cotton and Elastane fabric. De plus, les renforts suppl\u00e9mentaires en tissu DuPont Aramid sont strat\u00e9giquement plac\u00e9s pour une excellente r\u00e9sistance \u00e0 l&rsquo;abrasion sans compromettre le confort et l&rsquo;\u00e9lasticit\u00e9. Les prot\u00e8ge-genoux et cuisses homologu\u00e9s CE \u00ab EN 1621-1 : 2012 \u00bb sont difficiles \u00e0 rep\u00e9rer lors de la conduite \/ marche, mais offrent la meilleure protection en cas d&rsquo;accident malheureux pendant la conduite.<\/p>\n<p><strong>Tissu ext\u00e9rieur :<\/strong><\/p>\n<ul>\n<li>12.5 Oz Stretch Denim<\/li>\n<li>Made of 99% Cotton and 1% Elastane (Comfort Stretch)<\/li>\n<li>Dark Blue with Random Spray Effect<\/li>\n<\/ul>\n<p><strong>Protections :<\/strong><\/p>\n<ul>\n<li>Protections amovibles aux genoux et aux cuisses avec certification CE EN 1621-1:2012.<\/li>\n<li>The Protection can be removed easily while simply opening the side knee zipper.<\/li>\n<\/ul>\n<p><strong>Confort:<\/strong><\/p>\n<ul>\n<li>Doublure int\u00e9rieure en tissu DuPont Aramid, qui est plac\u00e9e \u00e0 dessein pour offrir une excellente r\u00e9sistance \u00e0 l&rsquo;abrasion et \u00e0 la r\u00e9sistance.<\/li>\n<li>Doublure int\u00e9rieure en mesh 100% polyester pour une respirabilit\u00e9 et un confort accrus.<\/li>\n<li>Best fit in regular cut.<\/li>\n<li>Fermetures \u00e9clair YKK\u00ae (zone braguette et genoux)<\/li>\n<li>Avec sac de protection suppl\u00e9mentaire.<\/li>\n<\/ul>\n","protected":false},"excerpt":{"rendered":"<p>Motorcycle Jeans for Men &#8211; Bela Rocker Denim Pant Information produit: The Rocker \u201cDark Blue\u201d Men\u2019s Motorcycle Jeans is a<\/p>\n","protected":false},"featured_media":74831,"template":"","meta":[],"product_brand":[],"product_cat":[1980,1974,1981,1906],"product_tag":[2620,1982],"class_list":{"0":"post-74847","1":"product","2":"type-product","3":"status-publish","4":"has-post-thumbnail","6":"product_cat-hombres","7":"product_cat-jean-moto","8":"product_cat-jeans-fr-2","9":"product_cat-vetements-de-moto","10":"product_tag-denim-de-tournee","11":"product_tag-los-hombres-de-mezclilla-fr","12":"pa_size-26-xss-fr","13":"pa_size-28-xs-fr","14":"pa_size-30-s-fr","15":"pa_size-32-m-fr-2","16":"pa_size-34-l-fr","17":"pa_size-36-xl-fr","18":"pa_size-38-xxl-fr","19":"pa_size-40-3xl-fr","20":"pa_size-42-4xl-fr","21":"pa_size-44-5xl-fr","23":"first","24":"outofstock","25":"sale","26":"taxable","27":"shipping-taxable","28":"purchasable","29":"product-type-variable","30":"has-default-attributes"},"_links":{"self":[{"href":"https:\/\/primomoto.es\/fr\/wp-json\/wp\/v2\/product\/74847","targetHints":{"allow":["GET"]}}],"collection":[{"href":"https:\/\/primomoto.es\/fr\/wp-json\/wp\/v2\/product"}],"about":[{"href":"https:\/\/primomoto.es\/fr\/wp-json\/wp\/v2\/types\/product"}],"wp:featuredmedia":[{"embeddable":true,"href":"https:\/\/primomoto.es\/fr\/wp-json\/wp\/v2\/media\/74831"}],"wp:attachment":[{"href":"https:\/\/primomoto.es\/fr\/wp-json\/wp\/v2\/media?parent=74847"}],"wp:term":[{"taxonomy":"product_brand","embeddable":true,"href":"https:\/\/primomoto.es\/fr\/wp-json\/wp\/v2\/product_brand?post=74847"},{"taxonomy":"product_cat","embeddable":true,"href":"https:\/\/primomoto.es\/fr\/wp-json\/wp\/v2\/product_cat?post=74847"},{"taxonomy":"product_tag","embeddable":true,"href":"https:\/\/primomoto.es\/fr\/wp-json\/wp\/v2\/product_tag?post=74847"}],"curies":[{"name":"wp","href":"https:\/\/api.w.org\/{rel}","templated":true}]}}