{"id":71280,"date":"2021-09-17T10:10:52","date_gmt":"2021-09-17T10:12:37","guid":{"rendered":"https:\/\/primomoto.es\/bela-streeter-lady-gants-dete-en-cuir-noir\/"},"modified":"2022-08-04T08:07:28","modified_gmt":"2022-08-04T08:07:28","slug":"bela-streeter-lady-gants-d-ete-en-cuir-noir","status":"publish","type":"product","link":"https:\/\/primomoto.es\/fr\/bela-streeter-lady-gants-d-ete-en-cuir-noir\/","title":{"rendered":"Bela Streeter Dame \u00c9t\u00e9 Cuir Gants Noir"},"content":{"rendered":"<h2>Bela Streeter Lady Gants d&rsquo;\u00e9t\u00e9 en cuir Noir<\/h2>\n<p>          <strong>La description:<\/strong><\/p>\n<ul>\n<li>Cowhide A+ grade leather.<\/li>\n<li>Doublure en polyester doux \u00e0 l&rsquo;int\u00e9rieur.<\/li>\n<li>Clarino reinforced layers in the palm.<\/li>\n<li>Accordion in the back hand and fingers for comfortable movement.<\/li>\n<li>Perforated panels for air ventilation.<\/li>\n<li>Curved shape adjusted to wrist.<\/li>\n<li>Adjustable Velcro closure.<\/li>\n<\/ul>\n","protected":false},"excerpt":{"rendered":"<p>Bela Streeter Lady Gants d&rsquo;\u00e9t\u00e9 en cuir Noir La description: Cowhide A+ grade leather. Doublure en polyester doux \u00e0 l&rsquo;int\u00e9rieur.<\/p>\n","protected":false},"featured_media":71267,"template":"","meta":[],"product_brand":[],"product_cat":[3267,1936,1940,1937,3262,1906],"product_tag":[3237,3174,2899],"class_list":{"0":"post-71280","1":"product","2":"type-product","3":"status-publish","4":"has-post-thumbnail","6":"product_cat-courses","7":"product_cat-gants-de-moto","8":"product_cat-gants-textile-hommes","9":"product_cat-hommes-gants-de-moto","10":"product_cat-rue","11":"product_cat-vetements-de-moto","12":"product_tag-dames-gants","13":"product_tag-guantes-de-moto","14":"product_tag-women-leather-glove-fr","15":"pa_size-l-fr","16":"pa_size-m-fr","17":"pa_size-s-fr","18":"pa_size-xl-fr","19":"pa_size-xs-fr","20":"pa_size-xxl-fr","21":"pa_size-xxs-fr","23":"first","24":"outofstock","25":"sale","26":"taxable","27":"shipping-taxable","28":"purchasable","29":"product-type-variable","30":"has-default-attributes"},"_links":{"self":[{"href":"https:\/\/primomoto.es\/fr\/wp-json\/wp\/v2\/product\/71280","targetHints":{"allow":["GET"]}}],"collection":[{"href":"https:\/\/primomoto.es\/fr\/wp-json\/wp\/v2\/product"}],"about":[{"href":"https:\/\/primomoto.es\/fr\/wp-json\/wp\/v2\/types\/product"}],"wp:featuredmedia":[{"embeddable":true,"href":"https:\/\/primomoto.es\/fr\/wp-json\/wp\/v2\/media\/71267"}],"wp:attachment":[{"href":"https:\/\/primomoto.es\/fr\/wp-json\/wp\/v2\/media?parent=71280"}],"wp:term":[{"taxonomy":"product_brand","embeddable":true,"href":"https:\/\/primomoto.es\/fr\/wp-json\/wp\/v2\/product_brand?post=71280"},{"taxonomy":"product_cat","embeddable":true,"href":"https:\/\/primomoto.es\/fr\/wp-json\/wp\/v2\/product_cat?post=71280"},{"taxonomy":"product_tag","embeddable":true,"href":"https:\/\/primomoto.es\/fr\/wp-json\/wp\/v2\/product_tag?post=71280"}],"curies":[{"name":"wp","href":"https:\/\/api.w.org\/{rel}","templated":true}]}}