{"id":69791,"date":"2021-09-16T07:24:15","date_gmt":"2021-09-16T07:25:56","guid":{"rendered":"https:\/\/primomoto.es\/bela-twix-men-gants-moto-noir\/"},"modified":"2023-02-13T07:13:04","modified_gmt":"2023-02-13T07:13:04","slug":"bela-twix-men-gants-moto-noir","status":"publish","type":"product","link":"https:\/\/primomoto.es\/fr\/bela-twix-men-gants-moto-noir\/","title":{"rendered":"Bela Twix Hommes Moto Gants Noir"},"content":{"rendered":"<h2><strong>Motorcycle Summer Gloves \u2013 Bela Twix Gloves<\/strong><\/h2>\n<p><strong>La description:<\/strong><\/p>\n<ul>\n<li>Gants mixtes cuir et textile.<\/li>\n<li>Cuir v\u00e9ritable utilis\u00e9 sur les zones \u00e0 haut risque d&rsquo;impact.<\/li>\n<li>Maille en polyester de haute qualit\u00e9 \u00e0 des fins de ventilation.<\/li>\n<li>Construction en n\u00e9opr\u00e8ne et en polyester doux pour un ajustement confortable.<\/li>\n<li>Doublure en polyester doux \u00e0 l&rsquo;int\u00e9rieur.<\/li>\n<li>Passepoil en cuir synth\u00e9tique.<\/li>\n<li>Protecteur en TPU pour la protection des articulations.<\/li>\n<li>Protection TPR pour la s\u00e9curit\u00e9 de la paume et des doigts.<\/li>\n<li>Eva padding patch to secure thumb joint.<\/li>\n<li>Renfort Clarino pour la s\u00e9curit\u00e9 de la paume.<\/li>\n<li>Forme incurv\u00e9e pour un ajustement agr\u00e9able.<\/li>\n<li>Elasticated panels for<\/li>\n<li>Fermeture Velcro r\u00e9glable sur le brassard pour un meilleur confort et une meilleure adh\u00e9rence du brassard.<\/li>\n<\/ul>\n","protected":false},"excerpt":{"rendered":"<p>Motorcycle Summer Gloves \u2013 Bela Twix Gloves La description: Gants mixtes cuir et textile. Cuir v\u00e9ritable utilis\u00e9 sur les zones<\/p>\n","protected":false},"featured_media":69778,"template":"","meta":[],"product_brand":[],"product_cat":[1936,1940,1937,3262,3257,1906],"product_tag":[2519],"class_list":{"0":"post-69791","1":"product","2":"type-product","3":"status-publish","4":"has-post-thumbnail","6":"product_cat-gants-de-moto","7":"product_cat-gants-textile-hommes","8":"product_cat-hommes-gants-de-moto","9":"product_cat-rue","10":"product_cat-tournee","11":"product_cat-vetements-de-moto","12":"product_tag-gant-en-cuir-hommes","13":"pa_size-l-fr","14":"pa_size-m-fr","15":"pa_size-s-fr","16":"pa_size-xl-fr","17":"pa_size-xs-fr","18":"pa_size-xxl-fr","19":"pa_size-xxxl-fr","21":"first","22":"outofstock","23":"sale","24":"taxable","25":"shipping-taxable","26":"purchasable","27":"product-type-variable","28":"has-default-attributes"},"_links":{"self":[{"href":"https:\/\/primomoto.es\/fr\/wp-json\/wp\/v2\/product\/69791","targetHints":{"allow":["GET"]}}],"collection":[{"href":"https:\/\/primomoto.es\/fr\/wp-json\/wp\/v2\/product"}],"about":[{"href":"https:\/\/primomoto.es\/fr\/wp-json\/wp\/v2\/types\/product"}],"wp:featuredmedia":[{"embeddable":true,"href":"https:\/\/primomoto.es\/fr\/wp-json\/wp\/v2\/media\/69778"}],"wp:attachment":[{"href":"https:\/\/primomoto.es\/fr\/wp-json\/wp\/v2\/media?parent=69791"}],"wp:term":[{"taxonomy":"product_brand","embeddable":true,"href":"https:\/\/primomoto.es\/fr\/wp-json\/wp\/v2\/product_brand?post=69791"},{"taxonomy":"product_cat","embeddable":true,"href":"https:\/\/primomoto.es\/fr\/wp-json\/wp\/v2\/product_cat?post=69791"},{"taxonomy":"product_tag","embeddable":true,"href":"https:\/\/primomoto.es\/fr\/wp-json\/wp\/v2\/product_tag?post=69791"}],"curies":[{"name":"wp","href":"https:\/\/api.w.org\/{rel}","templated":true}]}}