{"id":66519,"date":"2021-09-13T06:55:04","date_gmt":"2021-09-13T06:55:04","guid":{"rendered":"https:\/\/primomoto.es\/r-tech-marshal-lady-veste-moto-touring-noir-rose\/"},"modified":"2022-08-30T06:47:19","modified_gmt":"2022-08-30T06:47:19","slug":"r-tech-marshal-veste-moto-femme-noir-rose","status":"publish","type":"product","link":"https:\/\/primomoto.es\/fr\/r-tech-marshal-veste-moto-femme-noir-rose\/","title":{"rendered":"R-Tech Marshal Ladies Moto Veste Noir\/Rose"},"content":{"rendered":"<h2>\n            <strong>R-Tech Marshal Veste Moto Touring Noir\/Vert<\/strong><br \/>\n          <\/h2>\n<p>          <strong>Informations techniques:<\/strong><\/p>\n<ul>\n<li>Coquille ext\u00e9rieure : polyester<\/li>\n<li>Doublure int\u00e9rieure en maille douce<\/li>\n<li>Rembourrage homologu\u00e9 CE<\/li>\n<li>Doublure int\u00e9rieure amovible en polyester, avec poche int\u00e9rieure pour portable et documents.<\/li>\n<li>Tissu agr\u00e9able et doux au toucher sur le cou<\/li>\n<li>Deux poches pour r\u00e9chauffer les mains<\/li>\n<li>Remplissage de la zone des \u00e9paules et du poing<\/li>\n<li>Protecteurs sur les \u00e9paules, les coudes et le dos.<\/li>\n<li>Zones r\u00e9fl\u00e9chissantes pour une meilleure visibilit\u00e9 de nuit<\/li>\n<li>Poignet \u00e0 fermeture velcro<\/li>\n<\/ul>\n","protected":false},"excerpt":{"rendered":"<div id=\"product-description-short-1014\" class=\"rte-content\">\n<div class=\"short-description\">\n<div class=\"std\">\n<p>Make yourself ride in the most comfortable way with the R-tech Marshal textile jacket for motorcycles. It has removable polyester inner lining and protection with reflectors for better night-time visibility.<\/p>\n<\/div><\/div>\n<\/p><\/div>\n","protected":false},"featured_media":240838,"template":"","meta":[],"product_brand":[],"product_cat":[1935,1933,3257,1929,1906],"product_tag":[2631],"class_list":{"0":"post-66519","1":"product","2":"type-product","3":"status-publish","4":"has-post-thumbnail","6":"product_cat-blouson-textile-femme","7":"product_cat-blousons-moto-femme","8":"product_cat-tournee","9":"product_cat-vestes-de-moto","10":"product_cat-vetements-de-moto","11":"product_tag-veste-textile-femme","12":"pa_size-34-2xs-fr","13":"pa_size-36-xs-fr","14":"pa_size-38-s-fr","15":"pa_size-40-m-fr","16":"pa_size-42-l-fr","17":"pa_size-44-xl-fr","18":"pa_size-46-2xl-fr","19":"pa_size-48-3xl-fr","20":"pa_size-50-4xl-fr","21":"pa_size-52-5xl-fr","22":"pa_size-54-6xl-fr","24":"first","25":"outofstock","26":"sale","27":"taxable","28":"shipping-taxable","29":"purchasable","30":"product-type-variable","31":"has-default-attributes"},"_links":{"self":[{"href":"https:\/\/primomoto.es\/fr\/wp-json\/wp\/v2\/product\/66519","targetHints":{"allow":["GET"]}}],"collection":[{"href":"https:\/\/primomoto.es\/fr\/wp-json\/wp\/v2\/product"}],"about":[{"href":"https:\/\/primomoto.es\/fr\/wp-json\/wp\/v2\/types\/product"}],"wp:featuredmedia":[{"embeddable":true,"href":"https:\/\/primomoto.es\/fr\/wp-json\/wp\/v2\/media\/240838"}],"wp:attachment":[{"href":"https:\/\/primomoto.es\/fr\/wp-json\/wp\/v2\/media?parent=66519"}],"wp:term":[{"taxonomy":"product_brand","embeddable":true,"href":"https:\/\/primomoto.es\/fr\/wp-json\/wp\/v2\/product_brand?post=66519"},{"taxonomy":"product_cat","embeddable":true,"href":"https:\/\/primomoto.es\/fr\/wp-json\/wp\/v2\/product_cat?post=66519"},{"taxonomy":"product_tag","embeddable":true,"href":"https:\/\/primomoto.es\/fr\/wp-json\/wp\/v2\/product_tag?post=66519"}],"curies":[{"name":"wp","href":"https:\/\/api.w.org\/{rel}","templated":true}]}}