{"id":65101,"date":"2021-09-08T11:51:49","date_gmt":"2021-09-08T11:51:49","guid":{"rendered":"https:\/\/primomoto.es\/bela-bradley-blouson-moto-noir-jaune-fluo\/"},"modified":"2022-09-01T09:23:21","modified_gmt":"2022-09-01T09:23:21","slug":"blouson-moto-textile-bela-bradley-noir-jaune-fluo","status":"publish","type":"product","link":"https:\/\/primomoto.es\/fr\/blouson-moto-textile-bela-bradley-noir-jaune-fluo\/","title":{"rendered":"Bela Bradley Moto Textile Veste Noir\/Jaune Fluor"},"content":{"rendered":"<h2>Bela Bradley Blouson Moto Noir\/Gris<\/h2>\n<p>          <strong>Informations techniques:<\/strong><\/p>\n<ul>\n<li>Coquille ext\u00e9rieure : Polyester<\/li>\n<li>Doublure int\u00e9rieure en maille souple<\/li>\n<li>Rembourrage homologu\u00e9 CE<\/li>\n<li>CE approuv\u00e9<\/li>\n<li>Tissu agr\u00e9able et doux au col<\/li>\n<li>Deux poches chauffe-mains<\/li>\n<li>Joli rembourrage au niveau des \u00e9paules et des poignets<\/li>\n<li>protections \u00e9paules et coudes et dos normal<\/li>\n<li>\u00c9l\u00e9ments r\u00e9fl\u00e9chissants pour une visibilit\u00e9 nocturne<\/li>\n<li>Poignet \u00e0 fermeture velcro<\/li>\n<li>Suppl\u00e9mentaire Avec fermeture \u00e9clair de fixation de pantalon<\/li>\n<\/ul>\n","protected":false},"excerpt":{"rendered":"<div id=\"product-description-short-129\" class=\"rte-content\">\n<div class=\"short-description\">\n<div class=\"std\">\n<p>Bela Bradley is a jacket that all motorcyclists will love. It is a textile motorcycle jacket made especially for comfort on long or short trips. Available in 3 colours with a huge variety of sizes.<\/p>\n<\/div><\/div>\n<\/p><\/div>\n","protected":false},"featured_media":65046,"template":"","meta":[],"product_brand":[],"product_cat":[1932,1930,3257,1929,1906],"product_tag":[2633],"class_list":{"0":"post-65101","1":"product","2":"type-product","3":"status-publish","4":"has-post-thumbnail","6":"product_cat-blouson-textile-homme","7":"product_cat-hommes-vestes-moto","8":"product_cat-tournee","9":"product_cat-vestes-de-moto","10":"product_cat-vetements-de-moto","11":"product_tag-jaqueta-textil-masculina","12":"pa_size-46-xs-fr","13":"pa_size-50-m-fr-2","14":"pa_size-52-l-fr","15":"pa_size-54-xl-fr","16":"pa_size-56-2xl-fr-2","17":"pa_size-58-3xl-fr","18":"pa_size-60-4xl-fr","19":"pa_size-62-5xl-fr","20":"pa_size-64-6xl-fr","21":"pa_size-66-7xl-fr","23":"first","24":"outofstock","25":"sale","26":"taxable","27":"shipping-taxable","28":"purchasable","29":"product-type-variable","30":"has-default-attributes"},"_links":{"self":[{"href":"https:\/\/primomoto.es\/fr\/wp-json\/wp\/v2\/product\/65101","targetHints":{"allow":["GET"]}}],"collection":[{"href":"https:\/\/primomoto.es\/fr\/wp-json\/wp\/v2\/product"}],"about":[{"href":"https:\/\/primomoto.es\/fr\/wp-json\/wp\/v2\/types\/product"}],"wp:featuredmedia":[{"embeddable":true,"href":"https:\/\/primomoto.es\/fr\/wp-json\/wp\/v2\/media\/65046"}],"wp:attachment":[{"href":"https:\/\/primomoto.es\/fr\/wp-json\/wp\/v2\/media?parent=65101"}],"wp:term":[{"taxonomy":"product_brand","embeddable":true,"href":"https:\/\/primomoto.es\/fr\/wp-json\/wp\/v2\/product_brand?post=65101"},{"taxonomy":"product_cat","embeddable":true,"href":"https:\/\/primomoto.es\/fr\/wp-json\/wp\/v2\/product_cat?post=65101"},{"taxonomy":"product_tag","embeddable":true,"href":"https:\/\/primomoto.es\/fr\/wp-json\/wp\/v2\/product_tag?post=65101"}],"curies":[{"name":"wp","href":"https:\/\/api.w.org\/{rel}","templated":true}]}}