{"id":61593,"date":"2021-08-27T16:16:55","date_gmt":"2021-08-27T16:40:10","guid":{"rendered":"https:\/\/primomoto.es\/bela-tour-to-snow-pantalon-textile-pour-hommes-noir-anthracite-glace-jaune-fluor\/"},"modified":"2022-08-10T08:36:10","modified_gmt":"2022-08-10T08:36:10","slug":"bela-tour-to-snow-pantalon-textile-pour-hommes-noir-anthracite-glace-jaune-fluor","status":"publish","type":"product","link":"https:\/\/primomoto.es\/fr\/bela-tour-to-snow-pantalon-textile-pour-hommes-noir-anthracite-glace-jaune-fluor\/","title":{"rendered":"Bela Tour To Snow Pantalon textile pour hommes Noir \/ Anthracite \/ Glace \/ Jaune Fluor"},"content":{"rendered":"<h2>\n            <strong>Bela Tour To Snow Textile Pant For Men<\/strong><br \/>\n          <\/h2>\n<p>          <strong>S\u00e9curit\u00e9:<\/strong><\/p>\n<ul>\n<li>Mototex abrasion-resistant outer fabric with DWR (dust and water repellent) treatment and waterproof &amp; breathable PU film coating.<\/li>\n<li>\u00c9l\u00e9ments r\u00e9fl\u00e9chissants sur les c\u00f4t\u00e9s et le bas de la jambe pour une meilleure visibilit\u00e9.<\/li>\n<li>Removable CE Approved knee protectors.<\/li>\n<li>Removable eva foam hip protection.<\/li>\n<\/ul>\n<p>          <strong>Confort:<\/strong><\/p>\n<ul>\n<li>Highly-breathable, removable \u201cC-Dry Tech\u201d waterproof membrane. Connection system to the trousers through a zip around the waist and quick poppers at the ankles.<\/li>\n<li>Removable thermal lining with 100% polyester padding. Connection system to the \u201cC-Dry Tech\u201d membrane through a zip around the waist and quick poppers at the ankles.<\/li>\n<li>Micro-perforated inner lining for improved breathability.<\/li>\n<li>Ventilation openings in the side part of the thigh area.<\/li>\n<li>Pre-curved knees greater comfort when riding.<\/li>\n<li>Tentex Stretchable fabric under legs and upper knees to feel relaxed in movements.<\/li>\n<li>Lateral opening with a zip and Velcro at the bottom part of the leg.<\/li>\n<li>Waist adjustment points.<\/li>\n<\/ul>\n<p>          <strong>Extra:<\/strong><\/p>\n<ul>\n<li>Two outside pockets with zip fastening.<\/li>\n<li>Completely removable, adjustable braces.<\/li>\n<li>Zip to join the jacket to the trousers with elasticated points.<\/li>\n<li>Branded zippers.<\/li>\n<\/ul>\n","protected":false},"excerpt":{"rendered":"<p>Bela Tour To Snow Textile Pant For Men S\u00e9curit\u00e9: Mototex abrasion-resistant outer fabric with DWR (dust and water repellent) treatment<\/p>\n","protected":false},"featured_media":61538,"template":"","meta":[],"product_brand":[],"product_cat":[1955,1954,1957,3257,1906],"product_tag":[1993],"class_list":{"0":"post-61593","1":"product","2":"type-product","3":"status-publish","4":"has-post-thumbnail","6":"product_cat-hommes-moto-pantalons","7":"product_cat-pantalon-de-moto","8":"product_cat-pantalon-textile-homme","9":"product_cat-tournee","10":"product_cat-vetements-de-moto","11":"product_tag-pantalon-textile","12":"pa_size-2xl-fr","13":"pa_size-3xl-fr","14":"pa_size-4xl-fr","15":"pa_size-l-fr","16":"pa_size-m-fr","17":"pa_size-s-fr","18":"pa_size-xl-fr","19":"pa_size-xs-fr","20":"pa_size-xxs-fr","22":"first","23":"outofstock","24":"sale","25":"taxable","26":"shipping-taxable","27":"purchasable","28":"product-type-variable","29":"has-default-attributes"},"_links":{"self":[{"href":"https:\/\/primomoto.es\/fr\/wp-json\/wp\/v2\/product\/61593","targetHints":{"allow":["GET"]}}],"collection":[{"href":"https:\/\/primomoto.es\/fr\/wp-json\/wp\/v2\/product"}],"about":[{"href":"https:\/\/primomoto.es\/fr\/wp-json\/wp\/v2\/types\/product"}],"wp:featuredmedia":[{"embeddable":true,"href":"https:\/\/primomoto.es\/fr\/wp-json\/wp\/v2\/media\/61538"}],"wp:attachment":[{"href":"https:\/\/primomoto.es\/fr\/wp-json\/wp\/v2\/media?parent=61593"}],"wp:term":[{"taxonomy":"product_brand","embeddable":true,"href":"https:\/\/primomoto.es\/fr\/wp-json\/wp\/v2\/product_brand?post=61593"},{"taxonomy":"product_cat","embeddable":true,"href":"https:\/\/primomoto.es\/fr\/wp-json\/wp\/v2\/product_cat?post=61593"},{"taxonomy":"product_tag","embeddable":true,"href":"https:\/\/primomoto.es\/fr\/wp-json\/wp\/v2\/product_tag?post=61593"}],"curies":[{"name":"wp","href":"https:\/\/api.w.org\/{rel}","templated":true}]}}