{"id":61404,"date":"2021-08-27T14:52:01","date_gmt":"2021-08-27T15:57:53","guid":{"rendered":"https:\/\/primomoto.es\/bela-shirley-lady-jeans-moto-cire-bleu\/"},"modified":"2022-10-09T08:30:38","modified_gmt":"2022-10-09T08:30:38","slug":"bela-shirley-dame-jeans-moto-cire-bleu","status":"publish","type":"product","link":"https:\/\/primomoto.es\/fr\/bela-shirley-dame-jeans-moto-cire-bleu\/","title":{"rendered":"Bela Shirley Dame Moto Jeans La Cire Recouvert Bleu"},"content":{"rendered":"<h2>Bela Shirley Lady Motorcycle Jeans<\/h2>\n<p><strong>Information produit:<\/strong><\/p>\n<p>The \u201cShirley\u201d Ladies Wax Coated Motorcycle Jeans is a part of the latest Bela Jeans Brand Collection. Shirley Ladies jeans style is made of best Cotton and Elastane fabric. De plus, les renforts suppl\u00e9mentaires en tissu DuPont Aramid sont strat\u00e9giquement plac\u00e9s pour une excellente r\u00e9sistance \u00e0 l&rsquo;abrasion sans compromettre le confort et l&rsquo;\u00e9lasticit\u00e9. Les prot\u00e8ge-genoux et cuisses homologu\u00e9s CE \u00ab\u00a0EN 1621-1:2012\u00a0\u00bb sont difficiles \u00e0 rep\u00e9rer lors de la conduite \/ marche, mais offrent la meilleure protection en cas d&rsquo;accident malheureux pendant la conduite&#8230;<\/p>\n<p><strong>Tissu ext\u00e9rieur :<\/strong><\/p>\n<ul>\n<li>Denim extensible enduit de cire 10,0 oz<\/li>\n<li>Fabriqu\u00e9 en 98 % coton et 2 % \u00e9lasthanne.<\/li>\n<li>Couleur bleue<\/li>\n<\/ul>\n<p><strong>Protections :<\/strong><\/p>\n<ul>\n<li>Protections amovibles aux genoux et aux cuisses avec certification CE EN 1621-1:2012.<\/li>\n<li>Les genouill\u00e8res sont r\u00e9glables gr\u00e2ce \u00e0 du velcro suppl\u00e9mentaire attach\u00e9 en haut et en bas.<\/li>\n<li>La protection peut \u00eatre retir\u00e9e facilement en ouvrant simplement les fermetures \u00e9clair lat\u00e9rales des genoux.<\/li>\n<\/ul>\n<p><strong>Confort:<\/strong><\/p>\n<ul>\n<li>Doublure int\u00e9rieure en tissu DuPont Aramid, qui est plac\u00e9e \u00e0 dessein pour offrir une excellente r\u00e9sistance \u00e0 l&rsquo;abrasion et \u00e0 la r\u00e9sistance.<\/li>\n<li>Doublure int\u00e9rieure en mesh 100% polyester pour une respirabilit\u00e9 et un confort accrus.<\/li>\n<li>Meilleur ajustement en coupe r\u00e9guli\u00e8re.<\/li>\n<li>Fermetures \u00e9clair YKK\u00ae (zone braguette et genoux)<\/li>\n<li>Avec sac de protection suppl\u00e9mentaire.<\/li>\n<\/ul>\n","protected":false},"excerpt":{"rendered":"<p>Bela Shirley Lady Motorcycle Jeans Information produit: The \u201cShirley\u201d Ladies Wax Coated Motorcycle Jeans is a part of the latest<\/p>\n","protected":false},"featured_media":60995,"template":"","meta":[],"product_brand":[],"product_cat":[1975,1974,1976,1954,3257,1906],"product_tag":[1978],"class_list":{"0":"post-61404","1":"product","2":"type-product","3":"status-publish","4":"has-post-thumbnail","6":"product_cat-femme","7":"product_cat-jean-moto","8":"product_cat-jeans-fr","9":"product_cat-pantalon-de-moto","10":"product_cat-tournee","11":"product_cat-vetements-de-moto","12":"product_tag-jean-femme","13":"pa_size-26-fr","14":"pa_size-28-fr","15":"pa_size-30-fr","16":"pa_size-32-fr","17":"pa_size-34-fr","18":"pa_size-36-fr","20":"first","21":"outofstock","22":"sale","23":"taxable","24":"shipping-taxable","25":"purchasable","26":"product-type-variable","27":"has-default-attributes"},"_links":{"self":[{"href":"https:\/\/primomoto.es\/fr\/wp-json\/wp\/v2\/product\/61404","targetHints":{"allow":["GET"]}}],"collection":[{"href":"https:\/\/primomoto.es\/fr\/wp-json\/wp\/v2\/product"}],"about":[{"href":"https:\/\/primomoto.es\/fr\/wp-json\/wp\/v2\/types\/product"}],"wp:featuredmedia":[{"embeddable":true,"href":"https:\/\/primomoto.es\/fr\/wp-json\/wp\/v2\/media\/60995"}],"wp:attachment":[{"href":"https:\/\/primomoto.es\/fr\/wp-json\/wp\/v2\/media?parent=61404"}],"wp:term":[{"taxonomy":"product_brand","embeddable":true,"href":"https:\/\/primomoto.es\/fr\/wp-json\/wp\/v2\/product_brand?post=61404"},{"taxonomy":"product_cat","embeddable":true,"href":"https:\/\/primomoto.es\/fr\/wp-json\/wp\/v2\/product_cat?post=61404"},{"taxonomy":"product_tag","embeddable":true,"href":"https:\/\/primomoto.es\/fr\/wp-json\/wp\/v2\/product_tag?post=61404"}],"curies":[{"name":"wp","href":"https:\/\/api.w.org\/{rel}","templated":true}]}}