{"id":60814,"date":"2021-08-27T14:03:18","date_gmt":"2021-08-27T14:04:57","guid":{"rendered":"https:\/\/primomoto.es\/bela-strip-long-bottes-de-moto-unisexe-noir\/"},"modified":"2023-04-04T06:33:33","modified_gmt":"2023-04-04T06:33:33","slug":"bela-strip-long-bottes-de-moto-unisexe-noir","status":"publish","type":"product","link":"https:\/\/primomoto.es\/fr\/bela-strip-long-bottes-de-moto-unisexe-noir\/","title":{"rendered":"Bela Strip Long Bottes de moto Unisexe Noir"},"content":{"rendered":"<h2><b><strong>Bela Strip\u00a0<\/strong><\/b>Long\u00a0<b><strong>B<\/strong><\/b><b><strong>ottes de moto\u00a0<\/strong><\/b>Unisexe<\/h2>\n<ul style=\"font-weight: 400;\">\n<li>Micro Fibre<\/li>\n<li>Doublure douce en polyester qui \u00e9vacue l&rsquo;humidit\u00e9 et respirante de type maille 3D.<\/li>\n<li>Semelle en caoutchouc<\/li>\n<li>Protection au talon<\/li>\n<li>Protection \u00e0 la cheville<\/li>\n<li>Orteils renforc\u00e9s<\/li>\n<li>Les coutures doubles et triples am\u00e9liorent la durabilit\u00e9<\/li>\n<li>Le produit est certifi\u00e9 CE (EN 13634:2017)<\/li>\n<li>Fermeture \u00e9claire YKK longue pour enfiler facilement les bottes<\/li>\n<li>Velcro pour ajuster \u00e0 la taille des mollets<\/li>\n<li>\u00c9l\u00e9ments flexibles pour assurer une libert\u00e9 de mouvement<\/li>\n<li>Un insert antibact\u00e9rien assure la conservation<\/li>\n<li>\u00c9l\u00e9ments r\u00e9fl\u00e9chissant pour am\u00e9liorer la visibilit\u00e9<\/li>\n<li>Les glissi\u00e8res (sliders) rempla\u00e7ables prolongent la dur\u00e9e de vie des bottes<\/li>\n<li>Renforcement pour le changement de vitesse<\/li>\n<li>Finition souple du bord sup\u00e9rieur de la botte<\/li>\n<\/ul>\n","protected":false},"excerpt":{"rendered":"<p><span style=\"color: #484848; font-family: Raleway, sans-serif; font-size: 13px;\">Un nouvel ajout classique et haut de gamme \u00e0 la botte de course Bela: Bela Strip qui est livr\u00e9 avec la certification CE, une protection du talon et de la cheville, des panneaux flexibles et des curseurs rempla\u00e7ables.<\/span><\/p>\n","protected":false},"featured_media":290631,"template":"","meta":[],"product_brand":[],"product_cat":[1914,1907,1910,1912,1908,1906],"product_tag":[2033],"class_list":{"0":"post-60814","1":"product","2":"type-product","3":"status-publish","4":"has-post-thumbnail","6":"product_cat-botte-de-course-femme","7":"product_cat-bottes-de-moto","8":"product_cat-bottes-de-course-hommes","9":"product_cat-bottes-moto-femme","10":"product_cat-bottes-moto-hommes","11":"product_cat-vetements-de-moto","12":"product_tag-bottes-de-cuir","13":"pa_size-40-fr","14":"pa_size-41-fr","15":"pa_size-42-fr","16":"pa_size-43-fr","17":"pa_size-44-fr","18":"pa_size-45-fr","19":"pa_size-46-fr","21":"first","22":"outofstock","23":"sale","24":"taxable","25":"shipping-taxable","26":"purchasable","27":"product-type-variable","28":"has-default-attributes"},"_links":{"self":[{"href":"https:\/\/primomoto.es\/fr\/wp-json\/wp\/v2\/product\/60814","targetHints":{"allow":["GET"]}}],"collection":[{"href":"https:\/\/primomoto.es\/fr\/wp-json\/wp\/v2\/product"}],"about":[{"href":"https:\/\/primomoto.es\/fr\/wp-json\/wp\/v2\/types\/product"}],"wp:featuredmedia":[{"embeddable":true,"href":"https:\/\/primomoto.es\/fr\/wp-json\/wp\/v2\/media\/290631"}],"wp:attachment":[{"href":"https:\/\/primomoto.es\/fr\/wp-json\/wp\/v2\/media?parent=60814"}],"wp:term":[{"taxonomy":"product_brand","embeddable":true,"href":"https:\/\/primomoto.es\/fr\/wp-json\/wp\/v2\/product_brand?post=60814"},{"taxonomy":"product_cat","embeddable":true,"href":"https:\/\/primomoto.es\/fr\/wp-json\/wp\/v2\/product_cat?post=60814"},{"taxonomy":"product_tag","embeddable":true,"href":"https:\/\/primomoto.es\/fr\/wp-json\/wp\/v2\/product_tag?post=60814"}],"curies":[{"name":"wp","href":"https:\/\/api.w.org\/{rel}","templated":true}]}}