{"id":59907,"date":"2021-08-23T08:16:23","date_gmt":"2021-08-23T08:16:23","guid":{"rendered":"https:\/\/primomoto.es\/bela-rollover-junior-combinaison-moto-noir-jaune-fluorescent\/"},"modified":"2025-06-04T08:25:03","modified_gmt":"2025-06-04T08:25:03","slug":"bela-rollover-combinaison-cuir-moto-enfant-1-pc-noir-jaune-fluo","status":"publish","type":"product","link":"https:\/\/primomoto.es\/fr\/bela-rollover-combinaison-cuir-moto-enfant-1-pc-noir-jaune-fluo\/","title":{"rendered":"Bela Rollover Kids Moto Cuir Costume 1 Pc Noir\/Jaune Fluorescent"},"content":{"rendered":"<p><span style=\"color: #ff0000;\"><strong>Remarque : les commandes sont exp\u00e9di\u00e9es dans un d\u00e9lai de 10 \u00e0 15 jours ouvrables \u00e0 compter de la date d&rsquo;achat !!<\/strong><\/span><\/p>\n<h2>Combinaison en cuir Bela Junior Rollover 1Pc<\/h2>\n<p>Mat\u00e9riel:<\/p>\n<ul>\n<li>Fabriqu\u00e9 \u00e0 partir de cuir de vachette.<\/li>\n<li>Tissu extensible Super Tense-tex au coude, \u00e0 l&rsquo;entrejambe et \u00e0 l&rsquo;arri\u00e8re du genou pour plus de souplesse et de confort<\/li>\n<\/ul>\n<p>Informations techniques<\/p>\n<ul>\n<li>Doublure fixe en maille au mollet pour offrir un meilleur confort<\/li>\n<li>Protections internes homologu\u00e9es CE aux coudes, hanches et genoux<\/li>\n<li>Bosse a\u00e9rodynamique<\/li>\n<li>Cuir perfor\u00e9 pour am\u00e9liorer la ventilation<\/li>\n<li>Panneaux en cuir \u00e9lastiqu\u00e9s aux genoux, \u00e0 la taille au dos, aux emmanchures au dos pour un mouvement confortable et flexible<\/li>\n<li>N\u00e9opr\u00e8ne aux poignets et \u00e0 l&rsquo;ourlet pour r\u00e9duire l&rsquo;\u00e9paisseur et offrir un plus grand confort<\/li>\n<li>Renfort en cuir double couche aux coudes, aux \u00e9paules et au si\u00e8ge<\/li>\n<li>Velcro \u00e0 l&rsquo;int\u00e9rieur du panneau avant pour faciliter un protecteur de poitrine si n\u00e9cessaire<\/li>\n<li>Sliders genoux amovibles<\/li>\n<\/ul>\n","protected":false},"excerpt":{"rendered":"<p>Meilleure combinaison en cuir de course de moto pour les enfants. Fabriqu\u00e9 avec le meilleur cuir s\u00e9lectionn\u00e9. Sliders genoux amovibles. Cuir perfor\u00e9 pour am\u00e9liorer la ventilation.<\/p>\n","protected":false},"featured_media":59893,"template":"","meta":[],"product_brand":[],"product_cat":[1953,1945,3267,1952,1906],"product_tag":[2837,2138],"class_list":{"0":"post-59907","1":"product","2":"type-product","3":"status-publish","4":"has-post-thumbnail","6":"product_cat-combinaison-1-pieces-des-gamins","7":"product_cat-combinaisons-de-moto","8":"product_cat-courses","9":"product_cat-combinaisons-enfants","10":"product_cat-vetements-de-moto","11":"product_tag-2837","12":"product_tag-costume-en-cuir","13":"pa_size-2xl-fr","14":"pa_size-3xl-fr","15":"pa_size-4xl-fr","16":"pa_size-5xl-fr","17":"pa_size-l-fr","18":"pa_size-m-fr","19":"pa_size-s-fr","20":"pa_size-xl-fr","22":"first","23":"outofstock","24":"sale","25":"taxable","26":"shipping-taxable","27":"purchasable","28":"product-type-variable","29":"has-default-attributes"},"_links":{"self":[{"href":"https:\/\/primomoto.es\/fr\/wp-json\/wp\/v2\/product\/59907","targetHints":{"allow":["GET"]}}],"collection":[{"href":"https:\/\/primomoto.es\/fr\/wp-json\/wp\/v2\/product"}],"about":[{"href":"https:\/\/primomoto.es\/fr\/wp-json\/wp\/v2\/types\/product"}],"wp:featuredmedia":[{"embeddable":true,"href":"https:\/\/primomoto.es\/fr\/wp-json\/wp\/v2\/media\/59893"}],"wp:attachment":[{"href":"https:\/\/primomoto.es\/fr\/wp-json\/wp\/v2\/media?parent=59907"}],"wp:term":[{"taxonomy":"product_brand","embeddable":true,"href":"https:\/\/primomoto.es\/fr\/wp-json\/wp\/v2\/product_brand?post=59907"},{"taxonomy":"product_cat","embeddable":true,"href":"https:\/\/primomoto.es\/fr\/wp-json\/wp\/v2\/product_cat?post=59907"},{"taxonomy":"product_tag","embeddable":true,"href":"https:\/\/primomoto.es\/fr\/wp-json\/wp\/v2\/product_tag?post=59907"}],"curies":[{"name":"wp","href":"https:\/\/api.w.org\/{rel}","templated":true}]}}