{"id":57716,"date":"2021-01-04T11:52:08","date_gmt":"2021-08-20T09:49:07","guid":{"rendered":"https:\/\/primomoto.es\/r-tech-robo-lady-gants-de-course-moto-noir\/"},"modified":"2021-12-10T11:52:31","modified_gmt":"2021-12-10T11:52:31","slug":"r-tech-robo-lady-gants-de-course-moto-noir","status":"publish","type":"product","link":"https:\/\/primomoto.es\/fr\/r-tech-robo-lady-gants-de-course-moto-noir\/","title":{"rendered":"R-Tech Robo Lady Gants de Course Moto Noir"},"content":{"rendered":"<h2><strong>R-Tech Robo Lady Gants de moto course en cuir pour Femme<\/strong><\/h2>\n<ul>\n<li>Gants de course longs renforc\u00e9s en cuir de vachette pour plus de s\u00e9curit\u00e9 contre l&rsquo;abrasion<\/li>\n<li>Doublure d&rsquo;\u00e9t\u00e9 souple en polyester<\/li>\n<li>Couches renforc\u00e9es en Calrino<\/li>\n<li>Interface tactile compatible avec les t\u00e9l\u00e9phones portables<\/li>\n<li>Protection des doigts et des articulations<\/li>\n<li>Knox sur la paume de la main pour plus de protection<\/li>\n<li>Accord\u00e9on au dos de la main et aux doigts pour le mouvement<\/li>\n<li>Forme incurv\u00e9e adapt\u00e9e au poignet<\/li>\n<li>Fermeture TPR au poignet<\/li>\n<li>Manchette \u00e0 fermeture velcro avec joli logo TPR.<\/li>\n<li>Approuv\u00e9 CE<\/li>\n<\/ul>\n","protected":false},"excerpt":{"rendered":"<p>Les gants R-Tech Robo peuvent facilement \u00eatre la meilleure option pour les motards car ils sont approuv\u00e9s CE et sont renforc\u00e9s en cuir de vachette pour plus de s\u00e9curit\u00e9.<\/p>\n","protected":false},"featured_media":14587,"template":"","meta":[],"product_brand":[],"product_cat":[3267,1941,1936,1943,1906],"product_tag":[2804,2803],"class_list":{"0":"post-57716","1":"product","2":"type-product","3":"status-publish","4":"has-post-thumbnail","6":"product_cat-courses","7":"product_cat-gants-moto-femme","8":"product_cat-gants-de-moto","9":"product_cat-gants-racing-femme","10":"product_cat-vetements-de-moto","11":"product_tag-guante-de-cuero-de-mujer-fr","12":"product_tag-guantes-de-carreras-de-mujer-fr","13":"pa_size-2xl-fr","14":"pa_size-3xl-fr","15":"pa_size-l-fr","16":"pa_size-xl-fr","18":"first","19":"outofstock","20":"sale","21":"taxable","22":"shipping-taxable","23":"purchasable","24":"product-type-variable","25":"has-default-attributes"},"_links":{"self":[{"href":"https:\/\/primomoto.es\/fr\/wp-json\/wp\/v2\/product\/57716","targetHints":{"allow":["GET"]}}],"collection":[{"href":"https:\/\/primomoto.es\/fr\/wp-json\/wp\/v2\/product"}],"about":[{"href":"https:\/\/primomoto.es\/fr\/wp-json\/wp\/v2\/types\/product"}],"wp:featuredmedia":[{"embeddable":true,"href":"https:\/\/primomoto.es\/fr\/wp-json\/wp\/v2\/media\/14587"}],"wp:attachment":[{"href":"https:\/\/primomoto.es\/fr\/wp-json\/wp\/v2\/media?parent=57716"}],"wp:term":[{"taxonomy":"product_brand","embeddable":true,"href":"https:\/\/primomoto.es\/fr\/wp-json\/wp\/v2\/product_brand?post=57716"},{"taxonomy":"product_cat","embeddable":true,"href":"https:\/\/primomoto.es\/fr\/wp-json\/wp\/v2\/product_cat?post=57716"},{"taxonomy":"product_tag","embeddable":true,"href":"https:\/\/primomoto.es\/fr\/wp-json\/wp\/v2\/product_tag?post=57716"}],"curies":[{"name":"wp","href":"https:\/\/api.w.org\/{rel}","templated":true}]}}