{"id":57303,"date":"2021-01-04T11:49:59","date_gmt":"2021-08-18T10:05:29","guid":{"rendered":"https:\/\/primomoto.es\/bela-rocket-man-pantalon-moto-cuir-noir-blanc\/"},"modified":"2023-03-04T18:36:08","modified_gmt":"2023-03-04T18:36:08","slug":"bela-rocket-man-pantalon-course-moto-cuir-homme-noir-blanc","status":"publish","type":"product","link":"https:\/\/primomoto.es\/fr\/bela-rocket-man-pantalon-course-moto-cuir-homme-noir-blanc\/","title":{"rendered":"Bela Rocket Man Pantalon Moto Cuir Noir\/Blanc"},"content":{"rendered":"<h2><strong>Bela Rocket\u00a0Man Pantalon de course en cuir<\/strong><\/h2>\n<ul>\n<li>1\/1.1 mm Cuir de vachette \u00e9pais<\/li>\n<li>1\/1.1 mm Cuir de kangourou \u00e9pais<\/li>\n<li>Doublure int\u00e9rieure fixe en mailles Poly-mesh<\/li>\n<li>Ext\u00e9rieur : 100% Cuir de vachette (inserts 92% Nylon et 8% ELASTAN)<\/li>\n<li>Rembourrages lat\u00e9raux amortisseurs de chocs<\/li>\n<li>Zones de cuir flexible \u00e0 la taille et aux genoux<\/li>\n<li>Tissu extensible de haute r\u00e9sistance au niveau de l\u2019aine, des cuisses, des mollets.<\/li>\n<li>Protecteurs homologu\u00e9s de genoux et de tibias amovibles<\/li>\n<li>Fermeture \u00e9clair avec la veste au niveau de la taille<\/li>\n<li>Sliders (Glissi\u00e8res) aux genoux incluses.<\/li>\n<\/ul>\n","protected":false},"excerpt":{"rendered":"<p>Bela propose en exclusivit\u00e9 ce pantalon en cuir de vachette de haute qualit\u00e9 avec des inserts en cuir de kangourou alliant les meilleures protection et adaptabilit\u00e9.<\/p>\n","protected":false},"featured_media":289663,"template":"","meta":[],"product_brand":[],"product_cat":[3267,1955,1954,1956,1906],"product_tag":[2756,2757],"class_list":{"0":"post-57303","1":"product","2":"type-product","3":"status-publish","4":"has-post-thumbnail","6":"product_cat-courses","7":"product_cat-hommes-moto-pantalons","8":"product_cat-pantalon-de-moto","9":"product_cat-pantalons-cuir-pantalons","10":"product_cat-vetements-de-moto","11":"product_tag-pantalon-en-cuir-homme","12":"product_tag-pantalons-de-course-pour-hommes","13":"pa_size-46-xs-fr","14":"pa_size-54-xl-fr","15":"pa_size-56-2xl-fr-2","16":"pa_size-58-3xl-fr","17":"pa_size-60-4xl-fr","18":"pa_size-62-5xl-fr","20":"first","21":"instock","22":"sale","23":"taxable","24":"shipping-taxable","25":"purchasable","26":"product-type-variable","27":"has-default-attributes"},"_links":{"self":[{"href":"https:\/\/primomoto.es\/fr\/wp-json\/wp\/v2\/product\/57303","targetHints":{"allow":["GET"]}}],"collection":[{"href":"https:\/\/primomoto.es\/fr\/wp-json\/wp\/v2\/product"}],"about":[{"href":"https:\/\/primomoto.es\/fr\/wp-json\/wp\/v2\/types\/product"}],"wp:featuredmedia":[{"embeddable":true,"href":"https:\/\/primomoto.es\/fr\/wp-json\/wp\/v2\/media\/289663"}],"wp:attachment":[{"href":"https:\/\/primomoto.es\/fr\/wp-json\/wp\/v2\/media?parent=57303"}],"wp:term":[{"taxonomy":"product_brand","embeddable":true,"href":"https:\/\/primomoto.es\/fr\/wp-json\/wp\/v2\/product_brand?post=57303"},{"taxonomy":"product_cat","embeddable":true,"href":"https:\/\/primomoto.es\/fr\/wp-json\/wp\/v2\/product_cat?post=57303"},{"taxonomy":"product_tag","embeddable":true,"href":"https:\/\/primomoto.es\/fr\/wp-json\/wp\/v2\/product_tag?post=57303"}],"curies":[{"name":"wp","href":"https:\/\/api.w.org\/{rel}","templated":true}]}}