{"id":57190,"date":"2021-01-14T12:12:56","date_gmt":"2021-08-18T07:09:33","guid":{"rendered":"https:\/\/primomoto.es\/bela-watson-pantalon-de-moto-de-tourisme-pour-homme-noir-marron-jaune-fluor\/"},"modified":"2021-12-24T10:31:41","modified_gmt":"2021-12-24T10:31:41","slug":"bela-watson-pantalon-moto-tourisme-noir-marron-jaune","status":"publish","type":"product","link":"https:\/\/primomoto.es\/fr\/bela-watson-pantalon-moto-tourisme-noir-marron-jaune\/","title":{"rendered":"Bela Watson Pantalon de moto de tourisme pour homme Noir\/Marron\/Jaune Fluor"},"content":{"rendered":"<h2><strong>Pantalon de moto de tourisme pour homme &#8211; Bela Watson<\/strong><\/h2>\n<p><strong>Sp\u00e9cifications techniques:<\/strong><\/p>\n<ul>\n<li>Construction textile Advanced Polyester 600D imperm\u00e9able et respirante<\/li>\n<li>Entr\u00e9es d&rsquo;air zipp\u00e9es et orifices d&rsquo;\u00e9chappement arri\u00e8re du syst\u00e8me de ventilation directe (DVS)<\/li>\n<li>Protection contre les chocs internes fournie par des protecteurs amovibles<\/li>\n<li>Poches pour protection optionnelle<\/li>\n<li>Les d\u00e9tails graphiques r\u00e9fl\u00e9chissants et les logos am\u00e9liorent la visibilit\u00e9 du pilote dans des conditions d&rsquo;\u00e9clairage variables<\/li>\n<li>Poches cargo \u00e9tanches \u00e0 l&rsquo;avant pour plus de commodit\u00e9 et une fermeture tranquille<\/li>\n<li>Grande poche utilitaire externe dans le bas du dos, poches int\u00e9rieures \u00e9tanches et poche portefeuille int\u00e9gr\u00e9e<\/li>\n<li>La fermeture \u00e0 glissi\u00e8re de qualit\u00e9 sup\u00e9rieure avec des curseurs pour la fermeture principale avant offre une commodit\u00e9 adaptable et s\u00fbre<\/li>\n<li>Poches ext\u00e9rieures zipp\u00e9es pour un rangement s\u00fbr et tranquille<\/li>\n<li>Une combinaison parfaite de trois couches pour les longues distances.<\/li>\n<\/ul>\n","protected":false},"excerpt":{"rendered":"<p>Pantalon de moto de tourisme pour homme &#8211; Bela Watson Sp\u00e9cifications techniques: Construction textile Advanced Polyester 600D imperm\u00e9able et respirante<\/p>\n","protected":false},"featured_media":22299,"template":"","meta":[],"product_brand":[],"product_cat":[1955,1954,1957,3257,1906],"product_tag":[2746,2747,1993],"class_list":{"0":"post-57190","1":"product","2":"type-product","3":"status-publish","4":"has-post-thumbnail","6":"product_cat-hommes-moto-pantalons","7":"product_cat-pantalon-de-moto","8":"product_cat-pantalon-textile-homme","9":"product_cat-tournee","10":"product_cat-vetements-de-moto","11":"product_tag-hombre-touring-pant-fr","12":"product_tag-pantalon-de-hombre-fr-2","13":"product_tag-pantalon-textile","14":"pa_size-50-m-fr-2","15":"pa_size-52-l-fr","16":"pa_size-54-xl-fr","17":"pa_size-56-2xl-fr-2","18":"pa_size-58-3xl-fr","19":"pa_size-60-4xl-fr","21":"first","22":"instock","23":"sale","24":"taxable","25":"shipping-taxable","26":"purchasable","27":"product-type-variable","28":"has-default-attributes"},"_links":{"self":[{"href":"https:\/\/primomoto.es\/fr\/wp-json\/wp\/v2\/product\/57190","targetHints":{"allow":["GET"]}}],"collection":[{"href":"https:\/\/primomoto.es\/fr\/wp-json\/wp\/v2\/product"}],"about":[{"href":"https:\/\/primomoto.es\/fr\/wp-json\/wp\/v2\/types\/product"}],"wp:featuredmedia":[{"embeddable":true,"href":"https:\/\/primomoto.es\/fr\/wp-json\/wp\/v2\/media\/22299"}],"wp:attachment":[{"href":"https:\/\/primomoto.es\/fr\/wp-json\/wp\/v2\/media?parent=57190"}],"wp:term":[{"taxonomy":"product_brand","embeddable":true,"href":"https:\/\/primomoto.es\/fr\/wp-json\/wp\/v2\/product_brand?post=57190"},{"taxonomy":"product_cat","embeddable":true,"href":"https:\/\/primomoto.es\/fr\/wp-json\/wp\/v2\/product_cat?post=57190"},{"taxonomy":"product_tag","embeddable":true,"href":"https:\/\/primomoto.es\/fr\/wp-json\/wp\/v2\/product_tag?post=57190"}],"curies":[{"name":"wp","href":"https:\/\/api.w.org\/{rel}","templated":true}]}}