{"id":56636,"date":"2021-06-21T14:40:49","date_gmt":"2021-08-15T11:02:31","guid":{"rendered":"https:\/\/primomoto.es\/bela-transformer-pantalon-moto-textile-noir-anthracite\/"},"modified":"2022-08-10T07:48:17","modified_gmt":"2022-08-10T07:48:17","slug":"bela-transformer-pantalon-moto-tourisme-noir-anthracite","status":"publish","type":"product","link":"https:\/\/primomoto.es\/fr\/bela-transformer-pantalon-moto-tourisme-noir-anthracite\/","title":{"rendered":"Bela Transformer Tourn\u00e9e Haleter Noir \/ Anthracite"},"content":{"rendered":"<h2>\n            <strong><br \/>\n              <span style=\"vertical-align: inherit;\"><br \/>\n                <span style=\"vertical-align: inherit;\">bela-transformer-pantalon-de-moto-de-tourisme-noir-rouge<\/span><br \/>\n              <\/span><br \/>\n            <\/strong><br \/>\n          <\/h2>\n<p>          <strong><br \/>\n            <span style=\"vertical-align: inherit;\"><br \/>\n              <span style=\"vertical-align: inherit;\">S\u00e9curit\u00e9:<\/span><br \/>\n            <\/span><br \/>\n          <\/strong><\/p>\n<ul>\n<li><span style=\"vertical-align: inherit;\"><span style=\"vertical-align: inherit;\">Mototex abrasion-resistant outer fabric with DWR (dust and water repellent) treatment and waterproof &amp; breathable PU film coating.<\/span><\/span><\/li>\n<li><span style=\"vertical-align: inherit;\"><span style=\"vertical-align: inherit;\">\u00c9l\u00e9ments r\u00e9fl\u00e9chissants sur les c\u00f4t\u00e9s et le bas de la jambe pour une meilleure visibilit\u00e9.<\/span><\/span><\/li>\n<li><span style=\"vertical-align: inherit;\"><span style=\"vertical-align: inherit;\">Removable CE Approved knee protectors.<\/span><\/span><\/li>\n<li><span style=\"vertical-align: inherit;\"><span style=\"vertical-align: inherit;\">Removable eva foam hip protection.<\/span><\/span><\/li>\n<\/ul>\n<p>          <strong><br \/>\n            <span style=\"vertical-align: inherit;\"><br \/>\n              <span style=\"vertical-align: inherit;\">Confort:<\/span><br \/>\n            <\/span><br \/>\n          <\/strong><\/p>\n<ul>\n<li><span style=\"vertical-align: inherit;\"><span style=\"vertical-align: inherit;\">Membrane imperm\u00e9able \u00ab\u00a0C-Dry Tech\u00a0\u00bb hautement respirante et amovible. <\/span><span style=\"vertical-align: inherit;\">Connection system to the trousers through a zip around the waist and quick poppers at the ankles.<\/span><\/span><\/li>\n<li><span style=\"vertical-align: inherit;\"><span style=\"vertical-align: inherit;\">Doublure thermique amovible avec rembourrage 100% polyester. <\/span><span style=\"vertical-align: inherit;\">Connection system to the \u201cC-Dry Tech\u201d membrane through a zip around the waist and quick poppers at the ankles.<\/span><\/span><\/li>\n<li><span style=\"vertical-align: inherit;\"><span style=\"vertical-align: inherit;\">Micro-perforated inner lining for improved breathability.<\/span><\/span><\/li>\n<li><span style=\"vertical-align: inherit;\"><span style=\"vertical-align: inherit;\">Ventilation openings in the thigh area.<\/span><\/span><\/li>\n<li><span style=\"vertical-align: inherit;\"><span style=\"vertical-align: inherit;\">Pre-curved knees greater comfort when riding.<\/span><\/span><\/li>\n<li><span style=\"vertical-align: inherit;\"><span style=\"vertical-align: inherit;\">Tentex Stretchable fabric under legs and upper knees to feel relaxed in movements.<\/span><\/span><\/li>\n<li><span style=\"vertical-align: inherit;\"><span style=\"vertical-align: inherit;\">Lateral opening with a zip and Velcro at the bottom part of the leg.<\/span><\/span><\/li>\n<li><span style=\"vertical-align: inherit;\"><span style=\"vertical-align: inherit;\">Waist adjustment points.<\/span><\/span><\/li>\n<\/ul>\n<p>          <strong><br \/>\n            <span style=\"vertical-align: inherit;\"><br \/>\n              <span style=\"vertical-align: inherit;\">Extra:<\/span><br \/>\n            <\/span><br \/>\n          <\/strong><\/p>\n<ul>\n<li><span style=\"vertical-align: inherit;\"><span style=\"vertical-align: inherit;\">Two outside pockets with zip fastening.<\/span><\/span><\/li>\n<li><span style=\"vertical-align: inherit;\"><span style=\"vertical-align: inherit;\">Completely removable, adjustable braces.<\/span><\/span><\/li>\n<li><span style=\"vertical-align: inherit;\"><span style=\"vertical-align: inherit;\">Zip to join the jacket to the trousers with elasticated points.<\/span><\/span><\/li>\n<li><span style=\"vertical-align: inherit;\"><span style=\"vertical-align: inherit;\">Branded zippers.<\/span><\/span><\/li>\n<\/ul>\n","protected":false},"excerpt":{"rendered":"<p>bela-transformer-pantalon-de-moto-de-tourisme-noir-rouge S\u00e9curit\u00e9: Mototex abrasion-resistant outer fabric with DWR (dust and water repellent) treatment and waterproof &amp; breathable PU film coating.<\/p>\n","protected":false},"featured_media":47657,"template":"","meta":[],"product_brand":[],"product_cat":[1955,1954,1957,3257,1906],"product_tag":[2737,2640],"class_list":{"0":"post-56636","1":"product","2":"type-product","3":"status-publish","4":"has-post-thumbnail","6":"product_cat-hommes-moto-pantalons","7":"product_cat-pantalon-de-moto","8":"product_cat-pantalon-textile-homme","9":"product_cat-tournee","10":"product_cat-vetements-de-moto","11":"product_tag-pantalon-touring-fr","12":"product_tag-pantaloni-in-tessuto-da-uomo-fr","13":"pa_size-2xl-fr","14":"pa_size-3xl-fr","15":"pa_size-4xl-fr","16":"pa_size-5xl-fr","17":"pa_size-l-fr","18":"pa_size-m-fr","19":"pa_size-s-fr","20":"pa_size-xl-fr","21":"pa_size-xs-fr","23":"first","24":"outofstock","25":"sale","26":"taxable","27":"shipping-taxable","28":"purchasable","29":"product-type-variable","30":"has-default-attributes"},"_links":{"self":[{"href":"https:\/\/primomoto.es\/fr\/wp-json\/wp\/v2\/product\/56636","targetHints":{"allow":["GET"]}}],"collection":[{"href":"https:\/\/primomoto.es\/fr\/wp-json\/wp\/v2\/product"}],"about":[{"href":"https:\/\/primomoto.es\/fr\/wp-json\/wp\/v2\/types\/product"}],"wp:featuredmedia":[{"embeddable":true,"href":"https:\/\/primomoto.es\/fr\/wp-json\/wp\/v2\/media\/47657"}],"wp:attachment":[{"href":"https:\/\/primomoto.es\/fr\/wp-json\/wp\/v2\/media?parent=56636"}],"wp:term":[{"taxonomy":"product_brand","embeddable":true,"href":"https:\/\/primomoto.es\/fr\/wp-json\/wp\/v2\/product_brand?post=56636"},{"taxonomy":"product_cat","embeddable":true,"href":"https:\/\/primomoto.es\/fr\/wp-json\/wp\/v2\/product_cat?post=56636"},{"taxonomy":"product_tag","embeddable":true,"href":"https:\/\/primomoto.es\/fr\/wp-json\/wp\/v2\/product_tag?post=56636"}],"curies":[{"name":"wp","href":"https:\/\/api.w.org\/{rel}","templated":true}]}}