{"id":56571,"date":"2021-06-22T06:27:27","date_gmt":"2021-08-15T10:32:56","guid":{"rendered":"https:\/\/primomoto.es\/bela-transformer-pantalon-moto-textile-gris-noir-bleu\/"},"modified":"2022-08-04T12:22:36","modified_gmt":"2022-08-04T12:22:36","slug":"bela-transformer-moto-tourisme-pantalon-gris-noir-bleu","status":"publish","type":"product","link":"https:\/\/primomoto.es\/fr\/bela-transformer-moto-tourisme-pantalon-gris-noir-bleu\/","title":{"rendered":"Bela Transformer Moto Tourn\u00e9e Haleter Gris \/ Noir \/ Bleu"},"content":{"rendered":"<h2>\n            <strong>bela-transformer-pantalon-de-moto-de-tourisme-noir-rouge<\/strong><br \/>\n          <\/h2>\n<p>          <strong>S\u00e9curit\u00e9:<\/strong><\/p>\n<ul>\n<li>Mototex abrasion-resistant outer fabric with DWR (dust and water repellent) treatment and waterproof &amp; breathable PU film coating.<\/li>\n<li>\u00c9l\u00e9ments r\u00e9fl\u00e9chissants sur les c\u00f4t\u00e9s et le bas de la jambe pour une meilleure visibilit\u00e9.<\/li>\n<li>Removable CE Approved knee protectors.<\/li>\n<li>Removable eva foam hip protection.<\/li>\n<\/ul>\n<p>          <strong>Confort:<\/strong><\/p>\n<ul>\n<li>Highly-breathable, removable \u201cC-Dry Tech\u201d waterproof membrane. Connection system to the trousers through a zip around the waist and quick poppers at the ankles.<\/li>\n<li>Removable thermal lining with 100% polyester padding. Connection system to the \u201cC-Dry Tech\u201d membrane through a zip around the waist and quick poppers at the ankles.<\/li>\n<li>Micro-perforated inner lining for improved breathability.<\/li>\n<li>Ventilation openings in the thigh area.<\/li>\n<li>Pre-curved knees greater comfort when riding.<\/li>\n<li>Tentex Stretchable fabric under legs and upper knees to feel relaxed in movements.<\/li>\n<li>Lateral opening with a zip and Velcro at the bottom part of the leg.<\/li>\n<li>Waist adjustment points.<\/li>\n<\/ul>\n<p>          <strong>Extra:<\/strong><\/p>\n<ul>\n<li>Two outside pockets with zip fastening.<\/li>\n<li>Completely removable, adjustable braces.<\/li>\n<li>Zip to join the jacket to the trousers with elasticated points.<\/li>\n<li>Branded zippers.<\/li>\n<\/ul>\n","protected":false},"excerpt":{"rendered":"<p>bela-transformer-pantalon-de-moto-de-tourisme-noir-rouge S\u00e9curit\u00e9: Mototex abrasion-resistant outer fabric with DWR (dust and water repellent) treatment and waterproof &amp; breathable PU film coating.<\/p>\n","protected":false},"featured_media":47860,"template":"","meta":[],"product_brand":[],"product_cat":[1955,1954,1957,3257,1906],"product_tag":[4447,2737,2640],"class_list":{"0":"post-56571","1":"product","2":"type-product","3":"status-publish","4":"has-post-thumbnail","6":"product_cat-hommes-moto-pantalons","7":"product_cat-pantalon-de-moto","8":"product_cat-pantalon-textile-homme","9":"product_cat-tournee","10":"product_cat-vetements-de-moto","11":"product_tag-pantalon-moto-touring-fr","12":"product_tag-pantalon-touring-fr","13":"product_tag-pantaloni-in-tessuto-da-uomo-fr","14":"pa_size-2xl-fr","15":"pa_size-3xl-fr","16":"pa_size-4xl-fr","17":"pa_size-5xl-fr","18":"pa_size-l-fr","19":"pa_size-m-fr","20":"pa_size-s-fr","21":"pa_size-xl-fr","22":"pa_size-xs-fr","24":"first","25":"outofstock","26":"sale","27":"taxable","28":"shipping-taxable","29":"purchasable","30":"product-type-variable","31":"has-default-attributes"},"_links":{"self":[{"href":"https:\/\/primomoto.es\/fr\/wp-json\/wp\/v2\/product\/56571","targetHints":{"allow":["GET"]}}],"collection":[{"href":"https:\/\/primomoto.es\/fr\/wp-json\/wp\/v2\/product"}],"about":[{"href":"https:\/\/primomoto.es\/fr\/wp-json\/wp\/v2\/types\/product"}],"wp:featuredmedia":[{"embeddable":true,"href":"https:\/\/primomoto.es\/fr\/wp-json\/wp\/v2\/media\/47860"}],"wp:attachment":[{"href":"https:\/\/primomoto.es\/fr\/wp-json\/wp\/v2\/media?parent=56571"}],"wp:term":[{"taxonomy":"product_brand","embeddable":true,"href":"https:\/\/primomoto.es\/fr\/wp-json\/wp\/v2\/product_brand?post=56571"},{"taxonomy":"product_cat","embeddable":true,"href":"https:\/\/primomoto.es\/fr\/wp-json\/wp\/v2\/product_cat?post=56571"},{"taxonomy":"product_tag","embeddable":true,"href":"https:\/\/primomoto.es\/fr\/wp-json\/wp\/v2\/product_tag?post=56571"}],"curies":[{"name":"wp","href":"https:\/\/api.w.org\/{rel}","templated":true}]}}