{"id":55718,"date":"2021-01-20T06:00:39","date_gmt":"2021-01-20T06:00:39","guid":{"rendered":"https:\/\/primomoto.es\/bela-watson-veste-moto-trail-adventure-noir-kaki\/"},"modified":"2023-02-04T17:06:39","modified_gmt":"2023-02-04T17:06:39","slug":"bela-watson-touring-veste-noir-kaki","status":"publish","type":"product","link":"https:\/\/primomoto.es\/fr\/bela-watson-touring-veste-noir-kaki\/","title":{"rendered":"Bela Watson Veste Moto Trail Adventure Noir\/Kaki"},"content":{"rendered":"<h2><strong>Veste de moto de tourisme pour homme &#8211; Bela Watson<\/strong><\/h2>\n<p><strong>Sp\u00e9cifications techniques:<\/strong><\/p>\n<ul>\n<li>Construction textile Advanced Polyester 600D imperm\u00e9able et respirante<\/li>\n<li>Entr\u00e9es d&rsquo;air zipp\u00e9es \u00e0 la poitrine et orifices d&rsquo;\u00e9chappement arri\u00e8re du syst\u00e8me de ventilation directe (DVS)<\/li>\n<li>Protection interne contre les chocs assur\u00e9e par des protections amovibles pour les coudes et les \u00e9paules<\/li>\n<li>Poches pour une protection optionnelle de la poitrine et du dos<\/li>\n<li>Les d\u00e9tails graphiques r\u00e9fl\u00e9chissants et les logos am\u00e9liorent la visibilit\u00e9 du pilote dans des conditions d&rsquo;\u00e9clairage variables<\/li>\n<li>Poches pour les mains \u00e0 glissi\u00e8re sur la poitrine qui fonctionnent en tandem avec une ouverture de ventilation pour assurer des niveaux de ventilation personnalis\u00e9s<\/li>\n<li>Poches cargo \u00e9tanches \u00e0 l&rsquo;avant pour plus de commodit\u00e9 et une fermeture tranquille<\/li>\n<li>Grande poche utilitaire externe dans le bas du dos, poches int\u00e9rieures \u00e9tanches et poche portefeuille int\u00e9gr\u00e9e<\/li>\n<li>Col et construction \u00e0 bord doux int\u00e9gr\u00e9s pour un confort sur de longues distances<\/li>\n<li>Manches pr\u00e9form\u00e9es avec panneaux extensibles en accord\u00e9on sur les coudes<\/li>\n<li>La fermeture \u00e0 glissi\u00e8re de qualit\u00e9 sup\u00e9rieure avec des curseurs pour la fermeture principale avant offre une commodit\u00e9 adaptable et s\u00fbre<\/li>\n<li>La doublure thermique amovible \u00e0 manches longues (corps 100g \/ manches 80g) assure le confort par temps chaud ou froid<\/li>\n<li>Bras, fermeture de r\u00e9glage de la taille pour un ajustement hautement personnalisable<\/li>\n<li>Poches ext\u00e9rieures zipp\u00e9es pour un rangement s\u00fbr et tranquille<\/li>\n<li>Une combinaison parfaite de veste trois couches pour les longues distances.<\/li>\n<\/ul>\n","protected":false},"excerpt":{"rendered":"<p>Veste de moto de tourisme pour homme &#8211; Bela Watson Sp\u00e9cifications techniques: Construction textile Advanced Polyester 600D imperm\u00e9able et respirante<\/p>\n","protected":false},"featured_media":24148,"template":"","meta":[],"product_brand":[],"product_cat":[1932,1930,3257,1929,1906],"product_tag":[2630,2662],"class_list":{"0":"post-55718","1":"product","2":"type-product","3":"status-publish","4":"has-post-thumbnail","6":"product_cat-blouson-textile-homme","7":"product_cat-hommes-vestes-moto","8":"product_cat-tournee","9":"product_cat-vestes-de-moto","10":"product_cat-vetements-de-moto","11":"product_tag-chaqueta-de-turismo-fr","12":"product_tag-veste-textile-homme","13":"pa_size-l-fr","14":"pa_size-s-fr","15":"pa_size-xl-fr","16":"pa_size-xxl-fr","17":"pa_size-xxxl-fr","19":"first","20":"outofstock","21":"sale","22":"taxable","23":"shipping-taxable","24":"purchasable","25":"product-type-variable","26":"has-default-attributes"},"_links":{"self":[{"href":"https:\/\/primomoto.es\/fr\/wp-json\/wp\/v2\/product\/55718","targetHints":{"allow":["GET"]}}],"collection":[{"href":"https:\/\/primomoto.es\/fr\/wp-json\/wp\/v2\/product"}],"about":[{"href":"https:\/\/primomoto.es\/fr\/wp-json\/wp\/v2\/types\/product"}],"wp:featuredmedia":[{"embeddable":true,"href":"https:\/\/primomoto.es\/fr\/wp-json\/wp\/v2\/media\/24148"}],"wp:attachment":[{"href":"https:\/\/primomoto.es\/fr\/wp-json\/wp\/v2\/media?parent=55718"}],"wp:term":[{"taxonomy":"product_brand","embeddable":true,"href":"https:\/\/primomoto.es\/fr\/wp-json\/wp\/v2\/product_brand?post=55718"},{"taxonomy":"product_cat","embeddable":true,"href":"https:\/\/primomoto.es\/fr\/wp-json\/wp\/v2\/product_cat?post=55718"},{"taxonomy":"product_tag","embeddable":true,"href":"https:\/\/primomoto.es\/fr\/wp-json\/wp\/v2\/product_tag?post=55718"}],"curies":[{"name":"wp","href":"https:\/\/api.w.org\/{rel}","templated":true}]}}