{"id":55565,"date":"2021-02-11T14:30:00","date_gmt":"2021-08-10T06:56:48","guid":{"rendered":"https:\/\/primomoto.es\/bela-sprinter-lady-blouson-textile-moto-noir-glace-rouge\/"},"modified":"2021-11-30T09:36:39","modified_gmt":"2021-11-30T09:36:39","slug":"bela-sprinter-lady-veste-moto-dames-noir-glace-rouge","status":"publish","type":"product","link":"https:\/\/primomoto.es\/fr\/bela-sprinter-lady-veste-moto-dames-noir-glace-rouge\/","title":{"rendered":"Bela Sprinter Lady Blouson Textile Moto Noir\/Glace\/Rouge"},"content":{"rendered":"<h2><strong>Veste textile de moto pour dames &#8211; Bela Sprinter\u00a0Veste<\/strong><\/h2>\n<p><strong>La description:<\/strong><\/p>\n<ul>\n<li>Coque ext\u00e9rieure: polyester Maxtex 600D et maille r\u00e9sistante \u00e0 l&rsquo;abrasion<\/li>\n<li>Armure CE avec protection dorsale Hi-Density<\/li>\n<li>Doublure fixe en mesh confort<\/li>\n<li>Power Stretch aux \u00e9paules, \u00e0 la poitrine et aux coudes<\/li>\n<li>Bras pr\u00e9-courb\u00e9s<\/li>\n<li>Col confort extensible en n\u00e9opr\u00e8ne<\/li>\n<li>Impression r\u00e9fl\u00e9chissante pour augmenter la visibilit\u00e9 nocturne<\/li>\n<li>Ajusteurs de bras et de taille pour un ajustement sur mesure<\/li>\n<li>2 poches ext\u00e9rieures et 2 poches int\u00e9rieures<\/li>\n<li>Zip de connexion pour pantalon<\/li>\n<\/ul>\n","protected":false},"excerpt":{"rendered":"<p>Veste textile de moto pour dames &#8211; Bela Sprinter\u00a0Veste La description: Coque ext\u00e9rieure: polyester Maxtex 600D et maille r\u00e9sistante \u00e0<\/p>\n","protected":false},"featured_media":28865,"template":"","meta":[],"product_brand":[],"product_cat":[1935,1933,3257,1929,1906],"product_tag":[2667,2684],"class_list":{"0":"post-55565","1":"product","2":"type-product","3":"status-publish","4":"has-post-thumbnail","6":"product_cat-blouson-textile-femme","7":"product_cat-blousons-moto-femme","8":"product_cat-tournee","9":"product_cat-vestes-de-moto","10":"product_cat-vetements-de-moto","11":"product_tag-textile_veste","12":"product_tag-veste_femme","13":"pa_size-l-fr","14":"pa_size-m-fr","15":"pa_size-s-fr","16":"pa_size-xl-fr","17":"pa_size-xs-fr","18":"pa_size-xxl-fr","19":"pa_size-xxs-fr","21":"first","22":"outofstock","23":"sale","24":"taxable","25":"shipping-taxable","26":"purchasable","27":"product-type-variable","28":"has-default-attributes"},"_links":{"self":[{"href":"https:\/\/primomoto.es\/fr\/wp-json\/wp\/v2\/product\/55565","targetHints":{"allow":["GET"]}}],"collection":[{"href":"https:\/\/primomoto.es\/fr\/wp-json\/wp\/v2\/product"}],"about":[{"href":"https:\/\/primomoto.es\/fr\/wp-json\/wp\/v2\/types\/product"}],"wp:featuredmedia":[{"embeddable":true,"href":"https:\/\/primomoto.es\/fr\/wp-json\/wp\/v2\/media\/28865"}],"wp:attachment":[{"href":"https:\/\/primomoto.es\/fr\/wp-json\/wp\/v2\/media?parent=55565"}],"wp:term":[{"taxonomy":"product_brand","embeddable":true,"href":"https:\/\/primomoto.es\/fr\/wp-json\/wp\/v2\/product_brand?post=55565"},{"taxonomy":"product_cat","embeddable":true,"href":"https:\/\/primomoto.es\/fr\/wp-json\/wp\/v2\/product_cat?post=55565"},{"taxonomy":"product_tag","embeddable":true,"href":"https:\/\/primomoto.es\/fr\/wp-json\/wp\/v2\/product_tag?post=55565"}],"curies":[{"name":"wp","href":"https:\/\/api.w.org\/{rel}","templated":true}]}}