{"id":55530,"date":"2021-02-12T11:09:38","date_gmt":"2021-02-12T11:09:38","guid":{"rendered":"https:\/\/primomoto.es\/r-tech-bold-lady-veste-de-cuir-marron\/"},"modified":"2023-05-08T19:43:13","modified_gmt":"2023-05-08T19:43:13","slug":"r-tech-bold-lady-veste-en-cuir-de-moto-marron","status":"publish","type":"product","link":"https:\/\/primomoto.es\/fr\/r-tech-bold-lady-veste-en-cuir-de-moto-marron\/","title":{"rendered":"R-Tech Bold Lady Moto Cuir Veste Brun"},"content":{"rendered":"<h2><span style=\"vertical-align: inherit;\"><span style=\"vertical-align: inherit;\">Veste en cuir R-Tech Bold Lady pour femme<\/span><\/span><\/h2>\n<p><span style=\"vertical-align: inherit;\"><span style=\"vertical-align: inherit;\">Veste en cuir cir\u00e9 tendance pour femme.<\/span><\/span><\/p>\n<p><strong><span style=\"vertical-align: inherit;\"><span style=\"vertical-align: inherit;\">Sp\u00e9cifications techniques :<\/span><\/span><\/strong><\/p>\n<ul>\n<li><span style=\"vertical-align: inherit;\"><span style=\"vertical-align: inherit;\">\u00c9paisseur 0,8-0,9 mm Cuir trait\u00e9 Cadre cir\u00e9 de haute qualit\u00e9<\/span><\/span><\/li>\n<li><span style=\"vertical-align: inherit;\"><span style=\"vertical-align: inherit;\">bouton pour le collier de look de mode de v\u00e9rit\u00e9.<\/span><\/span><\/li>\n<li><span style=\"vertical-align: inherit;\"><span style=\"vertical-align: inherit;\">doublure en filet de polyester<\/span><\/span><\/li>\n<li><span style=\"vertical-align: inherit;\"><span style=\"vertical-align: inherit;\">Doublure zipp\u00e9e d\u00e9tachable en tissu Poly Cherry avec 75 g de Poly Fill pour un chauffage suppl\u00e9mentaire.<\/span><\/span><\/li>\n<li><span style=\"vertical-align: inherit;\"><span style=\"vertical-align: inherit;\">Lav\u00e9 et cir\u00e9 trait\u00e9 pour des looks plus vintage.<\/span><\/span><\/li>\n<li><span style=\"vertical-align: inherit;\"><span style=\"vertical-align: inherit;\">Patch laser 3D sur la manche.<\/span><\/span><\/li>\n<\/ul>\n","protected":false},"excerpt":{"rendered":"<p>Veste en cuir R-Tech Bold Lady pour femme Veste en cuir cir\u00e9 tendance pour femme. Sp\u00e9cifications techniques : \u00c9paisseur 0,8-0,9<\/p>\n","protected":false},"featured_media":29003,"template":"","meta":[],"product_brand":[],"product_cat":[1935,1933,3262,3257,1929,1906],"product_tag":[2679,2684],"class_list":{"0":"post-55530","1":"product","2":"type-product","3":"status-publish","4":"has-post-thumbnail","6":"product_cat-blouson-textile-femme","7":"product_cat-blousons-moto-femme","8":"product_cat-rue","9":"product_cat-tournee","10":"product_cat-vestes-de-moto","11":"product_cat-vetements-de-moto","12":"product_tag-chaqueta-de-cuero-fr","13":"product_tag-veste_femme","14":"pa_size-36-xs-fr","15":"pa_size-38-s-fr","16":"pa_size-40-m-fr","17":"pa_size-42-l-fr","18":"pa_size-44-xl-fr","19":"pa_size-46-2xl-fr","20":"pa_size-48-3xl-fr","22":"first","23":"outofstock","24":"sale","25":"taxable","26":"shipping-taxable","27":"purchasable","28":"product-type-variable","29":"has-default-attributes"},"_links":{"self":[{"href":"https:\/\/primomoto.es\/fr\/wp-json\/wp\/v2\/product\/55530","targetHints":{"allow":["GET"]}}],"collection":[{"href":"https:\/\/primomoto.es\/fr\/wp-json\/wp\/v2\/product"}],"about":[{"href":"https:\/\/primomoto.es\/fr\/wp-json\/wp\/v2\/types\/product"}],"wp:featuredmedia":[{"embeddable":true,"href":"https:\/\/primomoto.es\/fr\/wp-json\/wp\/v2\/media\/29003"}],"wp:attachment":[{"href":"https:\/\/primomoto.es\/fr\/wp-json\/wp\/v2\/media?parent=55530"}],"wp:term":[{"taxonomy":"product_brand","embeddable":true,"href":"https:\/\/primomoto.es\/fr\/wp-json\/wp\/v2\/product_brand?post=55530"},{"taxonomy":"product_cat","embeddable":true,"href":"https:\/\/primomoto.es\/fr\/wp-json\/wp\/v2\/product_cat?post=55530"},{"taxonomy":"product_tag","embeddable":true,"href":"https:\/\/primomoto.es\/fr\/wp-json\/wp\/v2\/product_tag?post=55530"}],"curies":[{"name":"wp","href":"https:\/\/api.w.org\/{rel}","templated":true}]}}