{"id":55394,"date":"2021-03-17T05:15:51","date_gmt":"2021-03-17T05:15:51","guid":{"rendered":"https:\/\/primomoto.es\/r-tech-marshal-veste-moto-touring-noir-vert\/"},"modified":"2024-04-09T11:32:25","modified_gmt":"2024-04-09T11:32:25","slug":"blouson-moto-r-tech-marshal-noir-vert","status":"publish","type":"product","link":"https:\/\/primomoto.es\/fr\/blouson-moto-r-tech-marshal-noir-vert\/","title":{"rendered":"R-Tech Marshal Moto Veste Noir\/Vert"},"content":{"rendered":"<p>&nbsp;<\/p>\n<h2><span style=\"vertical-align: inherit;\"><br \/>\n<span style=\"vertical-align: inherit;\">Veste de moto R-Tech Marshall<\/span><br \/>\n<\/span><\/h2>\n<p><strong><br \/>\n<span style=\"vertical-align: inherit;\"><br \/>\n<span style=\"vertical-align: inherit;\">Informations techniques:<\/span><br \/>\n<\/span><br \/>\n<\/strong><\/p>\n<ul>\n<li><span style=\"vertical-align: inherit;\"><span style=\"vertical-align: inherit;\">Coquille ext\u00e9rieure : polyester<\/span><\/span><\/li>\n<li><span style=\"vertical-align: inherit;\"><span style=\"vertical-align: inherit;\">Doublure int\u00e9rieure en maille douce<\/span><\/span><\/li>\n<li><span style=\"vertical-align: inherit;\"><span style=\"vertical-align: inherit;\">Rembourrage homologu\u00e9 CE<\/span><\/span><\/li>\n<li><span style=\"vertical-align: inherit;\"><span style=\"vertical-align: inherit;\">Doublure int\u00e9rieure amovible en polyester, avec poche int\u00e9rieure pour portable et documents.<\/span><\/span><\/li>\n<li><span style=\"vertical-align: inherit;\"><span style=\"vertical-align: inherit;\">Tissu agr\u00e9able et doux au toucher sur le cou<\/span><\/span><\/li>\n<li><span style=\"vertical-align: inherit;\"><span style=\"vertical-align: inherit;\">Deux poches pour r\u00e9chauffer les mains<\/span><\/span><\/li>\n<li><span style=\"vertical-align: inherit;\"><span style=\"vertical-align: inherit;\">Remplissage de la zone des \u00e9paules et du poing<\/span><\/span><\/li>\n<li><span style=\"vertical-align: inherit;\"><span style=\"vertical-align: inherit;\">Protecteurs sur les \u00e9paules, les coudes et le dos.<\/span><\/span><\/li>\n<li><span style=\"vertical-align: inherit;\"><span style=\"vertical-align: inherit;\">Zones r\u00e9fl\u00e9chissantes pour une meilleure visibilit\u00e9 de nuit<\/span><\/span><\/li>\n<li><span style=\"vertical-align: inherit;\"><span style=\"vertical-align: inherit;\">Poignet \u00e0 fermeture velcro<\/span><\/span><\/li>\n<\/ul>\n","protected":false},"excerpt":{"rendered":"<p><span style=\"vertical-align: inherit;\"><br \/>\n<span style=\"vertical-align: inherit;\">Make yourself ride in the most comfortable way with the R-tech Marshal textile jacket for motorcycles. <\/span><br \/>\n<span style=\"vertical-align: inherit;\">It has removable polyester inner lining and protection with reflectors for better night-time visibility. <\/span><br \/>\n<span style=\"vertical-align: inherit;\">Marshal men jacket available in 3 colors and different sizes.<br \/>\n<\/span><br \/>\n<\/span><\/p>\n","protected":false},"featured_media":240929,"template":"","meta":[],"product_brand":[],"product_cat":[1932,1930,1929,1906],"product_tag":[2630,2633],"class_list":{"0":"post-55394","1":"product","2":"type-product","3":"status-publish","4":"has-post-thumbnail","6":"product_cat-blouson-textile-homme","7":"product_cat-hommes-vestes-moto","8":"product_cat-vestes-de-moto","9":"product_cat-vetements-de-moto","10":"product_tag-chaqueta-de-turismo-fr","11":"product_tag-jaqueta-textil-masculina","12":"pa_size-44-xxs-fr","13":"pa_size-46-xs-fr","14":"pa_size-50-m-fr-2","15":"pa_size-52-l-fr","16":"pa_size-54-xl-fr","17":"pa_size-56-2xl-fr-2","18":"pa_size-58-3xl-fr","19":"pa_size-60-4xl-fr","20":"pa_size-62-5xl-fr","21":"pa_size-64-6xl-fr","22":"pa_size-66-7xl-fr","23":"pa_size-68-8xl-fr","25":"first","26":"instock","27":"sale","28":"taxable","29":"shipping-taxable","30":"purchasable","31":"product-type-variable","32":"has-default-attributes"},"_links":{"self":[{"href":"https:\/\/primomoto.es\/fr\/wp-json\/wp\/v2\/product\/55394","targetHints":{"allow":["GET"]}}],"collection":[{"href":"https:\/\/primomoto.es\/fr\/wp-json\/wp\/v2\/product"}],"about":[{"href":"https:\/\/primomoto.es\/fr\/wp-json\/wp\/v2\/types\/product"}],"wp:featuredmedia":[{"embeddable":true,"href":"https:\/\/primomoto.es\/fr\/wp-json\/wp\/v2\/media\/240929"}],"wp:attachment":[{"href":"https:\/\/primomoto.es\/fr\/wp-json\/wp\/v2\/media?parent=55394"}],"wp:term":[{"taxonomy":"product_brand","embeddable":true,"href":"https:\/\/primomoto.es\/fr\/wp-json\/wp\/v2\/product_brand?post=55394"},{"taxonomy":"product_cat","embeddable":true,"href":"https:\/\/primomoto.es\/fr\/wp-json\/wp\/v2\/product_cat?post=55394"},{"taxonomy":"product_tag","embeddable":true,"href":"https:\/\/primomoto.es\/fr\/wp-json\/wp\/v2\/product_tag?post=55394"}],"curies":[{"name":"wp","href":"https:\/\/api.w.org\/{rel}","templated":true}]}}