{"id":55388,"date":"2021-03-17T05:43:01","date_gmt":"2021-03-17T05:43:01","guid":{"rendered":"https:\/\/primomoto.es\/bela-elanur-lady-veste-moto-noir-anthracite-rose\/"},"modified":"2022-01-19T15:33:51","modified_gmt":"2022-01-19T15:33:51","slug":"bela-elanur-lady-veste-moto-noir-anthracite-rose","status":"publish","type":"product","link":"https:\/\/primomoto.es\/fr\/bela-elanur-lady-veste-moto-noir-anthracite-rose\/","title":{"rendered":"Bela Elanur Lady Veste Moto Noir\/Anthracite\/Rose"},"content":{"rendered":"<h2><strong>Veste de moto pour femme &#8211; Bela Elanur Lady\u00a0Veste<\/strong><\/h2>\n<p><strong>La description:<\/strong><\/p>\n<ul>\n<li>Tissu polyester haute densit\u00e9 500D<\/li>\n<li>Tissu agr\u00e9able et doux au toucher au col<\/li>\n<li>Inserts int\u00e9rieurs en maille polyester<\/li>\n<li>Doublure thermique amovible<\/li>\n<li>Protections composites amovibles<\/li>\n<li>Remplissage de l&rsquo;\u00e9paule et du poing<\/li>\n<li>Poignet \u00e0 fermeture velcro<\/li>\n<li>Deux poches chauffe-mains<\/li>\n<li>\u00c9l\u00e9ments r\u00e9fl\u00e9chissants pour une visibilit\u00e9 nocturne<\/li>\n<li>ZIPPER: fermetures \u00e0 glissi\u00e8re de la meilleure qualit\u00e9 de marque MAX.<\/li>\n<\/ul>\n","protected":false},"excerpt":{"rendered":"<p>Veste de moto pour femme &#8211; Bela Elanur Lady\u00a0Veste La description: Tissu polyester haute densit\u00e9 500D Tissu agr\u00e9able et doux<\/p>\n","protected":false},"featured_media":31748,"template":"","meta":[],"product_brand":[],"product_cat":[1935,1933,1929,1906],"product_tag":[2630,2631],"class_list":{"0":"post-55388","1":"product","2":"type-product","3":"status-publish","4":"has-post-thumbnail","6":"product_cat-blouson-textile-femme","7":"product_cat-blousons-moto-femme","8":"product_cat-vestes-de-moto","9":"product_cat-vetements-de-moto","10":"product_tag-chaqueta-de-turismo-fr","11":"product_tag-veste-textile-femme","12":"pa_size-3xl-fr","13":"pa_size-l-fr","14":"pa_size-m-fr","15":"pa_size-s-fr","16":"pa_size-xl-fr","17":"pa_size-xs-fr","18":"pa_size-xxl-fr","19":"pa_size-xxs-fr","21":"first","22":"outofstock","23":"sale","24":"taxable","25":"shipping-taxable","26":"purchasable","27":"product-type-variable","28":"has-default-attributes"},"_links":{"self":[{"href":"https:\/\/primomoto.es\/fr\/wp-json\/wp\/v2\/product\/55388","targetHints":{"allow":["GET"]}}],"collection":[{"href":"https:\/\/primomoto.es\/fr\/wp-json\/wp\/v2\/product"}],"about":[{"href":"https:\/\/primomoto.es\/fr\/wp-json\/wp\/v2\/types\/product"}],"wp:featuredmedia":[{"embeddable":true,"href":"https:\/\/primomoto.es\/fr\/wp-json\/wp\/v2\/media\/31748"}],"wp:attachment":[{"href":"https:\/\/primomoto.es\/fr\/wp-json\/wp\/v2\/media?parent=55388"}],"wp:term":[{"taxonomy":"product_brand","embeddable":true,"href":"https:\/\/primomoto.es\/fr\/wp-json\/wp\/v2\/product_brand?post=55388"},{"taxonomy":"product_cat","embeddable":true,"href":"https:\/\/primomoto.es\/fr\/wp-json\/wp\/v2\/product_cat?post=55388"},{"taxonomy":"product_tag","embeddable":true,"href":"https:\/\/primomoto.es\/fr\/wp-json\/wp\/v2\/product_tag?post=55388"}],"curies":[{"name":"wp","href":"https:\/\/api.w.org\/{rel}","templated":true}]}}